{"id":12035,"date":"2016-09-12T13:12:06","date_gmt":"2016-09-12T16:12:06","guid":{"rendered":"http:\/\/200.69.245.11\/conectate\/?page_id=12035"},"modified":"2019-12-20T11:33:36","modified_gmt":"2019-12-20T14:33:36","slug":"buen-trato","status":"publish","type":"page","link":"https:\/\/uepc.org.ar\/conectate\/buen-trato\/","title":{"rendered":"Buentrato para ense\u00f1ar y aprender"},"content":{"rendered":"<p><img loading=\"lazy\" decoding=\"async\" class=\"  wp-image-11306 alignleft\" src=\"https:\/\/uepc.org.ar\/conectate\/wp-content\/uploads\/2015\/08\/Buen-trato_anuncio-300x129.jpg\" alt=\"Buen trato_anuncio\" width=\"325\" height=\"177\" \/>El Ministerio de Desarrollo Social de la Naci\u00f3n y UNICEF Argentina, con el apoyo de CTERA, durante el 2015\u00a0 comenzaron una campa\u00f1a para concientizar e involucrar a la ciudadan\u00eda en la promoci\u00f3n y cumplimiento de derechos para la infancia. En este marco, se viene proponiendo\u00a0 el\u00a0 trato\u00a0 respetuoso\u00a0 entre\u00a0 las personas y la inclusi\u00f3n de la palabra \u00abbuentrato\u00bb en el diccionario de la Real Academia Espa\u00f1ola.<\/p>\n<p>Desde UEPC adherimos a esta campa\u00f1a del \u201cBuentrato para ense\u00f1ar y aprender\u201d durante el 2015 y 2016. As\u00ed, estamos promoviendo una modalidad de relaci\u00f3n e interacci\u00f3n entre los actores escolares que parta del reconocimiento del otro como igual\u00a0 en<strong>\u00a0 derechos\u00a0 y\u00a0 posibilidades\u00a0 de aprendizaje y expresi\u00f3n<\/strong>. Es decir, en su valoraci\u00f3n y respeto como ser humano, en la confianza, el di\u00e1logo, el cuidado y la cooperaci\u00f3n en los procesos del ense\u00f1ar y aprender, sin desconocer que las relaciones pedag\u00f3gicas son asim\u00e9tricas, y la conflictividad es inherente a la vida colectiva de todo proceso formativo.<\/p>\n<p>Por lo tanto se ofrecen diversos talleres a escuelas de toda la provincia con el objetivo de <strong>reflexionar sobre la importancia del buentrato para ense\u00f1ar y aprender<\/strong>, <strong>compartir experiencias de buentrato y su incidencia en la formaci\u00f3n de los estudiantes e identificar, compartir y consensuar pr\u00e1cticas de buentrato en la escuela.<\/strong><\/p>\n<p>&nbsp;<\/p>\n<p><strong>Consideramos que la construcci\u00f3n de climas institucionales saludables contribuye a generar mejores condiciones para ense\u00f1ar y aprender, pero fundamentalmente, para garantizar los derechos educativos de nuestra infancia y juventud a una educaci\u00f3n democr\u00e1tica. <\/strong><\/p>\n<p><strong><a href=\"https:\/\/uepc.org.ar\/conectate\/wp-content\/uploads\/2015\/05\/Buentrato2final1.pdf\">Mir\u00e1 o descarg\u00e1 la cartilla de la campa\u00f1a haciendo click ac\u00e1<\/a><\/strong><\/p>\n","protected":false},"excerpt":{"rendered":"<p>El Ministerio de Desarrollo Social de la Naci\u00f3n y UNICEF Argentina, con el apoyo de CTERA, durante el 2015\u00a0 comenzaron una campa\u00f1a para concientizar e involucrar a la ciudadan\u00eda en la promoci\u00f3n y cumplimiento de derechos para la infancia. En este marco, se viene proponiendo\u00a0 el\u00a0 trato\u00a0 respetuoso\u00a0 entre\u00a0 las personas y la inclusi\u00f3n de [&hellip;]<\/p>\n<a class=\"read-more-link\" href=\" https:\/\/uepc.org.ar\/conectate\/buen-trato\/ \">Leer m\u00e1s<\/a>","protected":false},"author":17,"featured_media":11306,"parent":0,"menu_order":0,"comment_status":"closed","ping_status":"closed","template":"","meta":{"_acf_changed":false,"_coblocks_attr":"","_coblocks_dimensions":"","_coblocks_responsive_height":"","_coblocks_accordion_ie_support":"","_uag_custom_page_level_css":"","footnotes":""},"class_list":["post-12035","page","type-page","status-publish","has-post-thumbnail","hentry"],"acf":[],"yoast_head":"<!-- This site is optimized with the Yoast SEO plugin v26.8 - https:\/\/yoast.com\/product\/yoast-seo-wordpress\/ -->\n<title>Buentrato para ense\u00f1ar y aprender - conectate ICIEC-UEPC<\/title>\n<meta name=\"robots\" content=\"index, follow, max-snippet:-1, max-image-preview:large, max-video-preview:-1\" \/>\n<link rel=\"canonical\" href=\"https:\/\/uepc.org.ar\/conectate\/buen-trato\/\" \/>\n<meta property=\"og:locale\" content=\"es_ES\" \/>\n<meta property=\"og:type\" content=\"article\" \/>\n<meta property=\"og:title\" content=\"Buentrato para ense\u00f1ar y aprender - conectate ICIEC-UEPC\" \/>\n<meta property=\"og:description\" content=\"El Ministerio de Desarrollo Social de la Naci\u00f3n y UNICEF Argentina, con el apoyo de CTERA, durante el 2015\u00a0 comenzaron una campa\u00f1a para concientizar e involucrar a la ciudadan\u00eda en la promoci\u00f3n y cumplimiento de derechos para la infancia. En este marco, se viene proponiendo\u00a0 el\u00a0 trato\u00a0 respetuoso\u00a0 entre\u00a0 las personas y la inclusi\u00f3n de [&hellip;]\" \/>\n<meta property=\"og:url\" content=\"https:\/\/uepc.org.ar\/conectate\/buen-trato\/\" \/>\n<meta property=\"og:site_name\" content=\"conectate ICIEC-UEPC\" \/>\n<meta property=\"article:publisher\" content=\"https:\/\/www.facebook.com\/conectate.uepc\" \/>\n<meta property=\"article:modified_time\" content=\"2019-12-20T14:33:36+00:00\" \/>\n<meta property=\"og:image\" content=\"https:\/\/uepc.org.ar\/conectate\/wp-content\/uploads\/2015\/08\/Buen-trato_anuncio.jpg\" \/>\n\t<meta property=\"og:image:width\" content=\"815\" \/>\n\t<meta property=\"og:image:height\" content=\"350\" \/>\n\t<meta property=\"og:image:type\" content=\"image\/jpeg\" \/>\n<meta name=\"twitter:card\" content=\"summary_large_image\" \/>\n<meta name=\"twitter:site\" content=\"@ConectateUEPC\" \/>\n<meta name=\"twitter:label1\" content=\"Tiempo de lectura\" \/>\n\t<meta name=\"twitter:data1\" content=\"1 minuto\" \/>\n<script type=\"application\/ld+json\" class=\"yoast-schema-graph\">{\"@context\":\"https:\/\/schema.org\",\"@graph\":[{\"@type\":\"WebPage\",\"@id\":\"https:\/\/uepc.org.ar\/conectate\/buen-trato\/\",\"url\":\"https:\/\/uepc.org.ar\/conectate\/buen-trato\/\",\"name\":\"Buentrato para ense\u00f1ar y aprender - conectate ICIEC-UEPC\",\"isPartOf\":{\"@id\":\"https:\/\/uepc.org.ar\/conectate\/#website\"},\"primaryImageOfPage\":{\"@id\":\"https:\/\/uepc.org.ar\/conectate\/buen-trato\/#primaryimage\"},\"image\":{\"@id\":\"https:\/\/uepc.org.ar\/conectate\/buen-trato\/#primaryimage\"},\"thumbnailUrl\":\"https:\/\/uepc.org.ar\/conectate\/wp-content\/uploads\/2015\/08\/Buen-trato_anuncio.jpg\",\"datePublished\":\"2016-09-12T16:12:06+00:00\",\"dateModified\":\"2019-12-20T14:33:36+00:00\",\"breadcrumb\":{\"@id\":\"https:\/\/uepc.org.ar\/conectate\/buen-trato\/#breadcrumb\"},\"inLanguage\":\"es\",\"potentialAction\":[{\"@type\":\"ReadAction\",\"target\":[\"https:\/\/uepc.org.ar\/conectate\/buen-trato\/\"]}]},{\"@type\":\"ImageObject\",\"inLanguage\":\"es\",\"@id\":\"https:\/\/uepc.org.ar\/conectate\/buen-trato\/#primaryimage\",\"url\":\"https:\/\/uepc.org.ar\/conectate\/wp-content\/uploads\/2015\/08\/Buen-trato_anuncio.jpg\",\"contentUrl\":\"https:\/\/uepc.org.ar\/conectate\/wp-content\/uploads\/2015\/08\/Buen-trato_anuncio.jpg\",\"width\":815,\"height\":350},{\"@type\":\"BreadcrumbList\",\"@id\":\"https:\/\/uepc.org.ar\/conectate\/buen-trato\/#breadcrumb\",\"itemListElement\":[{\"@type\":\"ListItem\",\"position\":1,\"name\":\"Home\",\"item\":\"https:\/\/uepc.org.ar\/conectate\/\"},{\"@type\":\"ListItem\",\"position\":2,\"name\":\"Buentrato para ense\u00f1ar y aprender\"}]},{\"@type\":\"WebSite\",\"@id\":\"https:\/\/uepc.org.ar\/conectate\/#website\",\"url\":\"https:\/\/uepc.org.ar\/conectate\/\",\"name\":\"conectate ICIEC-UEPC\",\"description\":\"conectate a la pasi\u00f3n de educar\",\"publisher\":{\"@id\":\"https:\/\/uepc.org.ar\/conectate\/#organization\"},\"potentialAction\":[{\"@type\":\"SearchAction\",\"target\":{\"@type\":\"EntryPoint\",\"urlTemplate\":\"https:\/\/uepc.org.ar\/conectate\/?s={search_term_string}\"},\"query-input\":{\"@type\":\"PropertyValueSpecification\",\"valueRequired\":true,\"valueName\":\"search_term_string\"}}],\"inLanguage\":\"es\"},{\"@type\":\"Organization\",\"@id\":\"https:\/\/uepc.org.ar\/conectate\/#organization\",\"name\":\"conectate UEPC\",\"url\":\"https:\/\/uepc.org.ar\/conectate\/\",\"logo\":{\"@type\":\"ImageObject\",\"inLanguage\":\"es\",\"@id\":\"https:\/\/uepc.org.ar\/conectate\/#\/schema\/logo\/image\/\",\"url\":\"http:\/\/uepc.org.ar\/conectate\/wp-content\/uploads\/2019\/08\/lg-iciecx2.png\",\"contentUrl\":\"http:\/\/uepc.org.ar\/conectate\/wp-content\/uploads\/2019\/08\/lg-iciecx2.png\",\"width\":600,\"height\":266,\"caption\":\"conectate UEPC\"},\"image\":{\"@id\":\"https:\/\/uepc.org.ar\/conectate\/#\/schema\/logo\/image\/\"},\"sameAs\":[\"https:\/\/www.facebook.com\/conectate.uepc\",\"https:\/\/x.com\/ConectateUEPC\",\"https:\/\/www.instagram.com\/conectateuepc\/\",\"https:\/\/www.youtube.com\/channel\/UC_gvxulloCni4YDXzFRZ_qQ\"]}]}<\/script>\n<!-- \/ Yoast SEO plugin. -->","yoast_head_json":{"title":"Buentrato para ense\u00f1ar y aprender - conectate ICIEC-UEPC","robots":{"index":"index","follow":"follow","max-snippet":"max-snippet:-1","max-image-preview":"max-image-preview:large","max-video-preview":"max-video-preview:-1"},"canonical":"https:\/\/uepc.org.ar\/conectate\/buen-trato\/","og_locale":"es_ES","og_type":"article","og_title":"Buentrato para ense\u00f1ar y aprender - conectate ICIEC-UEPC","og_description":"El Ministerio de Desarrollo Social de la Naci\u00f3n y UNICEF Argentina, con el apoyo de CTERA, durante el 2015\u00a0 comenzaron una campa\u00f1a para concientizar e involucrar a la ciudadan\u00eda en la promoci\u00f3n y cumplimiento de derechos para la infancia. En este marco, se viene proponiendo\u00a0 el\u00a0 trato\u00a0 respetuoso\u00a0 entre\u00a0 las personas y la inclusi\u00f3n de [&hellip;]","og_url":"https:\/\/uepc.org.ar\/conectate\/buen-trato\/","og_site_name":"conectate ICIEC-UEPC","article_publisher":"https:\/\/www.facebook.com\/conectate.uepc","article_modified_time":"2019-12-20T14:33:36+00:00","og_image":[{"width":815,"height":350,"url":"https:\/\/uepc.org.ar\/conectate\/wp-content\/uploads\/2015\/08\/Buen-trato_anuncio.jpg","type":"image\/jpeg"}],"twitter_card":"summary_large_image","twitter_site":"@ConectateUEPC","twitter_misc":{"Tiempo de lectura":"1 minuto"},"schema":{"@context":"https:\/\/schema.org","@graph":[{"@type":"WebPage","@id":"https:\/\/uepc.org.ar\/conectate\/buen-trato\/","url":"https:\/\/uepc.org.ar\/conectate\/buen-trato\/","name":"Buentrato para ense\u00f1ar y aprender - conectate ICIEC-UEPC","isPartOf":{"@id":"https:\/\/uepc.org.ar\/conectate\/#website"},"primaryImageOfPage":{"@id":"https:\/\/uepc.org.ar\/conectate\/buen-trato\/#primaryimage"},"image":{"@id":"https:\/\/uepc.org.ar\/conectate\/buen-trato\/#primaryimage"},"thumbnailUrl":"https:\/\/uepc.org.ar\/conectate\/wp-content\/uploads\/2015\/08\/Buen-trato_anuncio.jpg","datePublished":"2016-09-12T16:12:06+00:00","dateModified":"2019-12-20T14:33:36+00:00","breadcrumb":{"@id":"https:\/\/uepc.org.ar\/conectate\/buen-trato\/#breadcrumb"},"inLanguage":"es","potentialAction":[{"@type":"ReadAction","target":["https:\/\/uepc.org.ar\/conectate\/buen-trato\/"]}]},{"@type":"ImageObject","inLanguage":"es","@id":"https:\/\/uepc.org.ar\/conectate\/buen-trato\/#primaryimage","url":"https:\/\/uepc.org.ar\/conectate\/wp-content\/uploads\/2015\/08\/Buen-trato_anuncio.jpg","contentUrl":"https:\/\/uepc.org.ar\/conectate\/wp-content\/uploads\/2015\/08\/Buen-trato_anuncio.jpg","width":815,"height":350},{"@type":"BreadcrumbList","@id":"https:\/\/uepc.org.ar\/conectate\/buen-trato\/#breadcrumb","itemListElement":[{"@type":"ListItem","position":1,"name":"Home","item":"https:\/\/uepc.org.ar\/conectate\/"},{"@type":"ListItem","position":2,"name":"Buentrato para ense\u00f1ar y aprender"}]},{"@type":"WebSite","@id":"https:\/\/uepc.org.ar\/conectate\/#website","url":"https:\/\/uepc.org.ar\/conectate\/","name":"conectate ICIEC-UEPC","description":"conectate a la pasi\u00f3n de educar","publisher":{"@id":"https:\/\/uepc.org.ar\/conectate\/#organization"},"potentialAction":[{"@type":"SearchAction","target":{"@type":"EntryPoint","urlTemplate":"https:\/\/uepc.org.ar\/conectate\/?s={search_term_string}"},"query-input":{"@type":"PropertyValueSpecification","valueRequired":true,"valueName":"search_term_string"}}],"inLanguage":"es"},{"@type":"Organization","@id":"https:\/\/uepc.org.ar\/conectate\/#organization","name":"conectate UEPC","url":"https:\/\/uepc.org.ar\/conectate\/","logo":{"@type":"ImageObject","inLanguage":"es","@id":"https:\/\/uepc.org.ar\/conectate\/#\/schema\/logo\/image\/","url":"http:\/\/uepc.org.ar\/conectate\/wp-content\/uploads\/2019\/08\/lg-iciecx2.png","contentUrl":"http:\/\/uepc.org.ar\/conectate\/wp-content\/uploads\/2019\/08\/lg-iciecx2.png","width":600,"height":266,"caption":"conectate UEPC"},"image":{"@id":"https:\/\/uepc.org.ar\/conectate\/#\/schema\/logo\/image\/"},"sameAs":["https:\/\/www.facebook.com\/conectate.uepc","https:\/\/x.com\/ConectateUEPC","https:\/\/www.instagram.com\/conectateuepc\/","https:\/\/www.youtube.com\/channel\/UC_gvxulloCni4YDXzFRZ_qQ"]}]}},"uagb_featured_image_src":{"full":["https:\/\/uepc.org.ar\/conectate\/wp-content\/uploads\/2015\/08\/Buen-trato_anuncio.jpg",815,350,false],"thumbnail":["https:\/\/uepc.org.ar\/conectate\/wp-content\/uploads\/2015\/08\/Buen-trato_anuncio-150x150.jpg",150,150,true],"medium":["https:\/\/uepc.org.ar\/conectate\/wp-content\/uploads\/2015\/08\/Buen-trato_anuncio-300x129.jpg",300,129,true],"medium_large":["https:\/\/uepc.org.ar\/conectate\/wp-content\/uploads\/2015\/08\/Buen-trato_anuncio.jpg",768,330,false],"large":["https:\/\/uepc.org.ar\/conectate\/wp-content\/uploads\/2015\/08\/Buen-trato_anuncio.jpg",815,350,false],"1536x1536":["https:\/\/uepc.org.ar\/conectate\/wp-content\/uploads\/2015\/08\/Buen-trato_anuncio.jpg",815,350,false],"2048x2048":["https:\/\/uepc.org.ar\/conectate\/wp-content\/uploads\/2015\/08\/Buen-trato_anuncio.jpg",815,350,false],"post-thumbnail":["https:\/\/uepc.org.ar\/conectate\/wp-content\/uploads\/2015\/08\/Buen-trato_anuncio.jpg",150,64,false],"destacada":["https:\/\/uepc.org.ar\/conectate\/wp-content\/uploads\/2015\/08\/Buen-trato_anuncio.jpg",815,350,false],"eris-archive-image":["https:\/\/uepc.org.ar\/conectate\/wp-content\/uploads\/2015\/08\/Buen-trato_anuncio.jpg",815,350,false],"eris-archive-image-portrait":["https:\/\/uepc.org.ar\/conectate\/wp-content\/uploads\/2015\/08\/Buen-trato_anuncio.jpg",550,236,false],"eris-search-image":["https:\/\/uepc.org.ar\/conectate\/wp-content\/uploads\/2015\/08\/Buen-trato_anuncio.jpg",160,69,false]},"uagb_author_info":{"display_name":"Conectate","author_link":"https:\/\/uepc.org.ar\/conectate\/author\/conectate\/"},"uagb_comment_info":0,"uagb_excerpt":"El Ministerio de Desarrollo Social de la Naci\u00f3n y UNICEF Argentina, con el apoyo de CTERA, durante el 2015\u00a0 comenzaron una campa\u00f1a para concientizar e involucrar a la ciudadan\u00eda en la promoci\u00f3n y cumplimiento de derechos para la infancia. En este marco, se viene proponiendo\u00a0 el\u00a0 trato\u00a0 respetuoso\u00a0 entre\u00a0 las personas y la inclusi\u00f3n de&hellip;","_links":{"self":[{"href":"https:\/\/uepc.org.ar\/conectate\/wp-json\/wp\/v2\/pages\/12035","targetHints":{"allow":["GET"]}}],"collection":[{"href":"https:\/\/uepc.org.ar\/conectate\/wp-json\/wp\/v2\/pages"}],"about":[{"href":"https:\/\/uepc.org.ar\/conectate\/wp-json\/wp\/v2\/types\/page"}],"author":[{"embeddable":true,"href":"https:\/\/uepc.org.ar\/conectate\/wp-json\/wp\/v2\/users\/17"}],"replies":[{"embeddable":true,"href":"https:\/\/uepc.org.ar\/conectate\/wp-json\/wp\/v2\/comments?post=12035"}],"version-history":[{"count":9,"href":"https:\/\/uepc.org.ar\/conectate\/wp-json\/wp\/v2\/pages\/12035\/revisions"}],"predecessor-version":[{"id":12101,"href":"https:\/\/uepc.org.ar\/conectate\/wp-json\/wp\/v2\/pages\/12035\/revisions\/12101"}],"wp:featuredmedia":[{"embeddable":true,"href":"https:\/\/uepc.org.ar\/conectate\/wp-json\/wp\/v2\/media\/11306"}],"wp:attachment":[{"href":"https:\/\/uepc.org.ar\/conectate\/wp-json\/wp\/v2\/media?parent=12035"}],"curies":[{"name":"wp","href":"https:\/\/api.w.org\/{rel}","templated":true}]}}