{"id":17802,"date":"2019-08-12T13:20:28","date_gmt":"2019-08-12T16:20:28","guid":{"rendered":"http:\/\/200.69.245.11\/conectate\/?page_id=17802"},"modified":"2025-10-06T13:35:13","modified_gmt":"2025-10-06T16:35:13","slug":"cuadernos-para-la-accion","status":"publish","type":"page","link":"https:\/\/uepc.org.ar\/conectate\/cuadernos-para-la-accion\/","title":{"rendered":"Cuadernos para la Acci\u00f3n"},"content":{"rendered":"\n<div class=\"wp-block-coblocks-hero alignfull coblocks-hero-7211647859\"><div class=\"wp-block-coblocks-hero__inner has-azul-background-color has-background has-parallax has-background-overlay bg-cover has-background-image bg-no-repeat bg-center-center hero-center-center-align has-padding has-huge-padding has-azul-background-color has-center-content\" style=\"background-image:url(https:\/\/uepc.org.ar\/conectate\/wp-content\/uploads\/2019\/08\/cuandernos_para-la-accion.svg);min-height:300px\"><div class=\"wp-block-coblocks-hero__content-wrapper\"><div class=\"wp-block-coblocks-hero__content\" style=\"max-width:879px\">\n<h4 class=\"wp-block-heading has-text-color\" style=\"color:#ffffff\">Esta serie contiene documentos y sistematizaciones de procesos de acompa\u00f1amiento situados en escuelas y zonas de inspecci\u00f3n, as\u00ed como propuestas para el abordaje de estrategias institucionales sobre&nbsp; diferentes problem\u00e1ticas espec\u00edficas de niveles.<\/h4>\n<\/div><\/div><\/div><\/div>\n\n\n\n<div style=\"height:60px\" aria-hidden=\"true\" class=\"wp-block-spacer\"><\/div>\n\n\n\n\t\t\t<div class=\"wp-block-uagb-post-grid uagb-post-grid  uagb-post__image-position-top uagb-post__image-enabled uagb-block-7a897fed     uagb-post__items uagb-post__columns-2 is-grid uagb-post__columns-tablet-2 uagb-post__columns-mobile-1 uagb-post__equal-height\" data-total=\"1\" style=\"\">\n\n\t\t\t\t\t\t\t\t\t\t\t\t<article class=\"uagb-post__inner-wrap\">\t\t\t\t\t\t\t\t<div class='uagb-post__image'>\n\t\t\t\t\t\t\t\t\t<a href=\"https:\/\/uepc.org.ar\/conectate\/familias-y-escuelas-en-contexto-reflexiones-compartidas-en-clave-de-accion\/\" target=\"_self\" rel=\"bookmark noopener noreferrer\" class='uagb-image-ratio-inherit'><img loading=\"lazy\" decoding=\"async\" width=\"768\" height=\"432\" src=\"https:\/\/uepc.org.ar\/conectate\/wp-content\/uploads\/2019\/11\/flyer-fondo-familia-1366-768x432.jpg\" class=\"attachment-medium_large size-medium_large\" alt=\"\" srcset=\"https:\/\/uepc.org.ar\/conectate\/wp-content\/uploads\/2019\/11\/flyer-fondo-familia-1366-768x432.jpg 768w, https:\/\/uepc.org.ar\/conectate\/wp-content\/uploads\/2019\/11\/flyer-fondo-familia-1366-468x263.jpg 468w, https:\/\/uepc.org.ar\/conectate\/wp-content\/uploads\/2019\/11\/flyer-fondo-familia-1366-1024x576.jpg 1024w, https:\/\/uepc.org.ar\/conectate\/wp-content\/uploads\/2019\/11\/flyer-fondo-familia-1366-550x309.jpg 550w, https:\/\/uepc.org.ar\/conectate\/wp-content\/uploads\/2019\/11\/flyer-fondo-familia-1366-160x90.jpg 160w, https:\/\/uepc.org.ar\/conectate\/wp-content\/uploads\/2019\/11\/flyer-fondo-familia-1366.jpg 1366w\" sizes=\"auto, (max-width: 768px) 100vw, 768px\" \/>\t\t\t\t\t<\/a>\n\t\t\t\t\t\t\t<\/div>\n\t\t\t\t\t\t<h5 class=\"uagb-post__title uagb-post__text\">\n\t\t\t\t<a href=\"https:\/\/uepc.org.ar\/conectate\/familias-y-escuelas-en-contexto-reflexiones-compartidas-en-clave-de-accion\/\" target=\"_self\" rel=\"bookmark noopener noreferrer\">Familias y Escuelas en contexto. Reflexiones compartidas en clave de acci\u00f3n<\/a>\n\t\t\t<\/h5>\n\t\t\t\t\t\t<div class='uagb-post__text uagb-post-grid-byline'>\n\t\t\t\t\t\t\t<\/div>\n\t\t\t\n\t\t\t\t\t\t\t\t\t<\/article>\n\t\t\t\t\t\t\t\t\t\t\t\t\t\t\t\t<article class=\"uagb-post__inner-wrap\">\t\t\t\t\t\t\t\t<div class='uagb-post__image'>\n\t\t\t\t\t\t\t\t\t<a href=\"https:\/\/uepc.org.ar\/conectate\/mejores-condiciones-para-ensenar-y-aprender\/\" target=\"_self\" rel=\"bookmark noopener noreferrer\" class='uagb-image-ratio-inherit'><img loading=\"lazy\" decoding=\"async\" width=\"768\" height=\"775\" src=\"https:\/\/uepc.org.ar\/conectate\/wp-content\/uploads\/2017\/10\/Cuaderno-SituacionesConflictivas-Tapa.jpg\" class=\"attachment-medium_large size-medium_large\" alt=\"\" srcset=\"https:\/\/uepc.org.ar\/conectate\/wp-content\/uploads\/2017\/10\/Cuaderno-SituacionesConflictivas-Tapa.jpg 2496w, https:\/\/uepc.org.ar\/conectate\/wp-content\/uploads\/2017\/10\/Cuaderno-SituacionesConflictivas-Tapa-150x150.jpg 150w, https:\/\/uepc.org.ar\/conectate\/wp-content\/uploads\/2017\/10\/Cuaderno-SituacionesConflictivas-Tapa-297x300.jpg 297w, https:\/\/uepc.org.ar\/conectate\/wp-content\/uploads\/2017\/10\/Cuaderno-SituacionesConflictivas-Tapa-1015x1024.jpg 1015w, https:\/\/uepc.org.ar\/conectate\/wp-content\/uploads\/2017\/10\/Cuaderno-SituacionesConflictivas-Tapa-37x37.jpg 37w, https:\/\/uepc.org.ar\/conectate\/wp-content\/uploads\/2017\/10\/Cuaderno-SituacionesConflictivas-Tapa-128x128.jpg 128w, https:\/\/uepc.org.ar\/conectate\/wp-content\/uploads\/2017\/10\/Cuaderno-SituacionesConflictivas-Tapa-45x45.jpg 45w, https:\/\/uepc.org.ar\/conectate\/wp-content\/uploads\/2017\/10\/Cuaderno-SituacionesConflictivas-Tapa-400x404.jpg 400w\" sizes=\"auto, (max-width: 768px) 100vw, 768px\" \/>\t\t\t\t\t<\/a>\n\t\t\t\t\t\t\t<\/div>\n\t\t\t\t\t\t<h5 class=\"uagb-post__title uagb-post__text\">\n\t\t\t\t<a href=\"https:\/\/uepc.org.ar\/conectate\/mejores-condiciones-para-ensenar-y-aprender\/\" target=\"_self\" rel=\"bookmark noopener noreferrer\">Estrategias pedag\u00f3gico-institucionales para abordar situaciones conflictivas en la escuela<\/a>\n\t\t\t<\/h5>\n\t\t\t\t\t\t<div class='uagb-post__text uagb-post-grid-byline'>\n\t\t\t\t\t\t\t<\/div>\n\t\t\t\n\t\t\t\t\t\t\t\t\t<\/article>\n\t\t\t\t\t\t\t\t\t\t\t\t\t\t\t\t<article class=\"uagb-post__inner-wrap\">\t\t\t\t\t\t\t\t<div class='uagb-post__image'>\n\t\t\t\t\t\t\t\t\t<a href=\"https:\/\/uepc.org.ar\/conectate\/extension-de-la-jornada-escolar-en-las-escuelas-primarias-cordobesas-nuevos-sentidos-nuevos-desafios\/\" target=\"_self\" rel=\"bookmark noopener noreferrer\" class='uagb-image-ratio-inherit'><img loading=\"lazy\" decoding=\"async\" width=\"768\" height=\"769\" src=\"https:\/\/uepc.org.ar\/conectate\/wp-content\/uploads\/2016\/10\/tapa-martino.jpg\" class=\"attachment-medium_large size-medium_large\" alt=\"\" srcset=\"https:\/\/uepc.org.ar\/conectate\/wp-content\/uploads\/2016\/10\/tapa-martino.jpg 1000w, https:\/\/uepc.org.ar\/conectate\/wp-content\/uploads\/2016\/10\/tapa-martino-150x150.jpg 150w, https:\/\/uepc.org.ar\/conectate\/wp-content\/uploads\/2016\/10\/tapa-martino-300x300.jpg 300w, https:\/\/uepc.org.ar\/conectate\/wp-content\/uploads\/2016\/10\/tapa-martino-37x37.jpg 37w, https:\/\/uepc.org.ar\/conectate\/wp-content\/uploads\/2016\/10\/tapa-martino-128x128.jpg 128w, https:\/\/uepc.org.ar\/conectate\/wp-content\/uploads\/2016\/10\/tapa-martino-184x184.jpg 184w, https:\/\/uepc.org.ar\/conectate\/wp-content\/uploads\/2016\/10\/tapa-martino-45x45.jpg 45w, https:\/\/uepc.org.ar\/conectate\/wp-content\/uploads\/2016\/10\/tapa-martino-200x200.jpg 200w, https:\/\/uepc.org.ar\/conectate\/wp-content\/uploads\/2016\/10\/tapa-martino-400x400.jpg 400w\" sizes=\"auto, (max-width: 768px) 100vw, 768px\" \/>\t\t\t\t\t<\/a>\n\t\t\t\t\t\t\t<\/div>\n\t\t\t\t\t\t<h5 class=\"uagb-post__title uagb-post__text\">\n\t\t\t\t<a href=\"https:\/\/uepc.org.ar\/conectate\/extension-de-la-jornada-escolar-en-las-escuelas-primarias-cordobesas-nuevos-sentidos-nuevos-desafios\/\" target=\"_self\" rel=\"bookmark noopener noreferrer\">Extensi\u00f3n de la jornada escolar en las escuelas primarias cordobesas: nuevos sentidos, nuevos desafios<\/a>\n\t\t\t<\/h5>\n\t\t\t\t\t\t<div class='uagb-post__text uagb-post-grid-byline'>\n\t\t\t\t\t\t\t<\/div>\n\t\t\t\n\t\t\t\t\t\t\t\t\t<\/article>\n\t\t\t\t\t\t\t\t\t\t\t\t\t\t\t\t<article class=\"uagb-post__inner-wrap\">\t\t\t\t\t\t\t\t<div class='uagb-post__image'>\n\t\t\t\t\t\t\t\t\t<a href=\"https:\/\/uepc.org.ar\/conectate\/la-jornada-extendida-en-escuelas-del-sudeste-cordobes\/\" target=\"_self\" rel=\"bookmark noopener noreferrer\" class='uagb-image-ratio-inherit'><img loading=\"lazy\" decoding=\"async\" width=\"768\" height=\"769\" src=\"https:\/\/uepc.org.ar\/conectate\/wp-content\/uploads\/2016\/10\/tapa-Vallejo.jpg\" class=\"attachment-medium_large size-medium_large\" alt=\"\" srcset=\"https:\/\/uepc.org.ar\/conectate\/wp-content\/uploads\/2016\/10\/tapa-Vallejo.jpg 1000w, https:\/\/uepc.org.ar\/conectate\/wp-content\/uploads\/2016\/10\/tapa-Vallejo-150x150.jpg 150w, https:\/\/uepc.org.ar\/conectate\/wp-content\/uploads\/2016\/10\/tapa-Vallejo-300x300.jpg 300w, https:\/\/uepc.org.ar\/conectate\/wp-content\/uploads\/2016\/10\/tapa-Vallejo-37x37.jpg 37w, https:\/\/uepc.org.ar\/conectate\/wp-content\/uploads\/2016\/10\/tapa-Vallejo-128x128.jpg 128w, https:\/\/uepc.org.ar\/conectate\/wp-content\/uploads\/2016\/10\/tapa-Vallejo-184x184.jpg 184w, https:\/\/uepc.org.ar\/conectate\/wp-content\/uploads\/2016\/10\/tapa-Vallejo-45x45.jpg 45w, https:\/\/uepc.org.ar\/conectate\/wp-content\/uploads\/2016\/10\/tapa-Vallejo-200x200.jpg 200w, https:\/\/uepc.org.ar\/conectate\/wp-content\/uploads\/2016\/10\/tapa-Vallejo-400x400.jpg 400w\" sizes=\"auto, (max-width: 768px) 100vw, 768px\" \/>\t\t\t\t\t<\/a>\n\t\t\t\t\t\t\t<\/div>\n\t\t\t\t\t\t<h5 class=\"uagb-post__title uagb-post__text\">\n\t\t\t\t<a href=\"https:\/\/uepc.org.ar\/conectate\/la-jornada-extendida-en-escuelas-del-sudeste-cordobes\/\" target=\"_self\" rel=\"bookmark noopener noreferrer\">La Jornada Extendida en escuelas del sudeste cordob\u00e9s<\/a>\n\t\t\t<\/h5>\n\t\t\t\t\t\t<div class='uagb-post__text uagb-post-grid-byline'>\n\t\t\t\t\t\t\t<\/div>\n\t\t\t\n\t\t\t\t\t\t\t\t\t<\/article>\n\t\t\t\t\t\t\t\t\t\t\t\t\t\t\t\t<article class=\"uagb-post__inner-wrap\">\t\t\t\t\t\t\t\t<div class='uagb-post__image'>\n\t\t\t\t\t\t\t\t\t<a href=\"https:\/\/uepc.org.ar\/conectate\/los-conflictos-en-la-escuela-una-perspectiva-para-su-comprension-y-abordaje-publicacion\/\" target=\"_self\" rel=\"bookmark noopener noreferrer\" class='uagb-image-ratio-inherit'><img loading=\"lazy\" decoding=\"async\" width=\"768\" height=\"579\" src=\"https:\/\/uepc.org.ar\/conectate\/wp-content\/uploads\/2016\/09\/tapa-conflictos.jpg\" class=\"attachment-medium_large size-medium_large\" alt=\"\" srcset=\"https:\/\/uepc.org.ar\/conectate\/wp-content\/uploads\/2016\/09\/tapa-conflictos.jpg 949w, https:\/\/uepc.org.ar\/conectate\/wp-content\/uploads\/2016\/09\/tapa-conflictos-300x226.jpg 300w, https:\/\/uepc.org.ar\/conectate\/wp-content\/uploads\/2016\/09\/tapa-conflictos-400x302.jpg 400w\" sizes=\"auto, (max-width: 768px) 100vw, 768px\" \/>\t\t\t\t\t<\/a>\n\t\t\t\t\t\t\t<\/div>\n\t\t\t\t\t\t<h5 class=\"uagb-post__title uagb-post__text\">\n\t\t\t\t<a href=\"https:\/\/uepc.org.ar\/conectate\/los-conflictos-en-la-escuela-una-perspectiva-para-su-comprension-y-abordaje-publicacion\/\" target=\"_self\" rel=\"bookmark noopener noreferrer\">Los conflictos en la escuela. Una perspectiva para su comprensi\u00f3n y abordaje | publicaci\u00f3n<\/a>\n\t\t\t<\/h5>\n\t\t\t\t\t\t<div class='uagb-post__text uagb-post-grid-byline'>\n\t\t\t\t\t\t\t<\/div>\n\t\t\t\n\t\t\t\t\t\t\t\t\t<\/article>\n\t\t\t\t\t\t\t\t\t\t\t<\/div>\n\t\t\t","protected":false},"excerpt":{"rendered":"<a class=\"read-more-link\" href=\" https:\/\/uepc.org.ar\/conectate\/cuadernos-para-la-accion\/ \">Leer m\u00e1s<\/a>","protected":false},"author":17,"featured_media":0,"parent":0,"menu_order":0,"comment_status":"closed","ping_status":"closed","template":"","meta":{"_acf_changed":false,"_coblocks_attr":"","_coblocks_dimensions":"{\"coblocks-hero-7211647859\":{\"padding\":{}}}","_coblocks_responsive_height":"","_coblocks_accordion_ie_support":"","_uag_custom_page_level_css":"","footnotes":""},"class_list":["post-17802","page","type-page","status-publish","hentry"],"acf":[],"yoast_head":"<!-- This site is optimized with the Yoast SEO plugin v26.8 - https:\/\/yoast.com\/product\/yoast-seo-wordpress\/ -->\n<title>Cuadernos para la Acci\u00f3n - conectate ICIEC-UEPC<\/title>\n<meta name=\"robots\" content=\"index, follow, max-snippet:-1, max-image-preview:large, max-video-preview:-1\" \/>\n<link rel=\"canonical\" href=\"https:\/\/uepc.org.ar\/conectate\/cuadernos-para-la-accion\/\" \/>\n<meta property=\"og:locale\" content=\"es_ES\" \/>\n<meta property=\"og:type\" content=\"article\" \/>\n<meta property=\"og:title\" content=\"Cuadernos para la Acci\u00f3n - conectate ICIEC-UEPC\" \/>\n<meta property=\"og:url\" content=\"https:\/\/uepc.org.ar\/conectate\/cuadernos-para-la-accion\/\" \/>\n<meta property=\"og:site_name\" content=\"conectate ICIEC-UEPC\" \/>\n<meta property=\"article:publisher\" content=\"https:\/\/www.facebook.com\/conectate.uepc\" \/>\n<meta property=\"article:modified_time\" content=\"2025-10-06T16:35:13+00:00\" \/>\n<meta name=\"twitter:card\" content=\"summary_large_image\" \/>\n<meta name=\"twitter:site\" content=\"@ConectateUEPC\" \/>\n<meta name=\"twitter:label1\" content=\"Tiempo de lectura\" \/>\n\t<meta name=\"twitter:data1\" content=\"1 minuto\" \/>\n<script type=\"application\/ld+json\" class=\"yoast-schema-graph\">{\"@context\":\"https:\/\/schema.org\",\"@graph\":[{\"@type\":\"WebPage\",\"@id\":\"https:\/\/uepc.org.ar\/conectate\/cuadernos-para-la-accion\/\",\"url\":\"https:\/\/uepc.org.ar\/conectate\/cuadernos-para-la-accion\/\",\"name\":\"Cuadernos para la Acci\u00f3n - conectate ICIEC-UEPC\",\"isPartOf\":{\"@id\":\"https:\/\/uepc.org.ar\/conectate\/#website\"},\"datePublished\":\"2019-08-12T16:20:28+00:00\",\"dateModified\":\"2025-10-06T16:35:13+00:00\",\"breadcrumb\":{\"@id\":\"https:\/\/uepc.org.ar\/conectate\/cuadernos-para-la-accion\/#breadcrumb\"},\"inLanguage\":\"es\",\"potentialAction\":[{\"@type\":\"ReadAction\",\"target\":[\"https:\/\/uepc.org.ar\/conectate\/cuadernos-para-la-accion\/\"]}]},{\"@type\":\"BreadcrumbList\",\"@id\":\"https:\/\/uepc.org.ar\/conectate\/cuadernos-para-la-accion\/#breadcrumb\",\"itemListElement\":[{\"@type\":\"ListItem\",\"position\":1,\"name\":\"Home\",\"item\":\"https:\/\/uepc.org.ar\/conectate\/\"},{\"@type\":\"ListItem\",\"position\":2,\"name\":\"Cuadernos para la Acci\u00f3n\"}]},{\"@type\":\"WebSite\",\"@id\":\"https:\/\/uepc.org.ar\/conectate\/#website\",\"url\":\"https:\/\/uepc.org.ar\/conectate\/\",\"name\":\"conectate ICIEC-UEPC\",\"description\":\"conectate a la pasi\u00f3n de educar\",\"publisher\":{\"@id\":\"https:\/\/uepc.org.ar\/conectate\/#organization\"},\"potentialAction\":[{\"@type\":\"SearchAction\",\"target\":{\"@type\":\"EntryPoint\",\"urlTemplate\":\"https:\/\/uepc.org.ar\/conectate\/?s={search_term_string}\"},\"query-input\":{\"@type\":\"PropertyValueSpecification\",\"valueRequired\":true,\"valueName\":\"search_term_string\"}}],\"inLanguage\":\"es\"},{\"@type\":\"Organization\",\"@id\":\"https:\/\/uepc.org.ar\/conectate\/#organization\",\"name\":\"conectate UEPC\",\"url\":\"https:\/\/uepc.org.ar\/conectate\/\",\"logo\":{\"@type\":\"ImageObject\",\"inLanguage\":\"es\",\"@id\":\"https:\/\/uepc.org.ar\/conectate\/#\/schema\/logo\/image\/\",\"url\":\"http:\/\/uepc.org.ar\/conectate\/wp-content\/uploads\/2019\/08\/lg-iciecx2.png\",\"contentUrl\":\"http:\/\/uepc.org.ar\/conectate\/wp-content\/uploads\/2019\/08\/lg-iciecx2.png\",\"width\":600,\"height\":266,\"caption\":\"conectate UEPC\"},\"image\":{\"@id\":\"https:\/\/uepc.org.ar\/conectate\/#\/schema\/logo\/image\/\"},\"sameAs\":[\"https:\/\/www.facebook.com\/conectate.uepc\",\"https:\/\/x.com\/ConectateUEPC\",\"https:\/\/www.instagram.com\/conectateuepc\/\",\"https:\/\/www.youtube.com\/channel\/UC_gvxulloCni4YDXzFRZ_qQ\"]}]}<\/script>\n<!-- \/ Yoast SEO plugin. -->","yoast_head_json":{"title":"Cuadernos para la Acci\u00f3n - conectate ICIEC-UEPC","robots":{"index":"index","follow":"follow","max-snippet":"max-snippet:-1","max-image-preview":"max-image-preview:large","max-video-preview":"max-video-preview:-1"},"canonical":"https:\/\/uepc.org.ar\/conectate\/cuadernos-para-la-accion\/","og_locale":"es_ES","og_type":"article","og_title":"Cuadernos para la Acci\u00f3n - conectate ICIEC-UEPC","og_url":"https:\/\/uepc.org.ar\/conectate\/cuadernos-para-la-accion\/","og_site_name":"conectate ICIEC-UEPC","article_publisher":"https:\/\/www.facebook.com\/conectate.uepc","article_modified_time":"2025-10-06T16:35:13+00:00","twitter_card":"summary_large_image","twitter_site":"@ConectateUEPC","twitter_misc":{"Tiempo de lectura":"1 minuto"},"schema":{"@context":"https:\/\/schema.org","@graph":[{"@type":"WebPage","@id":"https:\/\/uepc.org.ar\/conectate\/cuadernos-para-la-accion\/","url":"https:\/\/uepc.org.ar\/conectate\/cuadernos-para-la-accion\/","name":"Cuadernos para la Acci\u00f3n - conectate ICIEC-UEPC","isPartOf":{"@id":"https:\/\/uepc.org.ar\/conectate\/#website"},"datePublished":"2019-08-12T16:20:28+00:00","dateModified":"2025-10-06T16:35:13+00:00","breadcrumb":{"@id":"https:\/\/uepc.org.ar\/conectate\/cuadernos-para-la-accion\/#breadcrumb"},"inLanguage":"es","potentialAction":[{"@type":"ReadAction","target":["https:\/\/uepc.org.ar\/conectate\/cuadernos-para-la-accion\/"]}]},{"@type":"BreadcrumbList","@id":"https:\/\/uepc.org.ar\/conectate\/cuadernos-para-la-accion\/#breadcrumb","itemListElement":[{"@type":"ListItem","position":1,"name":"Home","item":"https:\/\/uepc.org.ar\/conectate\/"},{"@type":"ListItem","position":2,"name":"Cuadernos para la Acci\u00f3n"}]},{"@type":"WebSite","@id":"https:\/\/uepc.org.ar\/conectate\/#website","url":"https:\/\/uepc.org.ar\/conectate\/","name":"conectate ICIEC-UEPC","description":"conectate a la pasi\u00f3n de educar","publisher":{"@id":"https:\/\/uepc.org.ar\/conectate\/#organization"},"potentialAction":[{"@type":"SearchAction","target":{"@type":"EntryPoint","urlTemplate":"https:\/\/uepc.org.ar\/conectate\/?s={search_term_string}"},"query-input":{"@type":"PropertyValueSpecification","valueRequired":true,"valueName":"search_term_string"}}],"inLanguage":"es"},{"@type":"Organization","@id":"https:\/\/uepc.org.ar\/conectate\/#organization","name":"conectate UEPC","url":"https:\/\/uepc.org.ar\/conectate\/","logo":{"@type":"ImageObject","inLanguage":"es","@id":"https:\/\/uepc.org.ar\/conectate\/#\/schema\/logo\/image\/","url":"http:\/\/uepc.org.ar\/conectate\/wp-content\/uploads\/2019\/08\/lg-iciecx2.png","contentUrl":"http:\/\/uepc.org.ar\/conectate\/wp-content\/uploads\/2019\/08\/lg-iciecx2.png","width":600,"height":266,"caption":"conectate UEPC"},"image":{"@id":"https:\/\/uepc.org.ar\/conectate\/#\/schema\/logo\/image\/"},"sameAs":["https:\/\/www.facebook.com\/conectate.uepc","https:\/\/x.com\/ConectateUEPC","https:\/\/www.instagram.com\/conectateuepc\/","https:\/\/www.youtube.com\/channel\/UC_gvxulloCni4YDXzFRZ_qQ"]}]}},"uagb_featured_image_src":{"full":false,"thumbnail":false,"medium":false,"medium_large":false,"large":false,"1536x1536":false,"2048x2048":false,"post-thumbnail":false,"destacada":false,"eris-archive-image":false,"eris-archive-image-portrait":false,"eris-search-image":false},"uagb_author_info":{"display_name":"Conectate","author_link":"https:\/\/uepc.org.ar\/conectate\/author\/conectate\/"},"uagb_comment_info":0,"uagb_excerpt":null,"_links":{"self":[{"href":"https:\/\/uepc.org.ar\/conectate\/wp-json\/wp\/v2\/pages\/17802","targetHints":{"allow":["GET"]}}],"collection":[{"href":"https:\/\/uepc.org.ar\/conectate\/wp-json\/wp\/v2\/pages"}],"about":[{"href":"https:\/\/uepc.org.ar\/conectate\/wp-json\/wp\/v2\/types\/page"}],"author":[{"embeddable":true,"href":"https:\/\/uepc.org.ar\/conectate\/wp-json\/wp\/v2\/users\/17"}],"replies":[{"embeddable":true,"href":"https:\/\/uepc.org.ar\/conectate\/wp-json\/wp\/v2\/comments?post=17802"}],"version-history":[{"count":9,"href":"https:\/\/uepc.org.ar\/conectate\/wp-json\/wp\/v2\/pages\/17802\/revisions"}],"predecessor-version":[{"id":31325,"href":"https:\/\/uepc.org.ar\/conectate\/wp-json\/wp\/v2\/pages\/17802\/revisions\/31325"}],"wp:attachment":[{"href":"https:\/\/uepc.org.ar\/conectate\/wp-json\/wp\/v2\/media?parent=17802"}],"curies":[{"name":"wp","href":"https:\/\/api.w.org\/{rel}","templated":true}]}}