{"id":17818,"date":"2019-08-12T13:53:58","date_gmt":"2019-08-12T16:53:58","guid":{"rendered":"http:\/\/200.69.245.11\/conectate\/?page_id=17818"},"modified":"2022-02-22T10:45:53","modified_gmt":"2022-02-22T13:45:53","slug":"los-jovenes-miran-la-escuela","status":"publish","type":"page","link":"https:\/\/uepc.org.ar\/conectate\/los-jovenes-miran-la-escuela\/","title":{"rendered":"Los J\u00f3venes Miran la Escuela"},"content":{"rendered":"\n<div class=\"wp-block-coblocks-hero alignfull coblocks-hero-9171833342 coblocks-hero-7211647859\"><div class=\"wp-block-coblocks-hero__inner has-violeta-background-color has-background has-parallax has-background-overlay bg-cover has-background-image bg-no-repeat bg-center-center hero-center-center-align has-padding has-huge-padding has-violeta-background-color has-center-content\" style=\"background-image:url(https:\/\/uepc.org.ar\/conectate\/wp-content\/uploads\/2019\/08\/los-jovenes-miran-la-escuela.svg);min-height:300px\"><div class=\"wp-block-coblocks-hero__content-wrapper\"><div class=\"wp-block-coblocks-hero__content\" style=\"max-width:879px\">\n<h4 class=\"has-text-color wp-block-heading\" style=\"color:#ffffff\">Esta colecci\u00f3n surge de una investigaci\u00f3n realizada por el ICIEC y la Secretar\u00eda de DDHH y G\u00e9nero de UEPC, que reuni\u00f3 las voces y miradas de 2800 j\u00f3venes de escuelas p\u00fablicas y privadas de la provincia de C\u00f3rdoba.<\/h4>\n<\/div><\/div><\/div><\/div>\n\n\n\n<div style=\"height:46px\" aria-hidden=\"true\" class=\"wp-block-spacer\"><\/div>\n\n\n\n<div style=\"height:52px\" aria-hidden=\"true\" class=\"wp-block-spacer\"><\/div>\n\n\n\n\t\t\t<div class=\"wp-block-uagb-post-grid uagb-post-grid  uagb-post__image-position-top uagb-post__image-enabled uagb-block-75f5c30c-65f8-4093-99ff-c92f0c1e5b98     uagb-post__items uagb-post__columns-2 is-grid uagb-post__columns-tablet-2 uagb-post__columns-mobile-1 uagb-post__equal-height\" data-total=\"1\" style=\"\">\n\n\t\t\t\t\t\t\t\t\t\t\t\t<article class=\"uagb-post__inner-wrap\">\t\t\t\t\t\t\t\t<div class='uagb-post__image'>\n\t\t\t\t\t\t\t\t\t<a href=\"https:\/\/uepc.org.ar\/conectate\/losas-jovenes-tienen-la-palabra-alteridad-y-discriminacion-en-la-escuela\/\" target=\"_self\" rel=\"bookmark noopener noreferrer\" class='uagb-image-ratio-inherit'><img loading=\"lazy\" decoding=\"async\" width=\"1024\" height=\"536\" src=\"https:\/\/uepc.org.ar\/conectate\/wp-content\/uploads\/2016\/11\/losjovenestienenlapalabra-1024x536.jpg\" class=\"attachment-large size-large\" alt=\"\" srcset=\"https:\/\/uepc.org.ar\/conectate\/wp-content\/uploads\/2016\/11\/losjovenestienenlapalabra-1024x536.jpg 1024w, https:\/\/uepc.org.ar\/conectate\/wp-content\/uploads\/2016\/11\/losjovenestienenlapalabra-500x263.jpg 500w, https:\/\/uepc.org.ar\/conectate\/wp-content\/uploads\/2016\/11\/losjovenestienenlapalabra-768x402.jpg 768w, https:\/\/uepc.org.ar\/conectate\/wp-content\/uploads\/2016\/11\/losjovenestienenlapalabra-1600x838.jpg 1600w, https:\/\/uepc.org.ar\/conectate\/wp-content\/uploads\/2016\/11\/losjovenestienenlapalabra-550x288.jpg 550w, https:\/\/uepc.org.ar\/conectate\/wp-content\/uploads\/2016\/11\/losjovenestienenlapalabra-160x84.jpg 160w, https:\/\/uepc.org.ar\/conectate\/wp-content\/uploads\/2016\/11\/losjovenestienenlapalabra.jpg 1830w\" sizes=\"auto, (max-width: 1024px) 100vw, 1024px\" \/>\t\t\t\t\t<\/a>\n\t\t\t\t\t\t\t<\/div>\n\t\t\t\t\t\t<h5 class=\"uagb-post__title uagb-post__text\">\n\t\t\t\t<a href=\"https:\/\/uepc.org.ar\/conectate\/losas-jovenes-tienen-la-palabra-alteridad-y-discriminacion-en-la-escuela\/\" target=\"_self\" rel=\"bookmark noopener noreferrer\">Los\/as j\u00f3venes tienen la palabra: alteridad y discriminaci\u00f3n en la escuela<\/a>\n\t\t\t<\/h5>\n\t\t\t\t\t\t<div class='uagb-post__text uagb-post-grid-byline'>\n\t\t\t\t\t\t\t\t<time datetime=\"2016-11-24T15:07:25-03:00\" class=\"uagb-post__date\">\n\t\t\t\t<span class=\"dashicons-calendar dashicons\"><\/span>\t\t\t\t\t24 noviembre, 2016\t\t\t\t<\/time>\n\t\t\t\t\t\t<\/div>\n\t\t\t\n\t\t\t\t\t\t\t\t\t<\/article>\n\t\t\t\t\t\t\t\t\t\t\t<\/div>\n\t\t\t","protected":false},"excerpt":{"rendered":"<a class=\"read-more-link\" href=\" https:\/\/uepc.org.ar\/conectate\/los-jovenes-miran-la-escuela\/ \">Leer m\u00e1s<\/a>","protected":false},"author":17,"featured_media":0,"parent":0,"menu_order":0,"comment_status":"closed","ping_status":"closed","template":"","meta":{"_acf_changed":false,"_coblocks_attr":"","_coblocks_dimensions":"{\"coblocks-hero-7211647859\":{\"padding\":{}}}","_coblocks_responsive_height":"","_coblocks_accordion_ie_support":"","_uag_custom_page_level_css":"","footnotes":""},"class_list":["post-17818","page","type-page","status-publish","hentry"],"acf":[],"yoast_head":"<!-- This site is optimized with the Yoast SEO plugin v26.8 - https:\/\/yoast.com\/product\/yoast-seo-wordpress\/ -->\n<title>Los J\u00f3venes Miran la Escuela - conectate ICIEC-UEPC<\/title>\n<meta name=\"robots\" content=\"index, follow, max-snippet:-1, max-image-preview:large, max-video-preview:-1\" \/>\n<link rel=\"canonical\" href=\"https:\/\/uepc.org.ar\/conectate\/los-jovenes-miran-la-escuela\/\" \/>\n<meta property=\"og:locale\" content=\"es_ES\" \/>\n<meta property=\"og:type\" content=\"article\" \/>\n<meta property=\"og:title\" content=\"Los J\u00f3venes Miran la Escuela - conectate ICIEC-UEPC\" \/>\n<meta property=\"og:url\" content=\"https:\/\/uepc.org.ar\/conectate\/los-jovenes-miran-la-escuela\/\" \/>\n<meta property=\"og:site_name\" content=\"conectate ICIEC-UEPC\" \/>\n<meta property=\"article:publisher\" content=\"https:\/\/www.facebook.com\/conectate.uepc\" \/>\n<meta property=\"article:modified_time\" content=\"2022-02-22T13:45:53+00:00\" \/>\n<meta name=\"twitter:card\" content=\"summary_large_image\" \/>\n<meta name=\"twitter:site\" content=\"@ConectateUEPC\" \/>\n<script type=\"application\/ld+json\" class=\"yoast-schema-graph\">{\"@context\":\"https:\/\/schema.org\",\"@graph\":[{\"@type\":\"WebPage\",\"@id\":\"https:\/\/uepc.org.ar\/conectate\/los-jovenes-miran-la-escuela\/\",\"url\":\"https:\/\/uepc.org.ar\/conectate\/los-jovenes-miran-la-escuela\/\",\"name\":\"Los J\u00f3venes Miran la Escuela - conectate ICIEC-UEPC\",\"isPartOf\":{\"@id\":\"https:\/\/uepc.org.ar\/conectate\/#website\"},\"datePublished\":\"2019-08-12T16:53:58+00:00\",\"dateModified\":\"2022-02-22T13:45:53+00:00\",\"breadcrumb\":{\"@id\":\"https:\/\/uepc.org.ar\/conectate\/los-jovenes-miran-la-escuela\/#breadcrumb\"},\"inLanguage\":\"es\",\"potentialAction\":[{\"@type\":\"ReadAction\",\"target\":[\"https:\/\/uepc.org.ar\/conectate\/los-jovenes-miran-la-escuela\/\"]}]},{\"@type\":\"BreadcrumbList\",\"@id\":\"https:\/\/uepc.org.ar\/conectate\/los-jovenes-miran-la-escuela\/#breadcrumb\",\"itemListElement\":[{\"@type\":\"ListItem\",\"position\":1,\"name\":\"Home\",\"item\":\"https:\/\/uepc.org.ar\/conectate\/\"},{\"@type\":\"ListItem\",\"position\":2,\"name\":\"Los J\u00f3venes Miran la Escuela\"}]},{\"@type\":\"WebSite\",\"@id\":\"https:\/\/uepc.org.ar\/conectate\/#website\",\"url\":\"https:\/\/uepc.org.ar\/conectate\/\",\"name\":\"conectate ICIEC-UEPC\",\"description\":\"conectate a la pasi\u00f3n de educar\",\"publisher\":{\"@id\":\"https:\/\/uepc.org.ar\/conectate\/#organization\"},\"potentialAction\":[{\"@type\":\"SearchAction\",\"target\":{\"@type\":\"EntryPoint\",\"urlTemplate\":\"https:\/\/uepc.org.ar\/conectate\/?s={search_term_string}\"},\"query-input\":{\"@type\":\"PropertyValueSpecification\",\"valueRequired\":true,\"valueName\":\"search_term_string\"}}],\"inLanguage\":\"es\"},{\"@type\":\"Organization\",\"@id\":\"https:\/\/uepc.org.ar\/conectate\/#organization\",\"name\":\"conectate UEPC\",\"url\":\"https:\/\/uepc.org.ar\/conectate\/\",\"logo\":{\"@type\":\"ImageObject\",\"inLanguage\":\"es\",\"@id\":\"https:\/\/uepc.org.ar\/conectate\/#\/schema\/logo\/image\/\",\"url\":\"http:\/\/uepc.org.ar\/conectate\/wp-content\/uploads\/2019\/08\/lg-iciecx2.png\",\"contentUrl\":\"http:\/\/uepc.org.ar\/conectate\/wp-content\/uploads\/2019\/08\/lg-iciecx2.png\",\"width\":600,\"height\":266,\"caption\":\"conectate UEPC\"},\"image\":{\"@id\":\"https:\/\/uepc.org.ar\/conectate\/#\/schema\/logo\/image\/\"},\"sameAs\":[\"https:\/\/www.facebook.com\/conectate.uepc\",\"https:\/\/x.com\/ConectateUEPC\",\"https:\/\/www.instagram.com\/conectateuepc\/\",\"https:\/\/www.youtube.com\/channel\/UC_gvxulloCni4YDXzFRZ_qQ\"]}]}<\/script>\n<!-- \/ Yoast SEO plugin. -->","yoast_head_json":{"title":"Los J\u00f3venes Miran la Escuela - conectate ICIEC-UEPC","robots":{"index":"index","follow":"follow","max-snippet":"max-snippet:-1","max-image-preview":"max-image-preview:large","max-video-preview":"max-video-preview:-1"},"canonical":"https:\/\/uepc.org.ar\/conectate\/los-jovenes-miran-la-escuela\/","og_locale":"es_ES","og_type":"article","og_title":"Los J\u00f3venes Miran la Escuela - conectate ICIEC-UEPC","og_url":"https:\/\/uepc.org.ar\/conectate\/los-jovenes-miran-la-escuela\/","og_site_name":"conectate ICIEC-UEPC","article_publisher":"https:\/\/www.facebook.com\/conectate.uepc","article_modified_time":"2022-02-22T13:45:53+00:00","twitter_card":"summary_large_image","twitter_site":"@ConectateUEPC","schema":{"@context":"https:\/\/schema.org","@graph":[{"@type":"WebPage","@id":"https:\/\/uepc.org.ar\/conectate\/los-jovenes-miran-la-escuela\/","url":"https:\/\/uepc.org.ar\/conectate\/los-jovenes-miran-la-escuela\/","name":"Los J\u00f3venes Miran la Escuela - conectate ICIEC-UEPC","isPartOf":{"@id":"https:\/\/uepc.org.ar\/conectate\/#website"},"datePublished":"2019-08-12T16:53:58+00:00","dateModified":"2022-02-22T13:45:53+00:00","breadcrumb":{"@id":"https:\/\/uepc.org.ar\/conectate\/los-jovenes-miran-la-escuela\/#breadcrumb"},"inLanguage":"es","potentialAction":[{"@type":"ReadAction","target":["https:\/\/uepc.org.ar\/conectate\/los-jovenes-miran-la-escuela\/"]}]},{"@type":"BreadcrumbList","@id":"https:\/\/uepc.org.ar\/conectate\/los-jovenes-miran-la-escuela\/#breadcrumb","itemListElement":[{"@type":"ListItem","position":1,"name":"Home","item":"https:\/\/uepc.org.ar\/conectate\/"},{"@type":"ListItem","position":2,"name":"Los J\u00f3venes Miran la Escuela"}]},{"@type":"WebSite","@id":"https:\/\/uepc.org.ar\/conectate\/#website","url":"https:\/\/uepc.org.ar\/conectate\/","name":"conectate ICIEC-UEPC","description":"conectate a la pasi\u00f3n de educar","publisher":{"@id":"https:\/\/uepc.org.ar\/conectate\/#organization"},"potentialAction":[{"@type":"SearchAction","target":{"@type":"EntryPoint","urlTemplate":"https:\/\/uepc.org.ar\/conectate\/?s={search_term_string}"},"query-input":{"@type":"PropertyValueSpecification","valueRequired":true,"valueName":"search_term_string"}}],"inLanguage":"es"},{"@type":"Organization","@id":"https:\/\/uepc.org.ar\/conectate\/#organization","name":"conectate UEPC","url":"https:\/\/uepc.org.ar\/conectate\/","logo":{"@type":"ImageObject","inLanguage":"es","@id":"https:\/\/uepc.org.ar\/conectate\/#\/schema\/logo\/image\/","url":"http:\/\/uepc.org.ar\/conectate\/wp-content\/uploads\/2019\/08\/lg-iciecx2.png","contentUrl":"http:\/\/uepc.org.ar\/conectate\/wp-content\/uploads\/2019\/08\/lg-iciecx2.png","width":600,"height":266,"caption":"conectate UEPC"},"image":{"@id":"https:\/\/uepc.org.ar\/conectate\/#\/schema\/logo\/image\/"},"sameAs":["https:\/\/www.facebook.com\/conectate.uepc","https:\/\/x.com\/ConectateUEPC","https:\/\/www.instagram.com\/conectateuepc\/","https:\/\/www.youtube.com\/channel\/UC_gvxulloCni4YDXzFRZ_qQ"]}]}},"uagb_featured_image_src":{"full":false,"thumbnail":false,"medium":false,"medium_large":false,"large":false,"1536x1536":false,"2048x2048":false,"post-thumbnail":false,"destacada":false,"eris-archive-image":false,"eris-archive-image-portrait":false,"eris-search-image":false},"uagb_author_info":{"display_name":"Conectate","author_link":"https:\/\/uepc.org.ar\/conectate\/author\/conectate\/"},"uagb_comment_info":0,"uagb_excerpt":null,"_links":{"self":[{"href":"https:\/\/uepc.org.ar\/conectate\/wp-json\/wp\/v2\/pages\/17818","targetHints":{"allow":["GET"]}}],"collection":[{"href":"https:\/\/uepc.org.ar\/conectate\/wp-json\/wp\/v2\/pages"}],"about":[{"href":"https:\/\/uepc.org.ar\/conectate\/wp-json\/wp\/v2\/types\/page"}],"author":[{"embeddable":true,"href":"https:\/\/uepc.org.ar\/conectate\/wp-json\/wp\/v2\/users\/17"}],"replies":[{"embeddable":true,"href":"https:\/\/uepc.org.ar\/conectate\/wp-json\/wp\/v2\/comments?post=17818"}],"version-history":[{"count":9,"href":"https:\/\/uepc.org.ar\/conectate\/wp-json\/wp\/v2\/pages\/17818\/revisions"}],"predecessor-version":[{"id":31004,"href":"https:\/\/uepc.org.ar\/conectate\/wp-json\/wp\/v2\/pages\/17818\/revisions\/31004"}],"wp:attachment":[{"href":"https:\/\/uepc.org.ar\/conectate\/wp-json\/wp\/v2\/media?parent=17818"}],"curies":[{"name":"wp","href":"https:\/\/api.w.org\/{rel}","templated":true}]}}