{"id":21453,"date":"2023-10-03T07:30:00","date_gmt":"2023-10-03T10:30:00","guid":{"rendered":"http:\/\/ht628195.hostingtelefonica.com.ar\/conectate\/?page_id=21453"},"modified":"2024-08-21T11:54:21","modified_gmt":"2024-08-21T14:54:21","slug":"cursos-modalidad-combinada","status":"publish","type":"page","link":"https:\/\/uepc.org.ar\/conectate\/cursos-modalidad-combinada\/","title":{"rendered":"Cursos modalidad combinada | Formaci\u00f3n docente"},"content":{"rendered":"\n<div class=\"wp-block-coblocks-hero alignfull coblocks-hero-81015552427 coblocks-hero-76111425926\"><div class=\"wp-block-coblocks-hero__inner bg-auto has-background-image bg-no-repeat bg-center-center hero-center-center-align has-padding has-small-padding has-center-content\" style=\"background-image:url(https:\/\/uepc.org.ar\/conectate\/wp-content\/uploads\/2024\/08\/CursosVirtuales-Banner_rspon.jpg);min-height:100px\"><div class=\"wp-block-coblocks-hero__content-wrapper\"><div class=\"wp-block-coblocks-hero__content\" style=\"max-width:690px\">\n<div class=\"wp-block-image\"><figure class=\"aligncenter size-full\"><img decoding=\"async\" src=\"https:\/\/uepc.org.ar\/conectate\/wp-content\/uploads\/2024\/08\/Cursos-virtuales-Banner_rspon_up-final.png\" alt=\"Cursos Modalidad Combinada\" class=\"wp-image-28906\"\/><\/figure><\/div>\n<\/div><\/div><\/div><\/div>\n\n\n\n<div style=\"height:69px\" aria-hidden=\"true\" class=\"wp-block-spacer\"><\/div>\n\n\n\n<div class=\"wp-block-group alignwide\"><div class=\"wp-block-group__inner-container is-layout-flow wp-block-group-is-layout-flow\"><\/div><\/div>\n\n\n\n<h4 class=\"wp-block-heading\">En esta primera edici\u00f3n 2024 de los cursos de formaci\u00f3n docente de modalidad combinada, ponemos a disposici\u00f3n nuevas propuestas para afiliadas y afiliados.&nbsp;<\/h4>\n\n\n\n<p>Desde el ICIEC de la Secretar\u00eda de Educaci\u00f3n de UEPC ponemos a disposici\u00f3n<strong> propuestas<\/strong> destinadas a <strong>afiliadas y afiliados<\/strong> que comienzan en la semana del 26 de agosto y recorrer\u00e1n diferentes tem\u00e1ticas relevantes para los escenarios escolares actuales.<\/p>\n\n\n\n<p>Los cursos de corta duraci\u00f3n (4 semanas) acreditan 30 h. reloj. La modalidad de cursado combina instancias de trabajo sincr\u00f3nico y asincr\u00f3nico (a trav\u00e9s de la plataforma Moodle de UEPC).&nbsp;<\/p>\n\n\n\n<p>Las inscripciones comienzan el 20 de agosto hasta completar el cupo. Cada afiliada y afiliado puede inscribirse solo a una propuesta.&nbsp;<\/p>\n\n\n\n<div class=\"wp-block-buttons is-content-justification-center is-layout-flex wp-container-core-buttons-is-layout-1 wp-block-buttons-is-layout-flex\">\n<div class=\"wp-block-button\"><a class=\"wp-block-button__link has-celeste-background-color has-background has-text-align-center wp-element-button\" href=\"https:\/\/portal2.uepc.org.ar\/Talleres\/Taller.aspx?id=55\">Inscripciones aqu\u00ed<\/a><\/div>\n<\/div>\n\n\n\n<p><\/p>\n\n\n\n<p>Por consultas comunicate a: <a href=\"mailto:formacioniciec@uepc.org.ar\">formacioniciec@uepc.org.ar<\/a><\/p>\n\n\n\n<div class=\"wp-block-columns are-vertically-aligned-top is-layout-flex wp-container-core-columns-is-layout-1 wp-block-columns-is-layout-flex\">\n<div class=\"wp-block-column is-vertically-aligned-top is-layout-flow wp-block-column-is-layout-flow\" style=\"flex-basis:50%\">\n<figure class=\"wp-block-image size-full is-style-rounded\"><a href=\"https:\/\/uepc.org.ar\/conectate\/download\/formacion-docente-iciec-uepc-cursos-modalidad-combinada-ciudadania-digital-identidad-derechos-y-participacion-2\/?tmstv=1724168779&amp;v=29705\"><img loading=\"lazy\" decoding=\"async\" width=\"901\" height=\"319\" src=\"https:\/\/uepc.org.ar\/conectate\/wp-content\/uploads\/2024\/07\/Cursos-Virtuales_Boton3-Ciudadania-Digital.jpg\" alt=\"\" class=\"wp-image-29325\" srcset=\"https:\/\/uepc.org.ar\/conectate\/wp-content\/uploads\/2024\/07\/Cursos-Virtuales_Boton3-Ciudadania-Digital.jpg 901w, https:\/\/uepc.org.ar\/conectate\/wp-content\/uploads\/2024\/07\/Cursos-Virtuales_Boton3-Ciudadania-Digital-500x177.jpg 500w, https:\/\/uepc.org.ar\/conectate\/wp-content\/uploads\/2024\/07\/Cursos-Virtuales_Boton3-Ciudadania-Digital-768x272.jpg 768w, https:\/\/uepc.org.ar\/conectate\/wp-content\/uploads\/2024\/07\/Cursos-Virtuales_Boton3-Ciudadania-Digital-550x195.jpg 550w, https:\/\/uepc.org.ar\/conectate\/wp-content\/uploads\/2024\/07\/Cursos-Virtuales_Boton3-Ciudadania-Digital-160x57.jpg 160w\" sizes=\"auto, (max-width: 901px) 100vw, 901px\" \/><\/a><\/figure>\n<\/div>\n\n\n\n<div class=\"wp-block-column is-vertically-aligned-top is-layout-flow wp-block-column-is-layout-flow\" style=\"flex-basis:50%\">\n<figure class=\"wp-block-image size-full is-style-rounded\"><a href=\"https:\/\/uepc.org.ar\/conectate\/download\/formacion-docente-iciec-uepc-cursos-modalidad-combinada-esi-en-la-escuela-secundaria\/?tmstv=1724252043&amp;v=29751\"><img loading=\"lazy\" decoding=\"async\" width=\"901\" height=\"319\" src=\"https:\/\/uepc.org.ar\/conectate\/wp-content\/uploads\/2024\/08\/Cursos-Virtuales_Boton1-ESI.jpg\" alt=\"\" class=\"wp-image-29755\" srcset=\"https:\/\/uepc.org.ar\/conectate\/wp-content\/uploads\/2024\/08\/Cursos-Virtuales_Boton1-ESI.jpg 901w, https:\/\/uepc.org.ar\/conectate\/wp-content\/uploads\/2024\/08\/Cursos-Virtuales_Boton1-ESI-500x177.jpg 500w, https:\/\/uepc.org.ar\/conectate\/wp-content\/uploads\/2024\/08\/Cursos-Virtuales_Boton1-ESI-768x272.jpg 768w, https:\/\/uepc.org.ar\/conectate\/wp-content\/uploads\/2024\/08\/Cursos-Virtuales_Boton1-ESI-550x195.jpg 550w, https:\/\/uepc.org.ar\/conectate\/wp-content\/uploads\/2024\/08\/Cursos-Virtuales_Boton1-ESI-160x57.jpg 160w\" sizes=\"auto, (max-width: 901px) 100vw, 901px\" \/><\/a><\/figure>\n<\/div>\n<\/div>\n\n\n\n<div class=\"wp-block-columns is-layout-flex wp-container-core-columns-is-layout-2 wp-block-columns-is-layout-flex\">\n<div class=\"wp-block-column is-layout-flow wp-block-column-is-layout-flow\" style=\"flex-basis:50%\">\n<figure class=\"wp-block-image size-full is-style-rounded\"><a href=\"https:\/\/uepc.org.ar\/conectate\/download\/formacion-docente-iciec-uepc-cursos-modalidad-combinada-ensenar-en-la-modalidad-combinada-2\/?tmstv=1724168756&amp;v=29703\"><img loading=\"lazy\" decoding=\"async\" width=\"901\" height=\"319\" src=\"https:\/\/uepc.org.ar\/conectate\/wp-content\/uploads\/2024\/07\/Cursos-Virtuales_Boton4-Modalidad-Combinada.jpg\" alt=\"\" class=\"wp-image-29326\" srcset=\"https:\/\/uepc.org.ar\/conectate\/wp-content\/uploads\/2024\/07\/Cursos-Virtuales_Boton4-Modalidad-Combinada.jpg 901w, https:\/\/uepc.org.ar\/conectate\/wp-content\/uploads\/2024\/07\/Cursos-Virtuales_Boton4-Modalidad-Combinada-500x177.jpg 500w, https:\/\/uepc.org.ar\/conectate\/wp-content\/uploads\/2024\/07\/Cursos-Virtuales_Boton4-Modalidad-Combinada-768x272.jpg 768w, https:\/\/uepc.org.ar\/conectate\/wp-content\/uploads\/2024\/07\/Cursos-Virtuales_Boton4-Modalidad-Combinada-550x195.jpg 550w, https:\/\/uepc.org.ar\/conectate\/wp-content\/uploads\/2024\/07\/Cursos-Virtuales_Boton4-Modalidad-Combinada-160x57.jpg 160w\" sizes=\"auto, (max-width: 901px) 100vw, 901px\" \/><\/a><\/figure>\n<\/div>\n\n\n\n<div class=\"wp-block-column is-layout-flow wp-block-column-is-layout-flow\" style=\"flex-basis:50%\">\n<figure class=\"wp-block-image size-full is-style-rounded\"><a href=\"https:\/\/uepc.org.ar\/conectate\/download\/formacion-docente-iciec-uepc-cursos-modalidad-combinada-introduccion-al-podcast-como-herramienta-de-participacion-de-chicos-y-chicas-3\/?tmstv=1724172197&amp;v=29727\"><img loading=\"lazy\" decoding=\"async\" width=\"901\" height=\"319\" src=\"https:\/\/uepc.org.ar\/conectate\/wp-content\/uploads\/2024\/07\/Cursos-Virtuales_Boton2-PodCast.jpg\" alt=\"\" class=\"wp-image-29324\" srcset=\"https:\/\/uepc.org.ar\/conectate\/wp-content\/uploads\/2024\/07\/Cursos-Virtuales_Boton2-PodCast.jpg 901w, https:\/\/uepc.org.ar\/conectate\/wp-content\/uploads\/2024\/07\/Cursos-Virtuales_Boton2-PodCast-500x177.jpg 500w, https:\/\/uepc.org.ar\/conectate\/wp-content\/uploads\/2024\/07\/Cursos-Virtuales_Boton2-PodCast-768x272.jpg 768w, https:\/\/uepc.org.ar\/conectate\/wp-content\/uploads\/2024\/07\/Cursos-Virtuales_Boton2-PodCast-550x195.jpg 550w, https:\/\/uepc.org.ar\/conectate\/wp-content\/uploads\/2024\/07\/Cursos-Virtuales_Boton2-PodCast-160x57.jpg 160w\" sizes=\"auto, (max-width: 901px) 100vw, 901px\" \/><\/a><\/figure>\n<\/div>\n<\/div>\n\n\n\n<div style=\"height:28px\" aria-hidden=\"true\" class=\"wp-block-spacer\"><\/div>\n\n\n\n<hr class=\"wp-block-separator has-css-opacity is-style-wide\"\/>\n\n\n\n<div style=\"height:28px\" aria-hidden=\"true\" class=\"wp-block-spacer\"><\/div>\n\n\n\n<div class=\"wp-block-columns is-layout-flex wp-container-core-columns-is-layout-3 wp-block-columns-is-layout-flex\">\n<div class=\"wp-block-column is-layout-flow wp-block-column-is-layout-flow\">\n<figure class=\"wp-block-image size-large\"><a href=\"https:\/\/uepc.org.ar\/conectate\/catalogo-materiales\/\" target=\"_blank\" rel=\"noopener\"><img loading=\"lazy\" decoding=\"async\" width=\"1024\" height=\"465\" src=\"https:\/\/uepc.org.ar\/conectate\/wp-content\/uploads\/2023\/04\/Flyer-Catalogo-ICIEC-JULIO-2023-Banner-1024x465.jpg\" alt=\"Flyer-Cat\u00e1logo-ICIEC-JULIO-2023-Banner\" class=\"wp-image-27185\" srcset=\"https:\/\/uepc.org.ar\/conectate\/wp-content\/uploads\/2023\/04\/Flyer-Catalogo-ICIEC-JULIO-2023-Banner-1024x465.jpg 1024w, https:\/\/uepc.org.ar\/conectate\/wp-content\/uploads\/2023\/04\/Flyer-Catalogo-ICIEC-JULIO-2023-Banner-500x227.jpg 500w, https:\/\/uepc.org.ar\/conectate\/wp-content\/uploads\/2023\/04\/Flyer-Catalogo-ICIEC-JULIO-2023-Banner-768x349.jpg 768w, https:\/\/uepc.org.ar\/conectate\/wp-content\/uploads\/2023\/04\/Flyer-Catalogo-ICIEC-JULIO-2023-Banner-550x250.jpg 550w, https:\/\/uepc.org.ar\/conectate\/wp-content\/uploads\/2023\/04\/Flyer-Catalogo-ICIEC-JULIO-2023-Banner-160x73.jpg 160w, https:\/\/uepc.org.ar\/conectate\/wp-content\/uploads\/2023\/04\/Flyer-Catalogo-ICIEC-JULIO-2023-Banner.jpg 1100w\" sizes=\"auto, (max-width: 1024px) 100vw, 1024px\" \/><\/a><figcaption class=\"wp-element-caption\"><a href=\"https:\/\/uepc.org.ar\/conectate\/catalogo-materiales\/\" target=\"_blank\" rel=\"noreferrer noopener\">Conoc\u00e9 todas nuestras pubicaciones<\/a><\/figcaption><\/figure>\n<\/div>\n\n\n\n<div class=\"wp-block-column is-layout-flow wp-block-column-is-layout-flow\">\n<figure class=\"wp-block-image size-large\"><a href=\"https:\/\/uepc.org.ar\/conectate\/efemerides-categoria\/\" target=\"_blank\" rel=\"noopener\"><img loading=\"lazy\" decoding=\"async\" width=\"1024\" height=\"465\" src=\"https:\/\/uepc.org.ar\/conectate\/wp-content\/uploads\/2022\/09\/12deoctubrebannerweb-1024x465.jpg\" alt=\"\" class=\"wp-image-27603\" srcset=\"https:\/\/uepc.org.ar\/conectate\/wp-content\/uploads\/2022\/09\/12deoctubrebannerweb-1024x465.jpg 1024w, https:\/\/uepc.org.ar\/conectate\/wp-content\/uploads\/2022\/09\/12deoctubrebannerweb-500x227.jpg 500w, https:\/\/uepc.org.ar\/conectate\/wp-content\/uploads\/2022\/09\/12deoctubrebannerweb-768x349.jpg 768w, https:\/\/uepc.org.ar\/conectate\/wp-content\/uploads\/2022\/09\/12deoctubrebannerweb-550x250.jpg 550w, https:\/\/uepc.org.ar\/conectate\/wp-content\/uploads\/2022\/09\/12deoctubrebannerweb-160x73.jpg 160w, https:\/\/uepc.org.ar\/conectate\/wp-content\/uploads\/2022\/09\/12deoctubrebannerweb.jpg 1100w\" sizes=\"auto, (max-width: 1024px) 100vw, 1024px\" \/><\/a><figcaption class=\"wp-element-caption\"><a href=\"https:\/\/uepc.org.ar\/conectate\/efemerides-categoria\/\" target=\"_blank\" rel=\"noreferrer noopener\">Descarg\u00e1 recursos para abordar las efem\u00e9rides en la escuela<\/a><\/figcaption><\/figure>\n<\/div>\n\n\n\n<div class=\"wp-block-column is-layout-flow wp-block-column-is-layout-flow\">\n<figure class=\"wp-block-image size-full is-resized\"><a href=\"https:\/\/uepc.org.ar\/conectate\/40-anos-educar-democracia\/\" target=\"_blank\" rel=\"noopener\"><img loading=\"lazy\" decoding=\"async\" width=\"700\" height=\"300\" src=\"https:\/\/uepc.org.ar\/conectate\/wp-content\/uploads\/2023\/09\/iciec_educarendemoc_popup.png\" alt=\"\" class=\"wp-image-27669\" style=\"object-fit:cover\" srcset=\"https:\/\/uepc.org.ar\/conectate\/wp-content\/uploads\/2023\/09\/iciec_educarendemoc_popup.png 700w, https:\/\/uepc.org.ar\/conectate\/wp-content\/uploads\/2023\/09\/iciec_educarendemoc_popup-500x214.png 500w, https:\/\/uepc.org.ar\/conectate\/wp-content\/uploads\/2023\/09\/iciec_educarendemoc_popup-550x236.png 550w, https:\/\/uepc.org.ar\/conectate\/wp-content\/uploads\/2023\/09\/iciec_educarendemoc_popup-160x69.png 160w\" sizes=\"auto, (max-width: 700px) 100vw, 700px\" \/><\/a><figcaption class=\"wp-element-caption\">U<a rel=\"noreferrer noopener\" href=\"https:\/\/uepc.org.ar\/conectate\/40-anos-educar-democracia\/\" target=\"_blank\">na nueva serie audiovisual que incluye fichas did\u00e1cticas para abordar la democracia en la escuela.<\/a><\/figcaption><\/figure>\n<\/div>\n<\/div>\n","protected":false},"excerpt":{"rendered":"<p>En esta primera edici\u00f3n 2024 de los cursos de formaci\u00f3n docente de modalidad combinada, ponemos a disposici\u00f3n nuevas propuestas para afiliadas y afiliados.&nbsp; Desde el ICIEC de la Secretar\u00eda de Educaci\u00f3n de UEPC ponemos a disposici\u00f3n propuestas destinadas a afiliadas y afiliados que comienzan en la semana del 26 de agosto y recorrer\u00e1n diferentes tem\u00e1ticas [&hellip;]<\/p>\n<a class=\"read-more-link\" href=\" https:\/\/uepc.org.ar\/conectate\/cursos-modalidad-combinada\/ \">Leer m\u00e1s<\/a>","protected":false},"author":17,"featured_media":29677,"parent":0,"menu_order":0,"comment_status":"closed","ping_status":"closed","template":"","meta":{"_acf_changed":false,"_coblocks_attr":"","_coblocks_dimensions":"{\"coblocks-hero-63013631972\":{\"padding\":{}}}","_coblocks_responsive_height":"{\"coblocks-hero-63013631972\":{\"height\":{\"height\":300}}}","_coblocks_accordion_ie_support":"","_uag_custom_page_level_css":"","footnotes":""},"class_list":["post-21453","page","type-page","status-publish","has-post-thumbnail","hentry"],"acf":[],"yoast_head":"<!-- This site is optimized with the Yoast SEO plugin v26.8 - https:\/\/yoast.com\/product\/yoast-seo-wordpress\/ -->\n<title>Cursos modalidad combinada | Formaci\u00f3n docente<\/title>\n<meta name=\"description\" content=\"Desde el ICIEC UEPC presentamos 16 cursos de modalidad virtual con puntaje sobre diversas tem\u00e1ticas y\/o dimensiones del trabajo pedag\u00f3gico en la actualidad.\" \/>\n<meta name=\"robots\" content=\"index, follow, max-snippet:-1, max-image-preview:large, max-video-preview:-1\" \/>\n<link rel=\"canonical\" href=\"https:\/\/uepc.org.ar\/conectate\/cursos-modalidad-combinada\/\" \/>\n<meta property=\"og:locale\" content=\"es_ES\" \/>\n<meta property=\"og:type\" content=\"article\" \/>\n<meta property=\"og:title\" content=\"Cursos modalidad combinada\" \/>\n<meta property=\"og:description\" content=\"En esta primera edici\u00f3n 2024 de los cursos de formaci\u00f3n docente de modalidad combinada, ponemos a disposici\u00f3n nuevas propuestas para afiliadas y afiliados.\u00a0\" \/>\n<meta property=\"og:url\" content=\"https:\/\/uepc.org.ar\/conectate\/cursos-modalidad-combinada\/\" \/>\n<meta property=\"og:site_name\" content=\"conectate ICIEC-UEPC\" \/>\n<meta property=\"article:publisher\" content=\"https:\/\/www.facebook.com\/conectate.uepc\" \/>\n<meta property=\"article:modified_time\" content=\"2024-08-21T14:54:21+00:00\" \/>\n<meta property=\"og:image\" content=\"https:\/\/uepc.org.ar\/conectate\/wp-content\/uploads\/2024\/08\/Cursos-Mod-Combinadac_pop.jpg\" \/>\n\t<meta property=\"og:image:width\" content=\"600\" \/>\n\t<meta property=\"og:image:height\" content=\"319\" \/>\n\t<meta property=\"og:image:type\" content=\"image\/jpeg\" \/>\n<meta name=\"twitter:card\" content=\"summary_large_image\" \/>\n<meta name=\"twitter:title\" content=\"Cursos modalidad combinada\" \/>\n<meta name=\"twitter:image\" content=\"https:\/\/uepc.org.ar\/conectate\/wp-content\/uploads\/2024\/08\/Cursos-Mod-Combinadac_Fb.jpg\" \/>\n<meta name=\"twitter:site\" content=\"@ConectateUEPC\" \/>\n<meta name=\"twitter:label1\" content=\"Tiempo de lectura\" \/>\n\t<meta name=\"twitter:data1\" content=\"1 minuto\" \/>\n<script type=\"application\/ld+json\" class=\"yoast-schema-graph\">{\"@context\":\"https:\/\/schema.org\",\"@graph\":[{\"@type\":\"WebPage\",\"@id\":\"https:\/\/uepc.org.ar\/conectate\/cursos-modalidad-combinada\/\",\"url\":\"https:\/\/uepc.org.ar\/conectate\/cursos-modalidad-combinada\/\",\"name\":\"Cursos modalidad combinada | Formaci\u00f3n docente\",\"isPartOf\":{\"@id\":\"https:\/\/uepc.org.ar\/conectate\/#website\"},\"primaryImageOfPage\":{\"@id\":\"https:\/\/uepc.org.ar\/conectate\/cursos-modalidad-combinada\/#primaryimage\"},\"image\":{\"@id\":\"https:\/\/uepc.org.ar\/conectate\/cursos-modalidad-combinada\/#primaryimage\"},\"thumbnailUrl\":\"https:\/\/uepc.org.ar\/conectate\/wp-content\/uploads\/2024\/08\/Cursos-Mod-Combinadac_Fb.jpg\",\"datePublished\":\"2023-10-03T10:30:00+00:00\",\"dateModified\":\"2024-08-21T14:54:21+00:00\",\"description\":\"Desde el ICIEC UEPC presentamos 16 cursos de modalidad virtual con puntaje sobre diversas tem\u00e1ticas y\/o dimensiones del trabajo pedag\u00f3gico en la actualidad.\",\"breadcrumb\":{\"@id\":\"https:\/\/uepc.org.ar\/conectate\/cursos-modalidad-combinada\/#breadcrumb\"},\"inLanguage\":\"es\",\"potentialAction\":[{\"@type\":\"ReadAction\",\"target\":[\"https:\/\/uepc.org.ar\/conectate\/cursos-modalidad-combinada\/\"]}]},{\"@type\":\"ImageObject\",\"inLanguage\":\"es\",\"@id\":\"https:\/\/uepc.org.ar\/conectate\/cursos-modalidad-combinada\/#primaryimage\",\"url\":\"https:\/\/uepc.org.ar\/conectate\/wp-content\/uploads\/2024\/08\/Cursos-Mod-Combinadac_Fb.jpg\",\"contentUrl\":\"https:\/\/uepc.org.ar\/conectate\/wp-content\/uploads\/2024\/08\/Cursos-Mod-Combinadac_Fb.jpg\",\"width\":1201,\"height\":639},{\"@type\":\"BreadcrumbList\",\"@id\":\"https:\/\/uepc.org.ar\/conectate\/cursos-modalidad-combinada\/#breadcrumb\",\"itemListElement\":[{\"@type\":\"ListItem\",\"position\":1,\"name\":\"Home\",\"item\":\"https:\/\/uepc.org.ar\/conectate\/\"},{\"@type\":\"ListItem\",\"position\":2,\"name\":\"Cursos modalidad combinada | Formaci\u00f3n docente\"}]},{\"@type\":\"WebSite\",\"@id\":\"https:\/\/uepc.org.ar\/conectate\/#website\",\"url\":\"https:\/\/uepc.org.ar\/conectate\/\",\"name\":\"conectate ICIEC-UEPC\",\"description\":\"conectate a la pasi\u00f3n de educar\",\"publisher\":{\"@id\":\"https:\/\/uepc.org.ar\/conectate\/#organization\"},\"potentialAction\":[{\"@type\":\"SearchAction\",\"target\":{\"@type\":\"EntryPoint\",\"urlTemplate\":\"https:\/\/uepc.org.ar\/conectate\/?s={search_term_string}\"},\"query-input\":{\"@type\":\"PropertyValueSpecification\",\"valueRequired\":true,\"valueName\":\"search_term_string\"}}],\"inLanguage\":\"es\"},{\"@type\":\"Organization\",\"@id\":\"https:\/\/uepc.org.ar\/conectate\/#organization\",\"name\":\"conectate UEPC\",\"url\":\"https:\/\/uepc.org.ar\/conectate\/\",\"logo\":{\"@type\":\"ImageObject\",\"inLanguage\":\"es\",\"@id\":\"https:\/\/uepc.org.ar\/conectate\/#\/schema\/logo\/image\/\",\"url\":\"http:\/\/uepc.org.ar\/conectate\/wp-content\/uploads\/2019\/08\/lg-iciecx2.png\",\"contentUrl\":\"http:\/\/uepc.org.ar\/conectate\/wp-content\/uploads\/2019\/08\/lg-iciecx2.png\",\"width\":600,\"height\":266,\"caption\":\"conectate UEPC\"},\"image\":{\"@id\":\"https:\/\/uepc.org.ar\/conectate\/#\/schema\/logo\/image\/\"},\"sameAs\":[\"https:\/\/www.facebook.com\/conectate.uepc\",\"https:\/\/x.com\/ConectateUEPC\",\"https:\/\/www.instagram.com\/conectateuepc\/\",\"https:\/\/www.youtube.com\/channel\/UC_gvxulloCni4YDXzFRZ_qQ\"]}]}<\/script>\n<!-- \/ Yoast SEO plugin. -->","yoast_head_json":{"title":"Cursos modalidad combinada | Formaci\u00f3n docente","description":"Desde el ICIEC UEPC presentamos 16 cursos de modalidad virtual con puntaje sobre diversas tem\u00e1ticas y\/o dimensiones del trabajo pedag\u00f3gico en la actualidad.","robots":{"index":"index","follow":"follow","max-snippet":"max-snippet:-1","max-image-preview":"max-image-preview:large","max-video-preview":"max-video-preview:-1"},"canonical":"https:\/\/uepc.org.ar\/conectate\/cursos-modalidad-combinada\/","og_locale":"es_ES","og_type":"article","og_title":"Cursos modalidad combinada","og_description":"En esta primera edici\u00f3n 2024 de los cursos de formaci\u00f3n docente de modalidad combinada, ponemos a disposici\u00f3n nuevas propuestas para afiliadas y afiliados.\u00a0","og_url":"https:\/\/uepc.org.ar\/conectate\/cursos-modalidad-combinada\/","og_site_name":"conectate ICIEC-UEPC","article_publisher":"https:\/\/www.facebook.com\/conectate.uepc","article_modified_time":"2024-08-21T14:54:21+00:00","og_image":[{"width":600,"height":319,"url":"https:\/\/uepc.org.ar\/conectate\/wp-content\/uploads\/2024\/08\/Cursos-Mod-Combinadac_pop.jpg","type":"image\/jpeg"}],"twitter_card":"summary_large_image","twitter_title":"Cursos modalidad combinada","twitter_image":"https:\/\/uepc.org.ar\/conectate\/wp-content\/uploads\/2024\/08\/Cursos-Mod-Combinadac_Fb.jpg","twitter_site":"@ConectateUEPC","twitter_misc":{"Tiempo de lectura":"1 minuto"},"schema":{"@context":"https:\/\/schema.org","@graph":[{"@type":"WebPage","@id":"https:\/\/uepc.org.ar\/conectate\/cursos-modalidad-combinada\/","url":"https:\/\/uepc.org.ar\/conectate\/cursos-modalidad-combinada\/","name":"Cursos modalidad combinada | Formaci\u00f3n docente","isPartOf":{"@id":"https:\/\/uepc.org.ar\/conectate\/#website"},"primaryImageOfPage":{"@id":"https:\/\/uepc.org.ar\/conectate\/cursos-modalidad-combinada\/#primaryimage"},"image":{"@id":"https:\/\/uepc.org.ar\/conectate\/cursos-modalidad-combinada\/#primaryimage"},"thumbnailUrl":"https:\/\/uepc.org.ar\/conectate\/wp-content\/uploads\/2024\/08\/Cursos-Mod-Combinadac_Fb.jpg","datePublished":"2023-10-03T10:30:00+00:00","dateModified":"2024-08-21T14:54:21+00:00","description":"Desde el ICIEC UEPC presentamos 16 cursos de modalidad virtual con puntaje sobre diversas tem\u00e1ticas y\/o dimensiones del trabajo pedag\u00f3gico en la actualidad.","breadcrumb":{"@id":"https:\/\/uepc.org.ar\/conectate\/cursos-modalidad-combinada\/#breadcrumb"},"inLanguage":"es","potentialAction":[{"@type":"ReadAction","target":["https:\/\/uepc.org.ar\/conectate\/cursos-modalidad-combinada\/"]}]},{"@type":"ImageObject","inLanguage":"es","@id":"https:\/\/uepc.org.ar\/conectate\/cursos-modalidad-combinada\/#primaryimage","url":"https:\/\/uepc.org.ar\/conectate\/wp-content\/uploads\/2024\/08\/Cursos-Mod-Combinadac_Fb.jpg","contentUrl":"https:\/\/uepc.org.ar\/conectate\/wp-content\/uploads\/2024\/08\/Cursos-Mod-Combinadac_Fb.jpg","width":1201,"height":639},{"@type":"BreadcrumbList","@id":"https:\/\/uepc.org.ar\/conectate\/cursos-modalidad-combinada\/#breadcrumb","itemListElement":[{"@type":"ListItem","position":1,"name":"Home","item":"https:\/\/uepc.org.ar\/conectate\/"},{"@type":"ListItem","position":2,"name":"Cursos modalidad combinada | Formaci\u00f3n docente"}]},{"@type":"WebSite","@id":"https:\/\/uepc.org.ar\/conectate\/#website","url":"https:\/\/uepc.org.ar\/conectate\/","name":"conectate ICIEC-UEPC","description":"conectate a la pasi\u00f3n de educar","publisher":{"@id":"https:\/\/uepc.org.ar\/conectate\/#organization"},"potentialAction":[{"@type":"SearchAction","target":{"@type":"EntryPoint","urlTemplate":"https:\/\/uepc.org.ar\/conectate\/?s={search_term_string}"},"query-input":{"@type":"PropertyValueSpecification","valueRequired":true,"valueName":"search_term_string"}}],"inLanguage":"es"},{"@type":"Organization","@id":"https:\/\/uepc.org.ar\/conectate\/#organization","name":"conectate UEPC","url":"https:\/\/uepc.org.ar\/conectate\/","logo":{"@type":"ImageObject","inLanguage":"es","@id":"https:\/\/uepc.org.ar\/conectate\/#\/schema\/logo\/image\/","url":"http:\/\/uepc.org.ar\/conectate\/wp-content\/uploads\/2019\/08\/lg-iciecx2.png","contentUrl":"http:\/\/uepc.org.ar\/conectate\/wp-content\/uploads\/2019\/08\/lg-iciecx2.png","width":600,"height":266,"caption":"conectate UEPC"},"image":{"@id":"https:\/\/uepc.org.ar\/conectate\/#\/schema\/logo\/image\/"},"sameAs":["https:\/\/www.facebook.com\/conectate.uepc","https:\/\/x.com\/ConectateUEPC","https:\/\/www.instagram.com\/conectateuepc\/","https:\/\/www.youtube.com\/channel\/UC_gvxulloCni4YDXzFRZ_qQ"]}]}},"uagb_featured_image_src":{"full":["https:\/\/uepc.org.ar\/conectate\/wp-content\/uploads\/2024\/08\/Cursos-Mod-Combinadac_Fb.jpg",1201,639,false],"thumbnail":["https:\/\/uepc.org.ar\/conectate\/wp-content\/uploads\/2024\/08\/Cursos-Mod-Combinadac_Fb-150x150.jpg",150,150,true],"medium":["https:\/\/uepc.org.ar\/conectate\/wp-content\/uploads\/2024\/08\/Cursos-Mod-Combinadac_Fb-494x263.jpg",494,263,true],"medium_large":["https:\/\/uepc.org.ar\/conectate\/wp-content\/uploads\/2024\/08\/Cursos-Mod-Combinadac_Fb-768x409.jpg",768,409,true],"large":["https:\/\/uepc.org.ar\/conectate\/wp-content\/uploads\/2024\/08\/Cursos-Mod-Combinadac_Fb-1024x545.jpg",1024,545,true],"1536x1536":["https:\/\/uepc.org.ar\/conectate\/wp-content\/uploads\/2024\/08\/Cursos-Mod-Combinadac_Fb.jpg",1201,639,false],"2048x2048":["https:\/\/uepc.org.ar\/conectate\/wp-content\/uploads\/2024\/08\/Cursos-Mod-Combinadac_Fb.jpg",1201,639,false],"post-thumbnail":["https:\/\/uepc.org.ar\/conectate\/wp-content\/uploads\/2024\/08\/Cursos-Mod-Combinadac_Fb-150x150.jpg",150,150,true],"destacada":["https:\/\/uepc.org.ar\/conectate\/wp-content\/uploads\/2024\/08\/Cursos-Mod-Combinadac_Fb.jpg",1201,639,false],"eris-archive-image":["https:\/\/uepc.org.ar\/conectate\/wp-content\/uploads\/2024\/08\/Cursos-Mod-Combinadac_Fb-1100x578.jpg",1100,578,true],"eris-archive-image-portrait":["https:\/\/uepc.org.ar\/conectate\/wp-content\/uploads\/2024\/08\/Cursos-Mod-Combinadac_Fb-550x293.jpg",550,293,true],"eris-search-image":["https:\/\/uepc.org.ar\/conectate\/wp-content\/uploads\/2024\/08\/Cursos-Mod-Combinadac_Fb-160x85.jpg",160,85,true]},"uagb_author_info":{"display_name":"Conectate","author_link":"https:\/\/uepc.org.ar\/conectate\/author\/conectate\/"},"uagb_comment_info":0,"uagb_excerpt":"En esta primera edici\u00f3n 2024 de los cursos de formaci\u00f3n docente de modalidad combinada, ponemos a disposici\u00f3n nuevas propuestas para afiliadas y afiliados.&nbsp; Desde el ICIEC de la Secretar\u00eda de Educaci\u00f3n de UEPC ponemos a disposici\u00f3n propuestas destinadas a afiliadas y afiliados que comienzan en la semana del 26 de agosto y recorrer\u00e1n diferentes tem\u00e1ticas&hellip;","_links":{"self":[{"href":"https:\/\/uepc.org.ar\/conectate\/wp-json\/wp\/v2\/pages\/21453","targetHints":{"allow":["GET"]}}],"collection":[{"href":"https:\/\/uepc.org.ar\/conectate\/wp-json\/wp\/v2\/pages"}],"about":[{"href":"https:\/\/uepc.org.ar\/conectate\/wp-json\/wp\/v2\/types\/page"}],"author":[{"embeddable":true,"href":"https:\/\/uepc.org.ar\/conectate\/wp-json\/wp\/v2\/users\/17"}],"replies":[{"embeddable":true,"href":"https:\/\/uepc.org.ar\/conectate\/wp-json\/wp\/v2\/comments?post=21453"}],"version-history":[{"count":20,"href":"https:\/\/uepc.org.ar\/conectate\/wp-json\/wp\/v2\/pages\/21453\/revisions"}],"predecessor-version":[{"id":29757,"href":"https:\/\/uepc.org.ar\/conectate\/wp-json\/wp\/v2\/pages\/21453\/revisions\/29757"}],"wp:featuredmedia":[{"embeddable":true,"href":"https:\/\/uepc.org.ar\/conectate\/wp-json\/wp\/v2\/media\/29677"}],"wp:attachment":[{"href":"https:\/\/uepc.org.ar\/conectate\/wp-json\/wp\/v2\/media?parent=21453"}],"curies":[{"name":"wp","href":"https:\/\/api.w.org\/{rel}","templated":true}]}}