{"id":24176,"date":"2023-03-31T10:09:00","date_gmt":"2023-03-31T13:09:00","guid":{"rendered":"http:\/\/ht628195.hostingtelefonica.com.ar\/conectate\/?page_id=24176"},"modified":"2023-03-31T13:14:51","modified_gmt":"2023-03-31T16:14:51","slug":"cursos-virtuales-de-formacion-docente-secundaria","status":"publish","type":"page","link":"https:\/\/uepc.org.ar\/conectate\/cursos-virtuales-de-formacion-docente-secundaria\/","title":{"rendered":"Cursos Virtuales de Formaci\u00f3n Docente \u00b7 Nivel Secundario"},"content":{"rendered":"\n<div style=\"height:33px\" aria-hidden=\"true\" class=\"wp-block-spacer\"><\/div>\n\n\n\n\t\t\t<div class=\"wp-block-uagb-post-grid uagb-post-grid  uagb-post__image-position-top uagb-post__image-enabled uagb-block-b0c21091-aec8-4bc3-bc10-baff178fd51e     uagb-post__items uagb-post__columns-1 is-grid uagb-post__columns-tablet-2 uagb-post__columns-mobile-1 uagb-post__equal-height\" data-total=\"1\" style=\"\">\n\n\t\t\t\t\t\t\t\t\t\t\t\t<article class=\"uagb-post__inner-wrap\">\t\t\t\t\t\t\t\t<h5 class=\"uagb-post__title uagb-post__text\">\n\t\t\t\t<a href=\"https:\/\/uepc.org.ar\/conectate\/resolucion-cfe-509-25-fichas-monitoreo-planes-de-alfabetizacion-ano-2025\/\" target=\"_self\" rel=\"bookmark noopener noreferrer\">Resoluci\u00f3n CFE 509\/25 | Fichas monitoreo planes de alfabetizaci\u00f3n a\u00f1o 2025<\/a>\n\t\t\t<\/h5>\n\t\t\t\t\t\t<div class='uagb-post__text uagb-post-grid-byline'>\n\t\t\t\t\t\t\t\t<div class=\"uagb-post__text\">\n\t\t\t\t\t<span class='uagb-post__taxonomy'>\n\t\t\t\t\t\t<span class=\"dashicons-tag dashicons\"><\/span>\t\t\t\t\t\t<a href=\"https:\/\/uepc.org.ar\/conectate\/secciones\/regulaciones-educativas\/\">Regulaciones Educativas<\/a>,&nbsp;<a href=\"https:\/\/uepc.org.ar\/conectate\/secciones\/regulaciones-educativas\/resoluciones-nacionales\/\">Resoluciones Nacionales<\/a>,&nbsp;<a href=\"https:\/\/uepc.org.ar\/conectate\/secciones\/cursos-virtuales\/secundaria\/\">Secundaria<\/a>\t\t\t\t\t<\/span>\n\t\t\t\t<\/div>\n\t\t\t\t\t\t\t<\/div>\n\t\t\t\t\t\t\t<div class='uagb-post__text uagb-post__excerpt'>\n\t\t\t\t\t<p>Resoluci\u00f3n: CFE 509\/25 Fecha:22\/12\/2025 Ver resoluci\u00f3n<\/p>\n<a class=\"read-more-link\" href=\"https:\/\/uepc.org.ar\/conectate\/resolucion-cfe-509-25-fichas-monitoreo-planes-de-alfabetizacion-ano-2025\/\">Leer m\u00e1s<\/a>\t\t\t\t<\/div>\n\t\t\t\t\t\t<div class=\"uagb-post__text uagb-post__cta wp-block-button\">\n\t\t\t\t<a class=\"wp-block-button__link uagb-text-link\" style=\"\" href=\"https:\/\/uepc.org.ar\/conectate\/resolucion-cfe-509-25-fichas-monitoreo-planes-de-alfabetizacion-ano-2025\/\" target=\"_self\" rel=\"bookmark noopener noreferrer\">+ info<\/a>\n\t\t\t<\/div>\n\t\t\t\n\t\t\t\t\t\t\t\t\t<\/article>\n\t\t\t\t\t\t\t\t\t\t\t\t\t\t\t\t<article class=\"uagb-post__inner-wrap\">\t\t\t\t\t\t\t\t<h5 class=\"uagb-post__title uagb-post__text\">\n\t\t\t\t<a href=\"https:\/\/uepc.org.ar\/conectate\/proyectos-escolares-aportes-para-su-implementacion-y-evaluacion-en-clave-pedagogico-didactica\/\" target=\"_self\" rel=\"bookmark noopener noreferrer\">Proyectos escolares: aportes para su implementaci\u00f3n y evaluaci\u00f3n en clave pedag\u00f3gico-did\u00e1ctica | Nueva propuesta<\/a>\n\t\t\t<\/h5>\n\t\t\t\t\t\t<div class='uagb-post__text uagb-post-grid-byline'>\n\t\t\t\t\t\t\t\t<div class=\"uagb-post__text\">\n\t\t\t\t\t<span class='uagb-post__taxonomy'>\n\t\t\t\t\t\t<span class=\"dashicons-tag dashicons\"><\/span>\t\t\t\t\t\t<a href=\"https:\/\/uepc.org.ar\/conectate\/secciones\/cursos-virtuales\/\">Cursos Virtuales<\/a>,&nbsp;<a href=\"https:\/\/uepc.org.ar\/conectate\/secciones\/cursos-virtuales\/secundaria\/\">Secundaria<\/a>\t\t\t\t\t<\/span>\n\t\t\t\t<\/div>\n\t\t\t\t\t\t\t<\/div>\n\t\t\t\t\t\t\t<div class='uagb-post__text uagb-post__excerpt'>\n\t\t\t\t\t<p>Destinado a: Docentes de Educaci\u00f3n Secundaria, afiliadas y afiliados. Duraci\u00f3n: 4 semanas (4 encuentros sincr\u00f3nicos y actividades asincr\u00f3nicas). Acredita: 30 h reloj. Equipo docente a cargo: Marcela Rivero. Maestra, Profesora en Ciencias de la Educaci\u00f3n, Esp. en Educaci\u00f3n y Tic,&nbsp; maestranda en Procesos Educativos Mediados por Tic y docente de&#8230;\t\t\t\t<\/div>\n\t\t\t\t\t\t<div class=\"uagb-post__text uagb-post__cta wp-block-button\">\n\t\t\t\t<a class=\"wp-block-button__link uagb-text-link\" style=\"\" href=\"https:\/\/uepc.org.ar\/conectate\/proyectos-escolares-aportes-para-su-implementacion-y-evaluacion-en-clave-pedagogico-didactica\/\" target=\"_self\" rel=\"bookmark noopener noreferrer\">+ info<\/a>\n\t\t\t<\/div>\n\t\t\t\n\t\t\t\t\t\t\t\t\t<\/article>\n\t\t\t\t\t\t\t\t\t\t\t\t\t\t\t\t<article class=\"uagb-post__inner-wrap\">\t\t\t\t\t\t\t\t<div class='uagb-post__image'>\n\t\t\t\t\t\t\t\t\t<a href=\"https:\/\/uepc.org.ar\/conectate\/buentrato-ensenar-aprender\/\" target=\"_self\" rel=\"bookmark noopener noreferrer\" class='uagb-image-ratio-inherit'><img loading=\"lazy\" decoding=\"async\" width=\"1024\" height=\"465\" src=\"https:\/\/uepc.org.ar\/conectate\/wp-content\/uploads\/2024\/05\/buentrato_web_1-1024x465.jpg\" class=\"attachment-large size-large\" alt=\"\" srcset=\"https:\/\/uepc.org.ar\/conectate\/wp-content\/uploads\/2024\/05\/buentrato_web_1-1024x465.jpg 1024w, https:\/\/uepc.org.ar\/conectate\/wp-content\/uploads\/2024\/05\/buentrato_web_1-500x227.jpg 500w, https:\/\/uepc.org.ar\/conectate\/wp-content\/uploads\/2024\/05\/buentrato_web_1-768x349.jpg 768w, https:\/\/uepc.org.ar\/conectate\/wp-content\/uploads\/2024\/05\/buentrato_web_1-550x250.jpg 550w, https:\/\/uepc.org.ar\/conectate\/wp-content\/uploads\/2024\/05\/buentrato_web_1-160x73.jpg 160w, https:\/\/uepc.org.ar\/conectate\/wp-content\/uploads\/2024\/05\/buentrato_web_1.jpg 1100w\" sizes=\"auto, (max-width: 1024px) 100vw, 1024px\" \/>\t\t\t\t\t<\/a>\n\t\t\t\t\t\t\t<\/div>\n\t\t\t\t\t\t<h5 class=\"uagb-post__title uagb-post__text\">\n\t\t\t\t<a href=\"https:\/\/uepc.org.ar\/conectate\/buentrato-ensenar-aprender\/\" target=\"_self\" rel=\"bookmark noopener noreferrer\">Buentrato para ense\u00f1ar y aprender<\/a>\n\t\t\t<\/h5>\n\t\t\t\t\t\t<div class='uagb-post__text uagb-post-grid-byline'>\n\t\t\t\t\t\t\t\t<div class=\"uagb-post__text\">\n\t\t\t\t\t<span class='uagb-post__taxonomy'>\n\t\t\t\t\t\t<span class=\"dashicons-tag dashicons\"><\/span>\t\t\t\t\t\t<a href=\"https:\/\/uepc.org.ar\/conectate\/secciones\/cuadernos-para-la-ensenanza\/\">Cuadernos para la Ense\u00f1anza<\/a>,&nbsp;<a href=\"https:\/\/uepc.org.ar\/conectate\/secciones\/cursos-virtuales\/inicial\/\">Inicial<\/a>,&nbsp;<a href=\"https:\/\/uepc.org.ar\/conectate\/secciones\/noticias\/\">Noticias<\/a>,&nbsp;<a href=\"https:\/\/uepc.org.ar\/conectate\/secciones\/cursos-virtuales\/primaria\/\">Primaria<\/a>,&nbsp;<a href=\"https:\/\/uepc.org.ar\/conectate\/secciones\/cursos-virtuales\/secundaria\/\">Secundaria<\/a>\t\t\t\t\t<\/span>\n\t\t\t\t<\/div>\n\t\t\t\t\t\t\t<\/div>\n\t\t\t\t\t\t\t<div class='uagb-post__text uagb-post__excerpt'>\n\t\t\t\t\t<p>Compartimos una publicaci\u00f3n para abordar la Convivencia en la escuela y acompa\u00f1ar la tarea docente a trav\u00e9s de ideas, actividades y ejemplos que posibilitan aprendizajes significativos en las y los estudiantes. Buentrato para ense\u00f1ar y aprender en las aulas, forma parte de la serie Cuadernos para la ense\u00f1anza y se&#8230;\t\t\t\t<\/div>\n\t\t\t\t\t\t<div class=\"uagb-post__text uagb-post__cta wp-block-button\">\n\t\t\t\t<a class=\"wp-block-button__link uagb-text-link\" style=\"\" href=\"https:\/\/uepc.org.ar\/conectate\/buentrato-ensenar-aprender\/\" target=\"_self\" rel=\"bookmark noopener noreferrer\">+ info<\/a>\n\t\t\t<\/div>\n\t\t\t\n\t\t\t\t\t\t\t\t\t<\/article>\n\t\t\t\t\t\t\t\t\t\t\t\t\t\t\t\t<article class=\"uagb-post__inner-wrap\">\t\t\t\t\t\t\t\t<h5 class=\"uagb-post__title uagb-post__text\">\n\t\t\t\t<a href=\"https:\/\/uepc.org.ar\/conectate\/resolucion-506-25-compromiso-federal-por-la-alfabetizacion-monitoreo-2025-planificacion-2026\/\" target=\"_self\" rel=\"bookmark noopener noreferrer\">Resoluci\u00f3n 506\/25 | Compromiso Federal por la Alfabetizaci\u00f3n &#8211; Monitoreo 2025 &#8211; Planificaci\u00f3n 2026<\/a>\n\t\t\t<\/h5>\n\t\t\t\t\t\t<div class='uagb-post__text uagb-post-grid-byline'>\n\t\t\t\t\t\t\t\t<div class=\"uagb-post__text\">\n\t\t\t\t\t<span class='uagb-post__taxonomy'>\n\t\t\t\t\t\t<span class=\"dashicons-tag dashicons\"><\/span>\t\t\t\t\t\t<a href=\"https:\/\/uepc.org.ar\/conectate\/secciones\/cursos-virtuales\/inicial\/\">Inicial<\/a>,&nbsp;<a href=\"https:\/\/uepc.org.ar\/conectate\/secciones\/cursos-virtuales\/primaria\/\">Primaria<\/a>,&nbsp;<a href=\"https:\/\/uepc.org.ar\/conectate\/secciones\/regulaciones-educativas\/\">Regulaciones Educativas<\/a>,&nbsp;<a href=\"https:\/\/uepc.org.ar\/conectate\/secciones\/regulaciones-educativas\/resoluciones-nacionales\/\">Resoluciones Nacionales<\/a>,&nbsp;<a href=\"https:\/\/uepc.org.ar\/conectate\/secciones\/cursos-virtuales\/secundaria\/\">Secundaria<\/a>\t\t\t\t\t<\/span>\n\t\t\t\t<\/div>\n\t\t\t\t\t\t\t<\/div>\n\t\t\t\t\t\t\t<div class='uagb-post__text uagb-post__excerpt'>\n\t\t\t\t\tRelevamiento Nacional de Personal Educativo\t\t\t\t<\/div>\n\t\t\t\t\t\t<div class=\"uagb-post__text uagb-post__cta wp-block-button\">\n\t\t\t\t<a class=\"wp-block-button__link uagb-text-link\" style=\"\" href=\"https:\/\/uepc.org.ar\/conectate\/resolucion-506-25-compromiso-federal-por-la-alfabetizacion-monitoreo-2025-planificacion-2026\/\" target=\"_self\" rel=\"bookmark noopener noreferrer\">+ info<\/a>\n\t\t\t<\/div>\n\t\t\t\n\t\t\t\t\t\t\t\t\t<\/article>\n\t\t\t\t\t\t\t\t\t\t\t<\/div>\n\t\t\t\n\n\n<div style=\"height:25px\" aria-hidden=\"true\" class=\"wp-block-spacer\"><\/div>\n\n\n\n<div class=\"wp-block-buttons is-layout-flex wp-block-buttons-is-layout-flex\">\n<div class=\"wp-block-button is-style-circular\"><a class=\"wp-block-button__link has-azul-background-color has-background\" href=\"https:\/\/uepc.org.ar\/conectate\/cursos-virtuales-de-formacion-docente\/\">Cursos Virtuales de Formaci\u00f3n Docente<\/a><\/div>\n<\/div>\n","protected":false},"excerpt":{"rendered":"<a class=\"read-more-link\" href=\" https:\/\/uepc.org.ar\/conectate\/cursos-virtuales-de-formacion-docente-secundaria\/ \">Leer m\u00e1s<\/a>","protected":false},"author":17,"featured_media":0,"parent":0,"menu_order":2,"comment_status":"closed","ping_status":"closed","template":"","meta":{"_acf_changed":false,"_coblocks_attr":"","_coblocks_dimensions":"{\"coblocks-hero-715154622854\":{\"padding\":{}},\"coblocks-hero-81217141402\":{\"padding\":{}}}","_coblocks_responsive_height":"{\"coblocks-hero-715154622854\":{\"height\":{\"height\":100}}}","_coblocks_accordion_ie_support":"","_uag_custom_page_level_css":"","footnotes":""},"class_list":["post-24176","page","type-page","status-publish","hentry"],"acf":[],"yoast_head":"<!-- This site is optimized with the Yoast SEO plugin v26.8 - https:\/\/yoast.com\/product\/yoast-seo-wordpress\/ -->\n<title>Cursos Virtuales de Formaci\u00f3n Docente \u00b7 Nivel Secundario - conectate ICIEC-UEPC<\/title>\n<meta name=\"description\" content=\"Cursos de modalidad virtual con puntaje para docentes del nivel secundario sobre diversas tem\u00e1ticas y\/o dimensiones del trabajo pedag\u00f3gico en la actualidad.\" \/>\n<meta name=\"robots\" content=\"index, follow, max-snippet:-1, max-image-preview:large, max-video-preview:-1\" \/>\n<link rel=\"canonical\" href=\"https:\/\/uepc.org.ar\/conectate\/cursos-virtuales-de-formacion-docente-secundaria\/\" \/>\n<meta property=\"og:locale\" content=\"es_ES\" \/>\n<meta property=\"og:type\" content=\"article\" \/>\n<meta property=\"og:title\" content=\"Cursos Virtuales de Formaci\u00f3n Docente \u00b7 Nivel Secundario - conectate ICIEC-UEPC\" \/>\n<meta property=\"og:description\" content=\"Cursos de modalidad virtual con puntaje para docentes del nivel secundario sobre diversas tem\u00e1ticas y\/o dimensiones del trabajo pedag\u00f3gico en la actualidad.\" \/>\n<meta property=\"og:url\" content=\"https:\/\/uepc.org.ar\/conectate\/cursos-virtuales-de-formacion-docente-secundaria\/\" \/>\n<meta property=\"og:site_name\" content=\"conectate ICIEC-UEPC\" \/>\n<meta property=\"article:publisher\" content=\"https:\/\/www.facebook.com\/conectate.uepc\" \/>\n<meta property=\"article:modified_time\" content=\"2023-03-31T16:14:51+00:00\" \/>\n<meta name=\"twitter:card\" content=\"summary_large_image\" \/>\n<meta name=\"twitter:site\" content=\"@ConectateUEPC\" \/>\n<script type=\"application\/ld+json\" class=\"yoast-schema-graph\">{\"@context\":\"https:\/\/schema.org\",\"@graph\":[{\"@type\":\"WebPage\",\"@id\":\"https:\/\/uepc.org.ar\/conectate\/cursos-virtuales-de-formacion-docente-secundaria\/\",\"url\":\"https:\/\/uepc.org.ar\/conectate\/cursos-virtuales-de-formacion-docente-secundaria\/\",\"name\":\"Cursos Virtuales de Formaci\u00f3n Docente \u00b7 Nivel Secundario - conectate ICIEC-UEPC\",\"isPartOf\":{\"@id\":\"https:\/\/uepc.org.ar\/conectate\/#website\"},\"datePublished\":\"2023-03-31T13:09:00+00:00\",\"dateModified\":\"2023-03-31T16:14:51+00:00\",\"description\":\"Cursos de modalidad virtual con puntaje para docentes del nivel secundario sobre diversas tem\u00e1ticas y\/o dimensiones del trabajo pedag\u00f3gico en la actualidad.\",\"breadcrumb\":{\"@id\":\"https:\/\/uepc.org.ar\/conectate\/cursos-virtuales-de-formacion-docente-secundaria\/#breadcrumb\"},\"inLanguage\":\"es\",\"potentialAction\":[{\"@type\":\"ReadAction\",\"target\":[\"https:\/\/uepc.org.ar\/conectate\/cursos-virtuales-de-formacion-docente-secundaria\/\"]}]},{\"@type\":\"BreadcrumbList\",\"@id\":\"https:\/\/uepc.org.ar\/conectate\/cursos-virtuales-de-formacion-docente-secundaria\/#breadcrumb\",\"itemListElement\":[{\"@type\":\"ListItem\",\"position\":1,\"name\":\"Home\",\"item\":\"https:\/\/uepc.org.ar\/conectate\/\"},{\"@type\":\"ListItem\",\"position\":2,\"name\":\"Cursos Virtuales de Formaci\u00f3n Docente \u00b7 Nivel Secundario\"}]},{\"@type\":\"WebSite\",\"@id\":\"https:\/\/uepc.org.ar\/conectate\/#website\",\"url\":\"https:\/\/uepc.org.ar\/conectate\/\",\"name\":\"conectate ICIEC-UEPC\",\"description\":\"conectate a la pasi\u00f3n de educar\",\"publisher\":{\"@id\":\"https:\/\/uepc.org.ar\/conectate\/#organization\"},\"potentialAction\":[{\"@type\":\"SearchAction\",\"target\":{\"@type\":\"EntryPoint\",\"urlTemplate\":\"https:\/\/uepc.org.ar\/conectate\/?s={search_term_string}\"},\"query-input\":{\"@type\":\"PropertyValueSpecification\",\"valueRequired\":true,\"valueName\":\"search_term_string\"}}],\"inLanguage\":\"es\"},{\"@type\":\"Organization\",\"@id\":\"https:\/\/uepc.org.ar\/conectate\/#organization\",\"name\":\"conectate UEPC\",\"url\":\"https:\/\/uepc.org.ar\/conectate\/\",\"logo\":{\"@type\":\"ImageObject\",\"inLanguage\":\"es\",\"@id\":\"https:\/\/uepc.org.ar\/conectate\/#\/schema\/logo\/image\/\",\"url\":\"http:\/\/uepc.org.ar\/conectate\/wp-content\/uploads\/2019\/08\/lg-iciecx2.png\",\"contentUrl\":\"http:\/\/uepc.org.ar\/conectate\/wp-content\/uploads\/2019\/08\/lg-iciecx2.png\",\"width\":600,\"height\":266,\"caption\":\"conectate UEPC\"},\"image\":{\"@id\":\"https:\/\/uepc.org.ar\/conectate\/#\/schema\/logo\/image\/\"},\"sameAs\":[\"https:\/\/www.facebook.com\/conectate.uepc\",\"https:\/\/x.com\/ConectateUEPC\",\"https:\/\/www.instagram.com\/conectateuepc\/\",\"https:\/\/www.youtube.com\/channel\/UC_gvxulloCni4YDXzFRZ_qQ\"]}]}<\/script>\n<!-- \/ Yoast SEO plugin. -->","yoast_head_json":{"title":"Cursos Virtuales de Formaci\u00f3n Docente \u00b7 Nivel Secundario - conectate ICIEC-UEPC","description":"Cursos de modalidad virtual con puntaje para docentes del nivel secundario sobre diversas tem\u00e1ticas y\/o dimensiones del trabajo pedag\u00f3gico en la actualidad.","robots":{"index":"index","follow":"follow","max-snippet":"max-snippet:-1","max-image-preview":"max-image-preview:large","max-video-preview":"max-video-preview:-1"},"canonical":"https:\/\/uepc.org.ar\/conectate\/cursos-virtuales-de-formacion-docente-secundaria\/","og_locale":"es_ES","og_type":"article","og_title":"Cursos Virtuales de Formaci\u00f3n Docente \u00b7 Nivel Secundario - conectate ICIEC-UEPC","og_description":"Cursos de modalidad virtual con puntaje para docentes del nivel secundario sobre diversas tem\u00e1ticas y\/o dimensiones del trabajo pedag\u00f3gico en la actualidad.","og_url":"https:\/\/uepc.org.ar\/conectate\/cursos-virtuales-de-formacion-docente-secundaria\/","og_site_name":"conectate ICIEC-UEPC","article_publisher":"https:\/\/www.facebook.com\/conectate.uepc","article_modified_time":"2023-03-31T16:14:51+00:00","twitter_card":"summary_large_image","twitter_site":"@ConectateUEPC","schema":{"@context":"https:\/\/schema.org","@graph":[{"@type":"WebPage","@id":"https:\/\/uepc.org.ar\/conectate\/cursos-virtuales-de-formacion-docente-secundaria\/","url":"https:\/\/uepc.org.ar\/conectate\/cursos-virtuales-de-formacion-docente-secundaria\/","name":"Cursos Virtuales de Formaci\u00f3n Docente \u00b7 Nivel Secundario - conectate ICIEC-UEPC","isPartOf":{"@id":"https:\/\/uepc.org.ar\/conectate\/#website"},"datePublished":"2023-03-31T13:09:00+00:00","dateModified":"2023-03-31T16:14:51+00:00","description":"Cursos de modalidad virtual con puntaje para docentes del nivel secundario sobre diversas tem\u00e1ticas y\/o dimensiones del trabajo pedag\u00f3gico en la actualidad.","breadcrumb":{"@id":"https:\/\/uepc.org.ar\/conectate\/cursos-virtuales-de-formacion-docente-secundaria\/#breadcrumb"},"inLanguage":"es","potentialAction":[{"@type":"ReadAction","target":["https:\/\/uepc.org.ar\/conectate\/cursos-virtuales-de-formacion-docente-secundaria\/"]}]},{"@type":"BreadcrumbList","@id":"https:\/\/uepc.org.ar\/conectate\/cursos-virtuales-de-formacion-docente-secundaria\/#breadcrumb","itemListElement":[{"@type":"ListItem","position":1,"name":"Home","item":"https:\/\/uepc.org.ar\/conectate\/"},{"@type":"ListItem","position":2,"name":"Cursos Virtuales de Formaci\u00f3n Docente \u00b7 Nivel Secundario"}]},{"@type":"WebSite","@id":"https:\/\/uepc.org.ar\/conectate\/#website","url":"https:\/\/uepc.org.ar\/conectate\/","name":"conectate ICIEC-UEPC","description":"conectate a la pasi\u00f3n de educar","publisher":{"@id":"https:\/\/uepc.org.ar\/conectate\/#organization"},"potentialAction":[{"@type":"SearchAction","target":{"@type":"EntryPoint","urlTemplate":"https:\/\/uepc.org.ar\/conectate\/?s={search_term_string}"},"query-input":{"@type":"PropertyValueSpecification","valueRequired":true,"valueName":"search_term_string"}}],"inLanguage":"es"},{"@type":"Organization","@id":"https:\/\/uepc.org.ar\/conectate\/#organization","name":"conectate UEPC","url":"https:\/\/uepc.org.ar\/conectate\/","logo":{"@type":"ImageObject","inLanguage":"es","@id":"https:\/\/uepc.org.ar\/conectate\/#\/schema\/logo\/image\/","url":"http:\/\/uepc.org.ar\/conectate\/wp-content\/uploads\/2019\/08\/lg-iciecx2.png","contentUrl":"http:\/\/uepc.org.ar\/conectate\/wp-content\/uploads\/2019\/08\/lg-iciecx2.png","width":600,"height":266,"caption":"conectate UEPC"},"image":{"@id":"https:\/\/uepc.org.ar\/conectate\/#\/schema\/logo\/image\/"},"sameAs":["https:\/\/www.facebook.com\/conectate.uepc","https:\/\/x.com\/ConectateUEPC","https:\/\/www.instagram.com\/conectateuepc\/","https:\/\/www.youtube.com\/channel\/UC_gvxulloCni4YDXzFRZ_qQ"]}]}},"uagb_featured_image_src":{"full":false,"thumbnail":false,"medium":false,"medium_large":false,"large":false,"1536x1536":false,"2048x2048":false,"post-thumbnail":false,"destacada":false,"eris-archive-image":false,"eris-archive-image-portrait":false,"eris-search-image":false},"uagb_author_info":{"display_name":"Conectate","author_link":"https:\/\/uepc.org.ar\/conectate\/author\/conectate\/"},"uagb_comment_info":0,"uagb_excerpt":null,"_links":{"self":[{"href":"https:\/\/uepc.org.ar\/conectate\/wp-json\/wp\/v2\/pages\/24176","targetHints":{"allow":["GET"]}}],"collection":[{"href":"https:\/\/uepc.org.ar\/conectate\/wp-json\/wp\/v2\/pages"}],"about":[{"href":"https:\/\/uepc.org.ar\/conectate\/wp-json\/wp\/v2\/types\/page"}],"author":[{"embeddable":true,"href":"https:\/\/uepc.org.ar\/conectate\/wp-json\/wp\/v2\/users\/17"}],"replies":[{"embeddable":true,"href":"https:\/\/uepc.org.ar\/conectate\/wp-json\/wp\/v2\/comments?post=24176"}],"version-history":[{"count":5,"href":"https:\/\/uepc.org.ar\/conectate\/wp-json\/wp\/v2\/pages\/24176\/revisions"}],"predecessor-version":[{"id":26495,"href":"https:\/\/uepc.org.ar\/conectate\/wp-json\/wp\/v2\/pages\/24176\/revisions\/26495"}],"wp:attachment":[{"href":"https:\/\/uepc.org.ar\/conectate\/wp-json\/wp\/v2\/media?parent=24176"}],"curies":[{"name":"wp","href":"https:\/\/api.w.org\/{rel}","templated":true}]}}