{"id":25351,"date":"2022-09-08T12:27:12","date_gmt":"2022-09-08T15:27:12","guid":{"rendered":"http:\/\/ht628195.hostingtelefonica.com.ar\/conectate\/?page_id=25351"},"modified":"2024-08-20T13:19:20","modified_gmt":"2024-08-20T16:19:20","slug":"otras-propuestas","status":"publish","type":"page","link":"https:\/\/uepc.org.ar\/conectate\/otras-propuestas\/","title":{"rendered":"Cursos semipresenciales"},"content":{"rendered":"\n<div style=\"height:20px\" aria-hidden=\"true\" class=\"wp-block-spacer\"><\/div>\n\n\n\n<figure class=\"wp-block-image alignfull size-large\"><img loading=\"lazy\" decoding=\"async\" width=\"1024\" height=\"169\" src=\"https:\/\/uepc.org.ar\/conectate\/wp-content\/uploads\/2024\/08\/Curso-Semipresencial-Banner_rspon-MUESTRA-1024x169.jpg\" alt=\"\" class=\"wp-image-29414\" srcset=\"https:\/\/uepc.org.ar\/conectate\/wp-content\/uploads\/2024\/08\/Curso-Semipresencial-Banner_rspon-MUESTRA-1024x169.jpg 1024w, https:\/\/uepc.org.ar\/conectate\/wp-content\/uploads\/2024\/08\/Curso-Semipresencial-Banner_rspon-MUESTRA-500x83.jpg 500w, https:\/\/uepc.org.ar\/conectate\/wp-content\/uploads\/2024\/08\/Curso-Semipresencial-Banner_rspon-MUESTRA-768x127.jpg 768w, https:\/\/uepc.org.ar\/conectate\/wp-content\/uploads\/2024\/08\/Curso-Semipresencial-Banner_rspon-MUESTRA-1536x254.jpg 1536w, https:\/\/uepc.org.ar\/conectate\/wp-content\/uploads\/2024\/08\/Curso-Semipresencial-Banner_rspon-MUESTRA-2048x338.jpg 2048w, https:\/\/uepc.org.ar\/conectate\/wp-content\/uploads\/2024\/08\/Curso-Semipresencial-Banner_rspon-MUESTRA-1600x264.jpg 1600w, https:\/\/uepc.org.ar\/conectate\/wp-content\/uploads\/2024\/08\/Curso-Semipresencial-Banner_rspon-MUESTRA-550x91.jpg 550w, https:\/\/uepc.org.ar\/conectate\/wp-content\/uploads\/2024\/08\/Curso-Semipresencial-Banner_rspon-MUESTRA-160x26.jpg 160w\" sizes=\"auto, (max-width: 1024px) 100vw, 1024px\" \/><\/figure>\n\n\n\n<p><\/p>\n\n\n\n<h4 class=\"wp-block-heading\">Desde el ICIEC de la Secretar\u00eda de Educaci\u00f3n de UEPC presentamos una nueva edici\u00f3n de los cursos de formaci\u00f3n docente en formato semipresencial, ponemos a disposici\u00f3n propuestas para afiliadas y afiliados.\u00a0<\/h4>\n\n\n\n<p>Esta edici\u00f3n tiene como objetivo acercar propuestas de formaci\u00f3n a afiliadas y afiliados de toda la provincia en una diversidad de tem\u00e1ticas centrales para el trabajo en la escuela y en el aula. El dispositivo combina instancias de trabajo presencial en la delegaci\u00f3n con encuentros virtuales e instancias de trabajo remoto a trav\u00e9s de nuestra aula virtual. <\/p>\n\n\n\n<p>De ese modo, continuamos acompa\u00f1ando a la tarea de ense\u00f1ar en cada punto de la provincia de C\u00f3rdoba.<\/p>\n\n\n\n<p>Por consultas comunicate a: formacioniciec@uepc.org.ar<\/p>\n\n\n\n<div class=\"wp-block-getwid-images-slider has-arrows-inside has-dots-inside has-images-center has-cropped-images\"><div class=\"wp-block-getwid-images-slider__wrapper\" data-effect=\"slide\" data-slides-show=\"1\" data-slides-show-laptop=\"1\" data-slides-show-tablet=\"1\" data-slides-show-mobile=\"1\" data-slides-scroll=\"1\" data-autoplay=\"false\" data-pause-hover=\"false\" data-autoplay-speed=\"6000\" data-infinite=\"true\" data-animation-speed=\"800\" data-center-mode=\"false\" data-variable-width=\"false\" data-arrows=\"inside\" data-dots=\"inside\" data-spacing=\"none\"><div class=\"wp-block-getwid-images-slider__item\"><figure><img loading=\"lazy\" decoding=\"async\" width=\"901\" height=\"319\" src=\"https:\/\/uepc.org.ar\/conectate\/wp-content\/uploads\/2024\/08\/Cursos-Semipresenciales_Boton1-Matematicas.jpg\" data-id=\"29633\" data-link=\"https:\/\/uepc.org.ar\/conectate\/?attachment_id=29633\" data-original-link=\"https:\/\/uepc.org.ar\/conectate\/wp-content\/uploads\/2024\/08\/Cursos-Semipresenciales_Boton1-Matematicas.jpg\" class=\"wp-block-getwid-images-slider__image wp-image-29633\" srcset=\"https:\/\/uepc.org.ar\/conectate\/wp-content\/uploads\/2024\/08\/Cursos-Semipresenciales_Boton1-Matematicas.jpg 901w, https:\/\/uepc.org.ar\/conectate\/wp-content\/uploads\/2024\/08\/Cursos-Semipresenciales_Boton1-Matematicas-500x177.jpg 500w, https:\/\/uepc.org.ar\/conectate\/wp-content\/uploads\/2024\/08\/Cursos-Semipresenciales_Boton1-Matematicas-768x272.jpg 768w, https:\/\/uepc.org.ar\/conectate\/wp-content\/uploads\/2024\/08\/Cursos-Semipresenciales_Boton1-Matematicas-550x195.jpg 550w, https:\/\/uepc.org.ar\/conectate\/wp-content\/uploads\/2024\/08\/Cursos-Semipresenciales_Boton1-Matematicas-160x57.jpg 160w\" sizes=\"auto, (max-width: 901px) 100vw, 901px\" \/><figcaption class=\"wp-block-getwid-images-slider__caption\">Exploraciones matem\u00e1ticas: la ruta de la multiplicaci\u00f3n y la divisi\u00f3n en primaria<\/figcaption><\/figure><\/div><div class=\"wp-block-getwid-images-slider__item\"><figure><img loading=\"lazy\" decoding=\"async\" width=\"901\" height=\"319\" src=\"https:\/\/uepc.org.ar\/conectate\/wp-content\/uploads\/2024\/08\/Cursos-Semipresenciales_Boton2-Ciudadanias.jpg\" data-id=\"29634\" data-link=\"https:\/\/uepc.org.ar\/conectate\/?attachment_id=29634\" data-original-link=\"https:\/\/uepc.org.ar\/conectate\/wp-content\/uploads\/2024\/08\/Cursos-Semipresenciales_Boton2-Ciudadanias.jpg\" class=\"wp-block-getwid-images-slider__image wp-image-29634\" srcset=\"https:\/\/uepc.org.ar\/conectate\/wp-content\/uploads\/2024\/08\/Cursos-Semipresenciales_Boton2-Ciudadanias.jpg 901w, https:\/\/uepc.org.ar\/conectate\/wp-content\/uploads\/2024\/08\/Cursos-Semipresenciales_Boton2-Ciudadanias-500x177.jpg 500w, https:\/\/uepc.org.ar\/conectate\/wp-content\/uploads\/2024\/08\/Cursos-Semipresenciales_Boton2-Ciudadanias-768x272.jpg 768w, https:\/\/uepc.org.ar\/conectate\/wp-content\/uploads\/2024\/08\/Cursos-Semipresenciales_Boton2-Ciudadanias-550x195.jpg 550w, https:\/\/uepc.org.ar\/conectate\/wp-content\/uploads\/2024\/08\/Cursos-Semipresenciales_Boton2-Ciudadanias-160x57.jpg 160w\" sizes=\"auto, (max-width: 901px) 100vw, 901px\" \/><figcaption class=\"wp-block-getwid-images-slider__caption\">Construcci\u00f3n de ciudadan\u00edas democr\u00e1ticas en la escuela: juventudes, Estado y comunidad<\/figcaption><\/figure><\/div><div class=\"wp-block-getwid-images-slider__item\"><figure><img loading=\"lazy\" decoding=\"async\" width=\"901\" height=\"319\" src=\"https:\/\/uepc.org.ar\/conectate\/wp-content\/uploads\/2024\/08\/Cursos-Semipresenciales_Boton3-Lenguaje-sonoro.jpg\" data-id=\"29636\" data-link=\"https:\/\/uepc.org.ar\/conectate\/?attachment_id=29636\" data-original-link=\"https:\/\/uepc.org.ar\/conectate\/wp-content\/uploads\/2024\/08\/Cursos-Semipresenciales_Boton3-Lenguaje-sonoro.jpg\" class=\"wp-block-getwid-images-slider__image wp-image-29636\" srcset=\"https:\/\/uepc.org.ar\/conectate\/wp-content\/uploads\/2024\/08\/Cursos-Semipresenciales_Boton3-Lenguaje-sonoro.jpg 901w, https:\/\/uepc.org.ar\/conectate\/wp-content\/uploads\/2024\/08\/Cursos-Semipresenciales_Boton3-Lenguaje-sonoro-500x177.jpg 500w, https:\/\/uepc.org.ar\/conectate\/wp-content\/uploads\/2024\/08\/Cursos-Semipresenciales_Boton3-Lenguaje-sonoro-768x272.jpg 768w, https:\/\/uepc.org.ar\/conectate\/wp-content\/uploads\/2024\/08\/Cursos-Semipresenciales_Boton3-Lenguaje-sonoro-550x195.jpg 550w, https:\/\/uepc.org.ar\/conectate\/wp-content\/uploads\/2024\/08\/Cursos-Semipresenciales_Boton3-Lenguaje-sonoro-160x57.jpg 160w\" sizes=\"auto, (max-width: 901px) 100vw, 901px\" \/><figcaption class=\"wp-block-getwid-images-slider__caption\">El lenguaje sonoro como estrategia para fortalecer las pr\u00e1cticas de oralidad, lectura y escritura de j\u00f3venes en la escuela secundaria<\/figcaption><\/figure><\/div><div class=\"wp-block-getwid-images-slider__item\"><figure><img loading=\"lazy\" decoding=\"async\" width=\"901\" height=\"319\" src=\"https:\/\/uepc.org.ar\/conectate\/wp-content\/uploads\/2024\/08\/Cursos-Semipresenciales_Boton4-Pensamiento-Computacional.jpg\" data-id=\"29630\" data-link=\"https:\/\/uepc.org.ar\/conectate\/?attachment_id=29630\" data-original-link=\"https:\/\/uepc.org.ar\/conectate\/wp-content\/uploads\/2024\/08\/Cursos-Semipresenciales_Boton4-Pensamiento-Computacional.jpg\" class=\"wp-block-getwid-images-slider__image wp-image-29630\" srcset=\"https:\/\/uepc.org.ar\/conectate\/wp-content\/uploads\/2024\/08\/Cursos-Semipresenciales_Boton4-Pensamiento-Computacional.jpg 901w, https:\/\/uepc.org.ar\/conectate\/wp-content\/uploads\/2024\/08\/Cursos-Semipresenciales_Boton4-Pensamiento-Computacional-500x177.jpg 500w, https:\/\/uepc.org.ar\/conectate\/wp-content\/uploads\/2024\/08\/Cursos-Semipresenciales_Boton4-Pensamiento-Computacional-768x272.jpg 768w, https:\/\/uepc.org.ar\/conectate\/wp-content\/uploads\/2024\/08\/Cursos-Semipresenciales_Boton4-Pensamiento-Computacional-550x195.jpg 550w, https:\/\/uepc.org.ar\/conectate\/wp-content\/uploads\/2024\/08\/Cursos-Semipresenciales_Boton4-Pensamiento-Computacional-160x57.jpg 160w\" sizes=\"auto, (max-width: 901px) 100vw, 901px\" \/><figcaption class=\"wp-block-getwid-images-slider__caption\">Pensamiento computacional en la escuela: \u00bfqu\u00e9 y para qu\u00e9 ense\u00f1ar?<\/figcaption><\/figure><\/div><div class=\"wp-block-getwid-images-slider__item\"><figure><img loading=\"lazy\" decoding=\"async\" width=\"901\" height=\"319\" src=\"https:\/\/uepc.org.ar\/conectate\/wp-content\/uploads\/2024\/08\/Cursos-Semipresenciales_Boton5-IA.jpg\" data-id=\"29631\" data-link=\"https:\/\/uepc.org.ar\/conectate\/?attachment_id=29631\" data-original-link=\"https:\/\/uepc.org.ar\/conectate\/wp-content\/uploads\/2024\/08\/Cursos-Semipresenciales_Boton5-IA.jpg\" class=\"wp-block-getwid-images-slider__image wp-image-29631\" srcset=\"https:\/\/uepc.org.ar\/conectate\/wp-content\/uploads\/2024\/08\/Cursos-Semipresenciales_Boton5-IA.jpg 901w, https:\/\/uepc.org.ar\/conectate\/wp-content\/uploads\/2024\/08\/Cursos-Semipresenciales_Boton5-IA-500x177.jpg 500w, https:\/\/uepc.org.ar\/conectate\/wp-content\/uploads\/2024\/08\/Cursos-Semipresenciales_Boton5-IA-768x272.jpg 768w, https:\/\/uepc.org.ar\/conectate\/wp-content\/uploads\/2024\/08\/Cursos-Semipresenciales_Boton5-IA-550x195.jpg 550w, https:\/\/uepc.org.ar\/conectate\/wp-content\/uploads\/2024\/08\/Cursos-Semipresenciales_Boton5-IA-160x57.jpg 160w\" sizes=\"auto, (max-width: 901px) 100vw, 901px\" \/><figcaption class=\"wp-block-getwid-images-slider__caption\">Integraci\u00f3n de inteligencia artificial en la pr\u00e1ctica educativa: un taller para docentes<\/figcaption><\/figure><\/div><div class=\"wp-block-getwid-images-slider__item\"><figure><img loading=\"lazy\" decoding=\"async\" width=\"901\" height=\"319\" src=\"https:\/\/uepc.org.ar\/conectate\/wp-content\/uploads\/2024\/08\/Cursos-Semipresenciales_Boton6-Modalidad-Combinada-copia.jpg\" data-id=\"29632\" data-link=\"https:\/\/uepc.org.ar\/conectate\/?attachment_id=29632\" data-original-link=\"https:\/\/uepc.org.ar\/conectate\/wp-content\/uploads\/2024\/08\/Cursos-Semipresenciales_Boton6-Modalidad-Combinada-copia.jpg\" class=\"wp-block-getwid-images-slider__image wp-image-29632\" srcset=\"https:\/\/uepc.org.ar\/conectate\/wp-content\/uploads\/2024\/08\/Cursos-Semipresenciales_Boton6-Modalidad-Combinada-copia.jpg 901w, https:\/\/uepc.org.ar\/conectate\/wp-content\/uploads\/2024\/08\/Cursos-Semipresenciales_Boton6-Modalidad-Combinada-copia-500x177.jpg 500w, https:\/\/uepc.org.ar\/conectate\/wp-content\/uploads\/2024\/08\/Cursos-Semipresenciales_Boton6-Modalidad-Combinada-copia-768x272.jpg 768w, https:\/\/uepc.org.ar\/conectate\/wp-content\/uploads\/2024\/08\/Cursos-Semipresenciales_Boton6-Modalidad-Combinada-copia-550x195.jpg 550w, https:\/\/uepc.org.ar\/conectate\/wp-content\/uploads\/2024\/08\/Cursos-Semipresenciales_Boton6-Modalidad-Combinada-copia-160x57.jpg 160w\" sizes=\"auto, (max-width: 901px) 100vw, 901px\" \/><figcaption class=\"wp-block-getwid-images-slider__caption\">Educaci\u00f3n Ambiental Integral: cambios y desaf\u00edos en la pr\u00e1ctica docente<\/figcaption><\/figure><\/div><\/div><\/div>\n\n\n\n<p><\/p>\n\n\n\n<hr class=\"wp-block-separator has-alpha-channel-opacity\"\/>\n","protected":false},"excerpt":{"rendered":"<p>Un Programa de asesoramiento y acompa\u00f1amiento para las escuelas y sus docentes.<\/p>\n<a class=\"read-more-link\" href=\" https:\/\/uepc.org.ar\/conectate\/otras-propuestas\/ \">Leer m\u00e1s<\/a>","protected":false},"author":15,"featured_media":9434,"parent":0,"menu_order":0,"comment_status":"closed","ping_status":"closed","template":"","meta":{"_acf_changed":false,"_coblocks_attr":"","_coblocks_dimensions":"{\"coblocks-hero-76111425926\":{\"padding\":{}},\"coblocks-hero-81015552427\":{\"padding\":{}}}","_coblocks_responsive_height":"{\"coblocks-hero-76111425926\":{\"height\":{\"height\":100}}}","_coblocks_accordion_ie_support":"","_uag_custom_page_level_css":"","footnotes":""},"class_list":["post-25351","page","type-page","status-publish","has-post-thumbnail","hentry"],"acf":[],"yoast_head":"<!-- This site is optimized with the Yoast SEO plugin v26.8 - https:\/\/yoast.com\/product\/yoast-seo-wordpress\/ -->\n<title>Cursos semipresenciales - conectate ICIEC-UEPC<\/title>\n<meta name=\"robots\" content=\"index, follow, max-snippet:-1, max-image-preview:large, max-video-preview:-1\" \/>\n<link rel=\"canonical\" href=\"https:\/\/uepc.org.ar\/conectate\/otras-propuestas\/\" \/>\n<meta property=\"og:locale\" content=\"es_ES\" \/>\n<meta property=\"og:type\" content=\"article\" \/>\n<meta property=\"og:title\" content=\"Cursos semipresenciales - conectate ICIEC-UEPC\" \/>\n<meta property=\"og:description\" content=\"Un Programa de asesoramiento y acompa\u00f1amiento para las escuelas y sus docentes.\" \/>\n<meta property=\"og:url\" content=\"https:\/\/uepc.org.ar\/conectate\/otras-propuestas\/\" \/>\n<meta property=\"og:site_name\" content=\"conectate ICIEC-UEPC\" \/>\n<meta property=\"article:publisher\" content=\"https:\/\/www.facebook.com\/conectate.uepc\" \/>\n<meta property=\"article:modified_time\" content=\"2024-08-20T16:19:20+00:00\" \/>\n<meta property=\"og:image\" content=\"https:\/\/uepc.org.ar\/conectate\/wp-content\/uploads\/2015\/04\/jornada-9.png\" \/>\n\t<meta property=\"og:image:width\" content=\"929\" \/>\n\t<meta property=\"og:image:height\" content=\"517\" \/>\n\t<meta property=\"og:image:type\" content=\"image\/png\" \/>\n<meta name=\"twitter:card\" content=\"summary_large_image\" \/>\n<meta name=\"twitter:site\" content=\"@ConectateUEPC\" \/>\n<meta name=\"twitter:label1\" content=\"Tiempo de lectura\" \/>\n\t<meta name=\"twitter:data1\" content=\"1 minuto\" \/>\n<script type=\"application\/ld+json\" class=\"yoast-schema-graph\">{\"@context\":\"https:\/\/schema.org\",\"@graph\":[{\"@type\":\"WebPage\",\"@id\":\"https:\/\/uepc.org.ar\/conectate\/otras-propuestas\/\",\"url\":\"https:\/\/uepc.org.ar\/conectate\/otras-propuestas\/\",\"name\":\"Cursos semipresenciales - conectate ICIEC-UEPC\",\"isPartOf\":{\"@id\":\"https:\/\/uepc.org.ar\/conectate\/#website\"},\"primaryImageOfPage\":{\"@id\":\"https:\/\/uepc.org.ar\/conectate\/otras-propuestas\/#primaryimage\"},\"image\":{\"@id\":\"https:\/\/uepc.org.ar\/conectate\/otras-propuestas\/#primaryimage\"},\"thumbnailUrl\":\"https:\/\/uepc.org.ar\/conectate\/wp-content\/uploads\/2015\/04\/jornada-9.png\",\"datePublished\":\"2022-09-08T15:27:12+00:00\",\"dateModified\":\"2024-08-20T16:19:20+00:00\",\"breadcrumb\":{\"@id\":\"https:\/\/uepc.org.ar\/conectate\/otras-propuestas\/#breadcrumb\"},\"inLanguage\":\"es\",\"potentialAction\":[{\"@type\":\"ReadAction\",\"target\":[\"https:\/\/uepc.org.ar\/conectate\/otras-propuestas\/\"]}]},{\"@type\":\"ImageObject\",\"inLanguage\":\"es\",\"@id\":\"https:\/\/uepc.org.ar\/conectate\/otras-propuestas\/#primaryimage\",\"url\":\"https:\/\/uepc.org.ar\/conectate\/wp-content\/uploads\/2015\/04\/jornada-9.png\",\"contentUrl\":\"https:\/\/uepc.org.ar\/conectate\/wp-content\/uploads\/2015\/04\/jornada-9.png\",\"width\":929,\"height\":517},{\"@type\":\"BreadcrumbList\",\"@id\":\"https:\/\/uepc.org.ar\/conectate\/otras-propuestas\/#breadcrumb\",\"itemListElement\":[{\"@type\":\"ListItem\",\"position\":1,\"name\":\"Home\",\"item\":\"https:\/\/uepc.org.ar\/conectate\/\"},{\"@type\":\"ListItem\",\"position\":2,\"name\":\"Cursos semipresenciales\"}]},{\"@type\":\"WebSite\",\"@id\":\"https:\/\/uepc.org.ar\/conectate\/#website\",\"url\":\"https:\/\/uepc.org.ar\/conectate\/\",\"name\":\"conectate ICIEC-UEPC\",\"description\":\"conectate a la pasi\u00f3n de educar\",\"publisher\":{\"@id\":\"https:\/\/uepc.org.ar\/conectate\/#organization\"},\"potentialAction\":[{\"@type\":\"SearchAction\",\"target\":{\"@type\":\"EntryPoint\",\"urlTemplate\":\"https:\/\/uepc.org.ar\/conectate\/?s={search_term_string}\"},\"query-input\":{\"@type\":\"PropertyValueSpecification\",\"valueRequired\":true,\"valueName\":\"search_term_string\"}}],\"inLanguage\":\"es\"},{\"@type\":\"Organization\",\"@id\":\"https:\/\/uepc.org.ar\/conectate\/#organization\",\"name\":\"conectate UEPC\",\"url\":\"https:\/\/uepc.org.ar\/conectate\/\",\"logo\":{\"@type\":\"ImageObject\",\"inLanguage\":\"es\",\"@id\":\"https:\/\/uepc.org.ar\/conectate\/#\/schema\/logo\/image\/\",\"url\":\"http:\/\/uepc.org.ar\/conectate\/wp-content\/uploads\/2019\/08\/lg-iciecx2.png\",\"contentUrl\":\"http:\/\/uepc.org.ar\/conectate\/wp-content\/uploads\/2019\/08\/lg-iciecx2.png\",\"width\":600,\"height\":266,\"caption\":\"conectate UEPC\"},\"image\":{\"@id\":\"https:\/\/uepc.org.ar\/conectate\/#\/schema\/logo\/image\/\"},\"sameAs\":[\"https:\/\/www.facebook.com\/conectate.uepc\",\"https:\/\/x.com\/ConectateUEPC\",\"https:\/\/www.instagram.com\/conectateuepc\/\",\"https:\/\/www.youtube.com\/channel\/UC_gvxulloCni4YDXzFRZ_qQ\"]}]}<\/script>\n<!-- \/ Yoast SEO plugin. -->","yoast_head_json":{"title":"Cursos semipresenciales - conectate ICIEC-UEPC","robots":{"index":"index","follow":"follow","max-snippet":"max-snippet:-1","max-image-preview":"max-image-preview:large","max-video-preview":"max-video-preview:-1"},"canonical":"https:\/\/uepc.org.ar\/conectate\/otras-propuestas\/","og_locale":"es_ES","og_type":"article","og_title":"Cursos semipresenciales - conectate ICIEC-UEPC","og_description":"Un Programa de asesoramiento y acompa\u00f1amiento para las escuelas y sus docentes.","og_url":"https:\/\/uepc.org.ar\/conectate\/otras-propuestas\/","og_site_name":"conectate ICIEC-UEPC","article_publisher":"https:\/\/www.facebook.com\/conectate.uepc","article_modified_time":"2024-08-20T16:19:20+00:00","og_image":[{"width":929,"height":517,"url":"https:\/\/uepc.org.ar\/conectate\/wp-content\/uploads\/2015\/04\/jornada-9.png","type":"image\/png"}],"twitter_card":"summary_large_image","twitter_site":"@ConectateUEPC","twitter_misc":{"Tiempo de lectura":"1 minuto"},"schema":{"@context":"https:\/\/schema.org","@graph":[{"@type":"WebPage","@id":"https:\/\/uepc.org.ar\/conectate\/otras-propuestas\/","url":"https:\/\/uepc.org.ar\/conectate\/otras-propuestas\/","name":"Cursos semipresenciales - conectate ICIEC-UEPC","isPartOf":{"@id":"https:\/\/uepc.org.ar\/conectate\/#website"},"primaryImageOfPage":{"@id":"https:\/\/uepc.org.ar\/conectate\/otras-propuestas\/#primaryimage"},"image":{"@id":"https:\/\/uepc.org.ar\/conectate\/otras-propuestas\/#primaryimage"},"thumbnailUrl":"https:\/\/uepc.org.ar\/conectate\/wp-content\/uploads\/2015\/04\/jornada-9.png","datePublished":"2022-09-08T15:27:12+00:00","dateModified":"2024-08-20T16:19:20+00:00","breadcrumb":{"@id":"https:\/\/uepc.org.ar\/conectate\/otras-propuestas\/#breadcrumb"},"inLanguage":"es","potentialAction":[{"@type":"ReadAction","target":["https:\/\/uepc.org.ar\/conectate\/otras-propuestas\/"]}]},{"@type":"ImageObject","inLanguage":"es","@id":"https:\/\/uepc.org.ar\/conectate\/otras-propuestas\/#primaryimage","url":"https:\/\/uepc.org.ar\/conectate\/wp-content\/uploads\/2015\/04\/jornada-9.png","contentUrl":"https:\/\/uepc.org.ar\/conectate\/wp-content\/uploads\/2015\/04\/jornada-9.png","width":929,"height":517},{"@type":"BreadcrumbList","@id":"https:\/\/uepc.org.ar\/conectate\/otras-propuestas\/#breadcrumb","itemListElement":[{"@type":"ListItem","position":1,"name":"Home","item":"https:\/\/uepc.org.ar\/conectate\/"},{"@type":"ListItem","position":2,"name":"Cursos semipresenciales"}]},{"@type":"WebSite","@id":"https:\/\/uepc.org.ar\/conectate\/#website","url":"https:\/\/uepc.org.ar\/conectate\/","name":"conectate ICIEC-UEPC","description":"conectate a la pasi\u00f3n de educar","publisher":{"@id":"https:\/\/uepc.org.ar\/conectate\/#organization"},"potentialAction":[{"@type":"SearchAction","target":{"@type":"EntryPoint","urlTemplate":"https:\/\/uepc.org.ar\/conectate\/?s={search_term_string}"},"query-input":{"@type":"PropertyValueSpecification","valueRequired":true,"valueName":"search_term_string"}}],"inLanguage":"es"},{"@type":"Organization","@id":"https:\/\/uepc.org.ar\/conectate\/#organization","name":"conectate UEPC","url":"https:\/\/uepc.org.ar\/conectate\/","logo":{"@type":"ImageObject","inLanguage":"es","@id":"https:\/\/uepc.org.ar\/conectate\/#\/schema\/logo\/image\/","url":"http:\/\/uepc.org.ar\/conectate\/wp-content\/uploads\/2019\/08\/lg-iciecx2.png","contentUrl":"http:\/\/uepc.org.ar\/conectate\/wp-content\/uploads\/2019\/08\/lg-iciecx2.png","width":600,"height":266,"caption":"conectate UEPC"},"image":{"@id":"https:\/\/uepc.org.ar\/conectate\/#\/schema\/logo\/image\/"},"sameAs":["https:\/\/www.facebook.com\/conectate.uepc","https:\/\/x.com\/ConectateUEPC","https:\/\/www.instagram.com\/conectateuepc\/","https:\/\/www.youtube.com\/channel\/UC_gvxulloCni4YDXzFRZ_qQ"]}]}},"uagb_featured_image_src":{"full":["https:\/\/uepc.org.ar\/conectate\/wp-content\/uploads\/2015\/04\/jornada-9.png",929,517,false],"thumbnail":["https:\/\/uepc.org.ar\/conectate\/wp-content\/uploads\/2015\/04\/jornada-9-150x150.png",150,150,true],"medium":["https:\/\/uepc.org.ar\/conectate\/wp-content\/uploads\/2015\/04\/jornada-9-300x167.png",300,167,true],"medium_large":["https:\/\/uepc.org.ar\/conectate\/wp-content\/uploads\/2015\/04\/jornada-9.png",768,427,false],"large":["https:\/\/uepc.org.ar\/conectate\/wp-content\/uploads\/2015\/04\/jornada-9.png",929,517,false],"1536x1536":["https:\/\/uepc.org.ar\/conectate\/wp-content\/uploads\/2015\/04\/jornada-9.png",929,517,false],"2048x2048":["https:\/\/uepc.org.ar\/conectate\/wp-content\/uploads\/2015\/04\/jornada-9.png",929,517,false],"post-thumbnail":["https:\/\/uepc.org.ar\/conectate\/wp-content\/uploads\/2015\/04\/jornada-9.png",150,83,false],"destacada":["https:\/\/uepc.org.ar\/conectate\/wp-content\/uploads\/2015\/04\/jornada-9.png",929,517,false],"eris-archive-image":["https:\/\/uepc.org.ar\/conectate\/wp-content\/uploads\/2015\/04\/jornada-9.png",929,517,false],"eris-archive-image-portrait":["https:\/\/uepc.org.ar\/conectate\/wp-content\/uploads\/2015\/04\/jornada-9.png",550,306,false],"eris-search-image":["https:\/\/uepc.org.ar\/conectate\/wp-content\/uploads\/2015\/04\/jornada-9.png",160,89,false]},"uagb_author_info":{"display_name":"Administrador","author_link":"https:\/\/uepc.org.ar\/conectate\/author\/administrador\/"},"uagb_comment_info":0,"uagb_excerpt":"Un Programa de asesoramiento y acompa\u00f1amiento para las escuelas y sus docentes.","_links":{"self":[{"href":"https:\/\/uepc.org.ar\/conectate\/wp-json\/wp\/v2\/pages\/25351","targetHints":{"allow":["GET"]}}],"collection":[{"href":"https:\/\/uepc.org.ar\/conectate\/wp-json\/wp\/v2\/pages"}],"about":[{"href":"https:\/\/uepc.org.ar\/conectate\/wp-json\/wp\/v2\/types\/page"}],"author":[{"embeddable":true,"href":"https:\/\/uepc.org.ar\/conectate\/wp-json\/wp\/v2\/users\/15"}],"replies":[{"embeddable":true,"href":"https:\/\/uepc.org.ar\/conectate\/wp-json\/wp\/v2\/comments?post=25351"}],"version-history":[{"count":20,"href":"https:\/\/uepc.org.ar\/conectate\/wp-json\/wp\/v2\/pages\/25351\/revisions"}],"predecessor-version":[{"id":29733,"href":"https:\/\/uepc.org.ar\/conectate\/wp-json\/wp\/v2\/pages\/25351\/revisions\/29733"}],"wp:featuredmedia":[{"embeddable":true,"href":"https:\/\/uepc.org.ar\/conectate\/wp-json\/wp\/v2\/media\/9434"}],"wp:attachment":[{"href":"https:\/\/uepc.org.ar\/conectate\/wp-json\/wp\/v2\/media?parent=25351"}],"curies":[{"name":"wp","href":"https:\/\/api.w.org\/{rel}","templated":true}]}}