{"id":26934,"date":"2023-06-27T15:52:04","date_gmt":"2023-06-27T18:52:04","guid":{"rendered":"http:\/\/ht628195.hostingtelefonica.com.ar\/conectate\/?page_id=26934"},"modified":"2023-09-29T17:09:23","modified_gmt":"2023-09-29T20:09:23","slug":"equipo-de-trabajo","status":"publish","type":"page","link":"https:\/\/uepc.org.ar\/conectate\/equipo-de-trabajo\/","title":{"rendered":"Equipo de trabajo"},"content":{"rendered":"\n<div class=\"wp-block-columns is-layout-flex wp-container-core-columns-is-layout-1 wp-block-columns-is-layout-flex\">\n<div class=\"wp-block-column is-layout-flow wp-block-column-is-layout-flow\"><\/div>\n\n\n\n<div class=\"wp-block-column is-layout-flow wp-block-column-is-layout-flow\">\n<div class=\"wp-block-uagb-team uagb-team uagb-team__outer-wrap uagb-team__image-position-above uagb-team__align-center uagb-team__stack-tablet uagb-block-fbd253a0-9371-4fa6-b17f-a43dd029dd35\"><div class=\"uagb-team__wrap\"><div class=\"uagb-team__content\"><div class=\"uagb-team__image-wrap uagb-team__image-crop-circle\"><img decoding=\"async\" class=\"\" src=\"https:\/\/uepc.org.ar\/conectate\/wp-content\/uploads\/2023\/06\/Gonzalo-Gutierrez-equipo-ICIEC-263x263.jpg\" alt=\"\"\/><\/div><div class=\"uagb-team__title-wrap\"><h3 class=\"uagb-team__title\">Gonzalo Gutierrez<\/h3><span class=\"uagb-team__prefix\">Direcci\u00f3n<\/span><\/div><div class=\"uagb-team__desc-wrap\"><p class=\"uagb-team__desc\"><\/p><\/div><\/div><\/div><\/div>\n<\/div>\n\n\n\n<div class=\"wp-block-column is-layout-flow wp-block-column-is-layout-flow\"><\/div>\n<\/div>\n\n\n\n<div style=\"height:67px\" aria-hidden=\"true\" class=\"wp-block-spacer\"><\/div>\n\n\n\n<div class=\"wp-block-columns is-layout-flex wp-container-core-columns-is-layout-2 wp-block-columns-is-layout-flex\">\n<div class=\"wp-block-column is-layout-flow wp-block-column-is-layout-flow\">\n<div class=\"wp-block-uagb-team uagb-team uagb-team__outer-wrap uagb-team__image-position-above uagb-team__align-center uagb-team__stack-tablet uagb-block-52e6a4b0-5ec9-4d29-a612-4dd560a71b10\"><div class=\"uagb-team__wrap\"><div class=\"uagb-team__content\"><div class=\"uagb-team__image-wrap uagb-team__image-crop-circle\"><img decoding=\"async\" class=\"\" src=\"https:\/\/uepc.org.ar\/conectate\/wp-content\/uploads\/2023\/06\/Pilar-Martinez-equipo-ICIEC-263x263.jpg\" alt=\"\"\/><\/div><div class=\"uagb-team__title-wrap\"><h3 class=\"uagb-team__title\">Pilar Martinez<\/h3><span class=\"uagb-team__prefix\">\u00c1rea de Formaci\u00f3n Docente<\/span><\/div><div class=\"uagb-team__desc-wrap\"><p class=\"uagb-team__desc\"><\/p><\/div><\/div><\/div><\/div>\n<\/div>\n\n\n\n<div class=\"wp-block-column is-layout-flow wp-block-column-is-layout-flow\">\n<div class=\"wp-block-uagb-team uagb-team uagb-team__outer-wrap uagb-team__image-position-above uagb-team__align-center uagb-team__stack-tablet uagb-block-8f62eb53-f991-4563-a923-15139cf0592e\"><div class=\"uagb-team__wrap\"><div class=\"uagb-team__content\"><div class=\"uagb-team__image-wrap uagb-team__image-crop-circle\"><img decoding=\"async\" class=\"\" src=\"https:\/\/uepc.org.ar\/conectate\/wp-content\/uploads\/2023\/06\/Sofia-Alvarez-equipo-ICIEC-263x263.jpg\" alt=\"\"\/><\/div><div class=\"uagb-team__title-wrap\"><h3 class=\"uagb-team__title\">Sof\u00eda \u00c1lvarez<\/h3><span class=\"uagb-team__prefix\">Equipo de trabajo pedag\u00f3gico<\/span><\/div><div class=\"uagb-team__desc-wrap\"><p class=\"uagb-team__desc\"><\/p><\/div><\/div><\/div><\/div>\n<\/div>\n\n\n\n<div class=\"wp-block-column is-layout-flow wp-block-column-is-layout-flow\">\n<div class=\"wp-block-uagb-team uagb-team uagb-team__outer-wrap uagb-team__image-position-above uagb-team__align-center uagb-team__stack-tablet uagb-block-f79ccb56-64ab-453e-9481-79601f95b246\"><div class=\"uagb-team__wrap\"><div class=\"uagb-team__content\"><div class=\"uagb-team__image-wrap uagb-team__image-crop-circle\"><img decoding=\"async\" class=\"\" src=\"https:\/\/uepc.org.ar\/conectate\/wp-content\/uploads\/2023\/06\/Eugenia-Castello-equipo-ICIEC-263x263.jpg\" alt=\"\"\/><\/div><div class=\"uagb-team__title-wrap\"><h3 class=\"uagb-team__title\">Eugenia Castello<\/h3><span class=\"uagb-team__prefix\">Equipo de trabajo pedag\u00f3gico<\/span><\/div><div class=\"uagb-team__desc-wrap\"><p class=\"uagb-team__desc\"><\/p><\/div><\/div><\/div><\/div>\n<\/div>\n<\/div>\n\n\n\n<div style=\"height:67px\" aria-hidden=\"true\" class=\"wp-block-spacer\"><\/div>\n\n\n\n<div class=\"wp-block-columns is-layout-flex wp-container-core-columns-is-layout-3 wp-block-columns-is-layout-flex\">\n<div class=\"wp-block-column is-layout-flow wp-block-column-is-layout-flow\">\n<div class=\"wp-block-uagb-team uagb-team uagb-team__outer-wrap uagb-team__image-position-above uagb-team__align-center uagb-team__stack-tablet uagb-block-db3a847f-69a8-4e87-84c3-e352ba12f571\"><div class=\"uagb-team__wrap\"><div class=\"uagb-team__content\"><div class=\"uagb-team__image-wrap uagb-team__image-crop-circle\"><img decoding=\"async\" class=\"\" src=\"https:\/\/uepc.org.ar\/conectate\/wp-content\/uploads\/2023\/09\/Nicolas_Lazardo-equipo-ICIEC-263x263.jpg\" alt=\"\"\/><\/div><div class=\"uagb-team__title-wrap\"><h3 class=\"uagb-team__title\">Nicol\u00e1s Lanzardo<\/h3><span class=\"uagb-team__prefix\">Equipo de trabajo pedag\u00f3gico<\/span><\/div><div class=\"uagb-team__desc-wrap\"><p class=\"uagb-team__desc\"><\/p><\/div><\/div><\/div><\/div>\n<\/div>\n\n\n\n<div class=\"wp-block-column is-layout-flow wp-block-column-is-layout-flow\">\n<div class=\"wp-block-uagb-team uagb-team uagb-team__outer-wrap uagb-team__image-position-above uagb-team__align-center uagb-team__stack-tablet uagb-block-55e711df-3d5f-4588-8d21-a09d45e4d834\"><div class=\"uagb-team__wrap\"><div class=\"uagb-team__content\"><div class=\"uagb-team__image-wrap uagb-team__image-crop-circle\"><img decoding=\"async\" class=\"\" src=\"https:\/\/uepc.org.ar\/conectate\/wp-content\/uploads\/2023\/06\/Romina-Clavero-equipo-ICIEC-263x263.jpg\" alt=\"\"\/><\/div><div class=\"uagb-team__title-wrap\"><h3 class=\"uagb-team__title\">Romina Clavero<\/h3><span class=\"uagb-team__prefix\">\u00c1rea de Consulta Pedag\u00f3gica<\/span><\/div><div class=\"uagb-team__desc-wrap\"><p class=\"uagb-team__desc\"><\/p><\/div><\/div><\/div><\/div>\n<\/div>\n\n\n\n<div class=\"wp-block-column is-layout-flow wp-block-column-is-layout-flow\">\n<div class=\"wp-block-uagb-team uagb-team uagb-team__outer-wrap uagb-team__image-position-above uagb-team__align-center uagb-team__stack-tablet uagb-block-82ccc4de-1fc5-4ca3-8910-30b71a161cad\"><div class=\"uagb-team__wrap\"><div class=\"uagb-team__content\"><div class=\"uagb-team__image-wrap uagb-team__image-crop-circle\"><img decoding=\"async\" class=\"\" src=\"https:\/\/uepc.org.ar\/conectate\/wp-content\/uploads\/2023\/06\/Marion-Petersen-equipo-ICIEC-263x263.jpg\" alt=\"\"\/><\/div><div class=\"uagb-team__title-wrap\"><h3 class=\"uagb-team__title\">Marion Petersen<\/h3><span class=\"uagb-team__prefix\">Equipo de trabajo pedag\u00f3gico<\/span><\/div><div class=\"uagb-team__desc-wrap\"><p class=\"uagb-team__desc\"><\/p><\/div><\/div><\/div><\/div>\n<\/div>\n<\/div>\n\n\n\n<div style=\"height:67px\" aria-hidden=\"true\" class=\"wp-block-spacer\"><\/div>\n\n\n\n<div class=\"wp-block-columns is-layout-flex wp-container-core-columns-is-layout-4 wp-block-columns-is-layout-flex\">\n<div class=\"wp-block-column is-layout-flow wp-block-column-is-layout-flow\">\n<div class=\"wp-block-uagb-team uagb-team uagb-team__outer-wrap uagb-team__image-position-above uagb-team__align-center uagb-team__stack-tablet uagb-block-417cd731-cf2d-4216-b6fc-e25594e6aca9\"><div class=\"uagb-team__wrap\"><div class=\"uagb-team__content\"><div class=\"uagb-team__image-wrap uagb-team__image-crop-circle\"><img decoding=\"async\" class=\"\" src=\"https:\/\/uepc.org.ar\/conectate\/wp-content\/uploads\/2023\/09\/Gonzalo_Assusa-equipo-ICIEC-263x263.jpg\" alt=\"\"\/><\/div><div class=\"uagb-team__title-wrap\"><h3 class=\"uagb-team__title\">Gonzalo Assusa<\/h3><span class=\"uagb-team__prefix\">\u00c1rea de Investigaci\u00f3n<\/span><\/div><div class=\"uagb-team__desc-wrap\"><p class=\"uagb-team__desc\"><\/p><\/div><\/div><\/div><\/div>\n<\/div>\n\n\n\n<div class=\"wp-block-column is-layout-flow wp-block-column-is-layout-flow\">\n<div class=\"wp-block-uagb-team uagb-team uagb-team__outer-wrap uagb-team__image-position-above uagb-team__align-center uagb-team__stack-tablet uagb-block-3a44f379-b855-4a6b-8c4f-56dcce0e5f1b\"><div class=\"uagb-team__wrap\"><div class=\"uagb-team__content\"><div class=\"uagb-team__image-wrap uagb-team__image-crop-circle\"><img decoding=\"async\" class=\"\" src=\"https:\/\/uepc.org.ar\/conectate\/wp-content\/uploads\/2023\/06\/Micaela-Perez-Rojas-equipo-ICIEC-263x263.jpg\" alt=\"\"\/><\/div><div class=\"uagb-team__title-wrap\"><h3 class=\"uagb-team__title\">Micaela P\u00e9rez Rojas<\/h3><span class=\"uagb-team__prefix\">\u00c1rea de Articulaci\u00f3n y Desarrollo Pedag\u00f3gico<\/span><\/div><div class=\"uagb-team__desc-wrap\"><p class=\"uagb-team__desc\"><\/p><\/div><\/div><\/div><\/div>\n<\/div>\n\n\n\n<div class=\"wp-block-column is-layout-flow wp-block-column-is-layout-flow\">\n<div class=\"wp-block-uagb-team uagb-team uagb-team__outer-wrap uagb-team__image-position-above uagb-team__align-center uagb-team__stack-tablet uagb-block-0c764872-ba66-45fb-b6ef-977012cfce60\"><div class=\"uagb-team__wrap\"><div class=\"uagb-team__content\"><div class=\"uagb-team__image-wrap uagb-team__image-crop-circle\"><img decoding=\"async\" class=\"\" src=\"https:\/\/uepc.org.ar\/conectate\/wp-content\/uploads\/2023\/06\/Florencia-Lo-Curto-equipo-ICIEC-263x263.jpg\" alt=\"\"\/><\/div><div class=\"uagb-team__title-wrap\"><h3 class=\"uagb-team__title\">Florencia Lo Curto<\/h3><span class=\"uagb-team__prefix\">Equipo de Trabajo pedag\u00f3gico<\/span><\/div><div class=\"uagb-team__desc-wrap\"><p class=\"uagb-team__desc\"><\/p><\/div><\/div><\/div><\/div>\n<\/div>\n<\/div>\n\n\n\n<div style=\"height:67px\" aria-hidden=\"true\" class=\"wp-block-spacer\"><\/div>\n\n\n\n<div class=\"wp-block-columns is-layout-flex wp-container-core-columns-is-layout-5 wp-block-columns-is-layout-flex\">\n<div class=\"wp-block-column is-layout-flow wp-block-column-is-layout-flow\">\n<div class=\"wp-block-uagb-team uagb-team uagb-team__outer-wrap uagb-team__image-position-above uagb-team__align-center uagb-team__stack-tablet uagb-block-31075491-0247-4425-8172-26ee3df683f9\"><div class=\"uagb-team__wrap\"><div class=\"uagb-team__content\"><div class=\"uagb-team__image-wrap uagb-team__image-crop-circle\"><img decoding=\"async\" class=\"\" src=\"https:\/\/uepc.org.ar\/conectate\/wp-content\/uploads\/2023\/06\/Julia-Villafane-equipo-ICIEC-263x263.jpg\" alt=\"\"\/><\/div><div class=\"uagb-team__title-wrap\"><h3 class=\"uagb-team__title\">Julia Villafa\u00f1e<\/h3><span class=\"uagb-team__prefix\">Equipo de Trabajo pedag\u00f3gico<\/span><\/div><div class=\"uagb-team__desc-wrap\"><p class=\"uagb-team__desc\"><\/p><\/div><\/div><\/div><\/div>\n<\/div>\n\n\n\n<div class=\"wp-block-column is-layout-flow wp-block-column-is-layout-flow\">\n<div class=\"wp-block-uagb-team uagb-team uagb-team__outer-wrap uagb-team__image-position-above uagb-team__align-center uagb-team__stack-tablet uagb-block-9ac674bc-af4e-441b-8887-f1f84ea3698c\"><div class=\"uagb-team__wrap\"><div class=\"uagb-team__content\"><div class=\"uagb-team__image-wrap uagb-team__image-crop-circle\"><img decoding=\"async\" class=\"\" src=\"https:\/\/uepc.org.ar\/conectate\/wp-content\/uploads\/2023\/09\/Paulo-Martinez-Da-Ros-equipo-ICIEC-263x263.jpg\" alt=\"\"\/><\/div><div class=\"uagb-team__title-wrap\"><h3 class=\"uagb-team__title\">Paulo Mart\u00ednez Da Ros<\/h3><span class=\"uagb-team__prefix\">Equipo de Trabajo pedag\u00f3gico<\/span><\/div><div class=\"uagb-team__desc-wrap\"><p class=\"uagb-team__desc\"><\/p><\/div><\/div><\/div><\/div>\n<\/div>\n\n\n\n<div class=\"wp-block-column is-layout-flow wp-block-column-is-layout-flow\">\n<div class=\"wp-block-uagb-team uagb-team uagb-team__outer-wrap uagb-team__image-position-above uagb-team__align-center uagb-team__stack-tablet uagb-block-893e1303-7a1e-4e8a-a387-7c99e8a2c8bf\"><div class=\"uagb-team__wrap\"><div class=\"uagb-team__content\"><div class=\"uagb-team__image-wrap uagb-team__image-crop-circle\"><img decoding=\"async\" class=\"\" src=\"https:\/\/uepc.org.ar\/conectate\/wp-content\/uploads\/2023\/06\/Ana-Medero-equipo-ICIEC-263x263.jpg\" alt=\"\"\/><\/div><div class=\"uagb-team__title-wrap\"><h3 class=\"uagb-team__title\">Ana Medero<\/h3><span class=\"uagb-team__prefix\">Equipo de Trabajo pedag\u00f3gico \/ Comunicaci\u00f3n<\/span><\/div><div class=\"uagb-team__desc-wrap\"><p class=\"uagb-team__desc\"><\/p><\/div><\/div><\/div><\/div>\n<\/div>\n<\/div>\n\n\n\n<div style=\"height:67px\" aria-hidden=\"true\" class=\"wp-block-spacer\"><\/div>\n\n\n\n<div class=\"wp-block-columns is-layout-flex wp-container-core-columns-is-layout-6 wp-block-columns-is-layout-flex\">\n<div class=\"wp-block-column is-layout-flow wp-block-column-is-layout-flow\">\n<div class=\"wp-block-uagb-team uagb-team uagb-team__outer-wrap uagb-team__image-position-above uagb-team__align-center uagb-team__stack-tablet uagb-block-e0c29657-430a-4fab-9770-82f5cf432f42\"><div class=\"uagb-team__wrap\"><div class=\"uagb-team__content\"><div class=\"uagb-team__image-wrap uagb-team__image-crop-circle\"><img decoding=\"async\" class=\"\" src=\"https:\/\/uepc.org.ar\/conectate\/wp-content\/uploads\/2023\/09\/Natalia_Munoz-equipo-ICIEC-263x263.jpg\" alt=\"\"\/><\/div><div class=\"uagb-team__title-wrap\"><h3 class=\"uagb-team__title\">Natalia Mu\u00f1oz<\/h3><span class=\"uagb-team__prefix\">Administraci\u00f3n<\/span><\/div><div class=\"uagb-team__desc-wrap\"><p class=\"uagb-team__desc\"><\/p><\/div><\/div><\/div><\/div>\n<\/div>\n\n\n\n<div class=\"wp-block-column is-layout-flow wp-block-column-is-layout-flow\">\n<div class=\"wp-block-uagb-team uagb-team uagb-team__outer-wrap uagb-team__image-position-above uagb-team__align-center uagb-team__stack-tablet uagb-block-060b6a93-9b83-4e74-adbb-95131384c2f8\"><div class=\"uagb-team__wrap\"><div class=\"uagb-team__content\"><div class=\"uagb-team__image-wrap uagb-team__image-crop-circle\"><img decoding=\"async\" class=\"\" src=\"https:\/\/uepc.org.ar\/conectate\/wp-content\/uploads\/2023\/06\/Carolina-Cardone-equipo-ICIEC-263x263.jpg\" alt=\"\"\/><\/div><div class=\"uagb-team__title-wrap\"><h3 class=\"uagb-team__title\">Carolina Cardone<\/h3><span class=\"uagb-team__prefix\">Equipo de Trabajo pedag\u00f3gico \/ Comunicaci\u00f3n<\/span><\/div><div class=\"uagb-team__desc-wrap\"><p class=\"uagb-team__desc\"><\/p><\/div><\/div><\/div><\/div>\n<\/div>\n\n\n\n<div class=\"wp-block-column is-layout-flow wp-block-column-is-layout-flow\"><\/div>\n<\/div>\n","protected":false},"excerpt":{"rendered":"<a class=\"read-more-link\" href=\" https:\/\/uepc.org.ar\/conectate\/equipo-de-trabajo\/ \">Leer m\u00e1s<\/a>","protected":false},"author":15,"featured_media":0,"parent":0,"menu_order":0,"comment_status":"closed","ping_status":"closed","template":"","meta":{"_acf_changed":false,"_coblocks_attr":"","_coblocks_dimensions":"","_coblocks_responsive_height":"","_coblocks_accordion_ie_support":"","_uag_custom_page_level_css":"","footnotes":""},"class_list":["post-26934","page","type-page","status-publish","hentry"],"acf":[],"yoast_head":"<!-- This site is optimized with the Yoast SEO plugin v26.8 - https:\/\/yoast.com\/product\/yoast-seo-wordpress\/ -->\n<title>Equipo de trabajo - conectate ICIEC-UEPC<\/title>\n<meta name=\"robots\" content=\"index, follow, max-snippet:-1, max-image-preview:large, max-video-preview:-1\" \/>\n<link rel=\"canonical\" href=\"https:\/\/uepc.org.ar\/conectate\/equipo-de-trabajo\/\" \/>\n<meta property=\"og:locale\" content=\"es_ES\" \/>\n<meta property=\"og:type\" content=\"article\" \/>\n<meta property=\"og:title\" content=\"Equipo de trabajo - conectate ICIEC-UEPC\" \/>\n<meta property=\"og:url\" content=\"https:\/\/uepc.org.ar\/conectate\/equipo-de-trabajo\/\" \/>\n<meta property=\"og:site_name\" content=\"conectate ICIEC-UEPC\" \/>\n<meta property=\"article:publisher\" content=\"https:\/\/www.facebook.com\/conectate.uepc\" \/>\n<meta property=\"article:modified_time\" content=\"2023-09-29T20:09:23+00:00\" \/>\n<meta property=\"og:image\" content=\"http:\/\/uepc.org.ar\/conectate\/wp-content\/uploads\/2023\/06\/Gonzalo-Gutierrez-equipo-ICIEC-263x263.jpg\" \/>\n<meta name=\"twitter:card\" content=\"summary_large_image\" \/>\n<meta name=\"twitter:site\" content=\"@ConectateUEPC\" \/>\n<meta name=\"twitter:label1\" content=\"Tiempo de lectura\" \/>\n\t<meta name=\"twitter:data1\" content=\"1 minuto\" \/>\n<script type=\"application\/ld+json\" class=\"yoast-schema-graph\">{\"@context\":\"https:\/\/schema.org\",\"@graph\":[{\"@type\":\"WebPage\",\"@id\":\"https:\/\/uepc.org.ar\/conectate\/equipo-de-trabajo\/\",\"url\":\"https:\/\/uepc.org.ar\/conectate\/equipo-de-trabajo\/\",\"name\":\"Equipo de trabajo - conectate ICIEC-UEPC\",\"isPartOf\":{\"@id\":\"https:\/\/uepc.org.ar\/conectate\/#website\"},\"primaryImageOfPage\":{\"@id\":\"https:\/\/uepc.org.ar\/conectate\/equipo-de-trabajo\/#primaryimage\"},\"image\":{\"@id\":\"https:\/\/uepc.org.ar\/conectate\/equipo-de-trabajo\/#primaryimage\"},\"thumbnailUrl\":\"http:\/\/uepc.org.ar\/conectate\/wp-content\/uploads\/2023\/06\/Gonzalo-Gutierrez-equipo-ICIEC-263x263.jpg\",\"datePublished\":\"2023-06-27T18:52:04+00:00\",\"dateModified\":\"2023-09-29T20:09:23+00:00\",\"breadcrumb\":{\"@id\":\"https:\/\/uepc.org.ar\/conectate\/equipo-de-trabajo\/#breadcrumb\"},\"inLanguage\":\"es\",\"potentialAction\":[{\"@type\":\"ReadAction\",\"target\":[\"https:\/\/uepc.org.ar\/conectate\/equipo-de-trabajo\/\"]}]},{\"@type\":\"ImageObject\",\"inLanguage\":\"es\",\"@id\":\"https:\/\/uepc.org.ar\/conectate\/equipo-de-trabajo\/#primaryimage\",\"url\":\"http:\/\/uepc.org.ar\/conectate\/wp-content\/uploads\/2023\/06\/Gonzalo-Gutierrez-equipo-ICIEC-263x263.jpg\",\"contentUrl\":\"http:\/\/uepc.org.ar\/conectate\/wp-content\/uploads\/2023\/06\/Gonzalo-Gutierrez-equipo-ICIEC-263x263.jpg\"},{\"@type\":\"BreadcrumbList\",\"@id\":\"https:\/\/uepc.org.ar\/conectate\/equipo-de-trabajo\/#breadcrumb\",\"itemListElement\":[{\"@type\":\"ListItem\",\"position\":1,\"name\":\"Home\",\"item\":\"https:\/\/uepc.org.ar\/conectate\/\"},{\"@type\":\"ListItem\",\"position\":2,\"name\":\"Equipo de trabajo\"}]},{\"@type\":\"WebSite\",\"@id\":\"https:\/\/uepc.org.ar\/conectate\/#website\",\"url\":\"https:\/\/uepc.org.ar\/conectate\/\",\"name\":\"conectate ICIEC-UEPC\",\"description\":\"conectate a la pasi\u00f3n de educar\",\"publisher\":{\"@id\":\"https:\/\/uepc.org.ar\/conectate\/#organization\"},\"potentialAction\":[{\"@type\":\"SearchAction\",\"target\":{\"@type\":\"EntryPoint\",\"urlTemplate\":\"https:\/\/uepc.org.ar\/conectate\/?s={search_term_string}\"},\"query-input\":{\"@type\":\"PropertyValueSpecification\",\"valueRequired\":true,\"valueName\":\"search_term_string\"}}],\"inLanguage\":\"es\"},{\"@type\":\"Organization\",\"@id\":\"https:\/\/uepc.org.ar\/conectate\/#organization\",\"name\":\"conectate UEPC\",\"url\":\"https:\/\/uepc.org.ar\/conectate\/\",\"logo\":{\"@type\":\"ImageObject\",\"inLanguage\":\"es\",\"@id\":\"https:\/\/uepc.org.ar\/conectate\/#\/schema\/logo\/image\/\",\"url\":\"http:\/\/uepc.org.ar\/conectate\/wp-content\/uploads\/2019\/08\/lg-iciecx2.png\",\"contentUrl\":\"http:\/\/uepc.org.ar\/conectate\/wp-content\/uploads\/2019\/08\/lg-iciecx2.png\",\"width\":600,\"height\":266,\"caption\":\"conectate UEPC\"},\"image\":{\"@id\":\"https:\/\/uepc.org.ar\/conectate\/#\/schema\/logo\/image\/\"},\"sameAs\":[\"https:\/\/www.facebook.com\/conectate.uepc\",\"https:\/\/x.com\/ConectateUEPC\",\"https:\/\/www.instagram.com\/conectateuepc\/\",\"https:\/\/www.youtube.com\/channel\/UC_gvxulloCni4YDXzFRZ_qQ\"]}]}<\/script>\n<!-- \/ Yoast SEO plugin. -->","yoast_head_json":{"title":"Equipo de trabajo - conectate ICIEC-UEPC","robots":{"index":"index","follow":"follow","max-snippet":"max-snippet:-1","max-image-preview":"max-image-preview:large","max-video-preview":"max-video-preview:-1"},"canonical":"https:\/\/uepc.org.ar\/conectate\/equipo-de-trabajo\/","og_locale":"es_ES","og_type":"article","og_title":"Equipo de trabajo - conectate ICIEC-UEPC","og_url":"https:\/\/uepc.org.ar\/conectate\/equipo-de-trabajo\/","og_site_name":"conectate ICIEC-UEPC","article_publisher":"https:\/\/www.facebook.com\/conectate.uepc","article_modified_time":"2023-09-29T20:09:23+00:00","og_image":[{"url":"http:\/\/uepc.org.ar\/conectate\/wp-content\/uploads\/2023\/06\/Gonzalo-Gutierrez-equipo-ICIEC-263x263.jpg","type":"","width":"","height":""}],"twitter_card":"summary_large_image","twitter_site":"@ConectateUEPC","twitter_misc":{"Tiempo de lectura":"1 minuto"},"schema":{"@context":"https:\/\/schema.org","@graph":[{"@type":"WebPage","@id":"https:\/\/uepc.org.ar\/conectate\/equipo-de-trabajo\/","url":"https:\/\/uepc.org.ar\/conectate\/equipo-de-trabajo\/","name":"Equipo de trabajo - conectate ICIEC-UEPC","isPartOf":{"@id":"https:\/\/uepc.org.ar\/conectate\/#website"},"primaryImageOfPage":{"@id":"https:\/\/uepc.org.ar\/conectate\/equipo-de-trabajo\/#primaryimage"},"image":{"@id":"https:\/\/uepc.org.ar\/conectate\/equipo-de-trabajo\/#primaryimage"},"thumbnailUrl":"http:\/\/uepc.org.ar\/conectate\/wp-content\/uploads\/2023\/06\/Gonzalo-Gutierrez-equipo-ICIEC-263x263.jpg","datePublished":"2023-06-27T18:52:04+00:00","dateModified":"2023-09-29T20:09:23+00:00","breadcrumb":{"@id":"https:\/\/uepc.org.ar\/conectate\/equipo-de-trabajo\/#breadcrumb"},"inLanguage":"es","potentialAction":[{"@type":"ReadAction","target":["https:\/\/uepc.org.ar\/conectate\/equipo-de-trabajo\/"]}]},{"@type":"ImageObject","inLanguage":"es","@id":"https:\/\/uepc.org.ar\/conectate\/equipo-de-trabajo\/#primaryimage","url":"http:\/\/uepc.org.ar\/conectate\/wp-content\/uploads\/2023\/06\/Gonzalo-Gutierrez-equipo-ICIEC-263x263.jpg","contentUrl":"http:\/\/uepc.org.ar\/conectate\/wp-content\/uploads\/2023\/06\/Gonzalo-Gutierrez-equipo-ICIEC-263x263.jpg"},{"@type":"BreadcrumbList","@id":"https:\/\/uepc.org.ar\/conectate\/equipo-de-trabajo\/#breadcrumb","itemListElement":[{"@type":"ListItem","position":1,"name":"Home","item":"https:\/\/uepc.org.ar\/conectate\/"},{"@type":"ListItem","position":2,"name":"Equipo de trabajo"}]},{"@type":"WebSite","@id":"https:\/\/uepc.org.ar\/conectate\/#website","url":"https:\/\/uepc.org.ar\/conectate\/","name":"conectate ICIEC-UEPC","description":"conectate a la pasi\u00f3n de educar","publisher":{"@id":"https:\/\/uepc.org.ar\/conectate\/#organization"},"potentialAction":[{"@type":"SearchAction","target":{"@type":"EntryPoint","urlTemplate":"https:\/\/uepc.org.ar\/conectate\/?s={search_term_string}"},"query-input":{"@type":"PropertyValueSpecification","valueRequired":true,"valueName":"search_term_string"}}],"inLanguage":"es"},{"@type":"Organization","@id":"https:\/\/uepc.org.ar\/conectate\/#organization","name":"conectate UEPC","url":"https:\/\/uepc.org.ar\/conectate\/","logo":{"@type":"ImageObject","inLanguage":"es","@id":"https:\/\/uepc.org.ar\/conectate\/#\/schema\/logo\/image\/","url":"http:\/\/uepc.org.ar\/conectate\/wp-content\/uploads\/2019\/08\/lg-iciecx2.png","contentUrl":"http:\/\/uepc.org.ar\/conectate\/wp-content\/uploads\/2019\/08\/lg-iciecx2.png","width":600,"height":266,"caption":"conectate UEPC"},"image":{"@id":"https:\/\/uepc.org.ar\/conectate\/#\/schema\/logo\/image\/"},"sameAs":["https:\/\/www.facebook.com\/conectate.uepc","https:\/\/x.com\/ConectateUEPC","https:\/\/www.instagram.com\/conectateuepc\/","https:\/\/www.youtube.com\/channel\/UC_gvxulloCni4YDXzFRZ_qQ"]}]}},"uagb_featured_image_src":{"full":false,"thumbnail":false,"medium":false,"medium_large":false,"large":false,"1536x1536":false,"2048x2048":false,"post-thumbnail":false,"destacada":false,"eris-archive-image":false,"eris-archive-image-portrait":false,"eris-search-image":false},"uagb_author_info":{"display_name":"Administrador","author_link":"https:\/\/uepc.org.ar\/conectate\/author\/administrador\/"},"uagb_comment_info":0,"uagb_excerpt":null,"_links":{"self":[{"href":"https:\/\/uepc.org.ar\/conectate\/wp-json\/wp\/v2\/pages\/26934","targetHints":{"allow":["GET"]}}],"collection":[{"href":"https:\/\/uepc.org.ar\/conectate\/wp-json\/wp\/v2\/pages"}],"about":[{"href":"https:\/\/uepc.org.ar\/conectate\/wp-json\/wp\/v2\/types\/page"}],"author":[{"embeddable":true,"href":"https:\/\/uepc.org.ar\/conectate\/wp-json\/wp\/v2\/users\/15"}],"replies":[{"embeddable":true,"href":"https:\/\/uepc.org.ar\/conectate\/wp-json\/wp\/v2\/comments?post=26934"}],"version-history":[{"count":20,"href":"https:\/\/uepc.org.ar\/conectate\/wp-json\/wp\/v2\/pages\/26934\/revisions"}],"predecessor-version":[{"id":29903,"href":"https:\/\/uepc.org.ar\/conectate\/wp-json\/wp\/v2\/pages\/26934\/revisions\/29903"}],"wp:attachment":[{"href":"https:\/\/uepc.org.ar\/conectate\/wp-json\/wp\/v2\/media?parent=26934"}],"curies":[{"name":"wp","href":"https:\/\/api.w.org\/{rel}","templated":true}]}}