{"id":28650,"date":"2024-05-03T08:54:23","date_gmt":"2024-05-03T11:54:23","guid":{"rendered":"http:\/\/ht628195.hostingtelefonica.com.ar\/conectate\/?page_id=28650"},"modified":"2025-10-03T12:05:52","modified_gmt":"2025-10-03T15:05:52","slug":"capacitacion-docente","status":"publish","type":"page","link":"https:\/\/uepc.org.ar\/conectate\/capacitacion-docente\/","title":{"rendered":"Capacitaci\u00f3n docente"},"content":{"rendered":"\n<div class=\"wp-block-coblocks-hero alignfull coblocks-hero-81015552427 coblocks-hero-76111425926\"><div class=\"wp-block-coblocks-hero__inner bg-auto has-background-image bg-no-repeat bg-center-center hero-center-center-align has-padding has-small-padding has-center-content\" style=\"background-image:url(https:\/\/uepc.org.ar\/conectate\/wp-content\/uploads\/2024\/06\/Iciec_Formacion-Doc_ban_resp_fondo.png);min-height:100px\"><div class=\"wp-block-coblocks-hero__content-wrapper\"><div class=\"wp-block-coblocks-hero__content\" style=\"max-width:610px\">\n<div class=\"wp-block-image\"><figure class=\"aligncenter size-full\"><img loading=\"lazy\" decoding=\"async\" width=\"690\" height=\"207\" src=\"https:\/\/uepc.org.ar\/conectate\/wp-content\/uploads\/2024\/06\/Iciec_Formacion-Doc_ban_resp_Up.png\" alt=\"Iciec_Formaci\u00f3n-Doc_ban_resp_Up\" class=\"wp-image-28906\" srcset=\"https:\/\/uepc.org.ar\/conectate\/wp-content\/uploads\/2024\/06\/Iciec_Formacion-Doc_ban_resp_Up.png 690w, https:\/\/uepc.org.ar\/conectate\/wp-content\/uploads\/2024\/06\/Iciec_Formacion-Doc_ban_resp_Up-500x150.png 500w, https:\/\/uepc.org.ar\/conectate\/wp-content\/uploads\/2024\/06\/Iciec_Formacion-Doc_ban_resp_Up-550x165.png 550w, https:\/\/uepc.org.ar\/conectate\/wp-content\/uploads\/2024\/06\/Iciec_Formacion-Doc_ban_resp_Up-160x48.png 160w\" sizes=\"auto, (max-width: 690px) 100vw, 690px\" \/><\/figure><\/div>\n<\/div><\/div><\/div><\/div>\n\n\n\n<div style=\"height:30px\" aria-hidden=\"true\" class=\"wp-block-spacer\"><\/div>\n\n\n\n<h4 class=\"wp-block-heading\">Desde la Secretar\u00eda de Educaci\u00f3n de UEPC dise\u00f1amos y organizamos propuestas de formaci\u00f3n docente como otro modo de acompa\u00f1ar el trabajo de ense\u00f1ar.<\/h4>\n\n\n\n<p>Consideramos que los cambios que atraviesan las instituciones escolares vuelven necesario revisitar los procesos y din\u00e1micas en que se inscriben nuestras propuestas pedag\u00f3gicas. Para ello, habilitamos espacios de formaci\u00f3n que posibiliten analizar colectivamente estrategias de ense\u00f1anza desde m\u00faltiples tem\u00e1ticas, disciplinas y campos de conocimiento que permitan poner en di\u00e1logo aportes te\u00f3rico-conceptuales con las pr\u00e1cticas de las y los docentes.<\/p>\n\n\n\n<p>Frente a la creciente desigualdad que atraviesa la sociedad, estamos convencidos de que la escuela sigue siendo el mejor lugar para nuestras infancias y juventudes. Por ello, enriquecer la ense\u00f1anza y fortalecer los aprendizajes en esta coyuntura, representa el mejor modo de atender el derecho social a la educaci\u00f3n. En este marco, el desaf\u00edo es pensar juntas y juntos desde estos espacios de formaci\u00f3n docente, en sostener una escuela que aloje a las y los estudiantes dialogando con propuestas de ense\u00f1anza que enriquezcan sus trayectorias y garanticen aprendizajes de calidad en el marco del respeto a las diferencias.<\/p>\n\n\n\n<div style=\"height:29px\" aria-hidden=\"true\" class=\"wp-block-spacer\"><\/div>\n\n\n\n<p><\/p>\n\n\n\n<div class=\"wp-block-coblocks-hero alignfull coblocks-hero-81015552427 coblocks-hero-76111425926\"><div class=\"wp-block-coblocks-hero__inner bg-auto has-background-image bg-no-repeat bg-center-center hero-center-center-align has-padding has-small-padding has-center-content\" style=\"background-image:url(https:\/\/uepc.org.ar\/conectate\/wp-content\/uploads\/2024\/07\/Aula-virtual-Banner_rspon.jpg);min-height:100px\"><div class=\"wp-block-coblocks-hero__content-wrapper\"><div class=\"wp-block-coblocks-hero__content\" style=\"max-width:610px\">\n<div class=\"wp-block-image\"><figure class=\"aligncenter size-full\"><a href=\"https:\/\/aulavirtual2.uepc.org.ar\/\"><img decoding=\"async\" src=\"https:\/\/uepc.org.ar\/conectate\/wp-content\/uploads\/2024\/07\/Aula-virtual-Banner_rspon_up.png\" alt=\"Aula Virtual\" class=\"wp-image-28906\"\/><\/a><\/figure><\/div>\n<\/div><\/div><\/div><\/div>\n\n\n\n<hr class=\"wp-block-separator has-alpha-channel-opacity\"\/>\n\n\n\n<div class=\"wp-block-query is-layout-flow wp-block-query-is-layout-flow\"><\/div>\n","protected":false},"excerpt":{"rendered":"<p>Un Programa de asesoramiento y acompa\u00f1amiento para las escuelas y sus docentes.<\/p>\n<a class=\"read-more-link\" href=\" https:\/\/uepc.org.ar\/conectate\/capacitacion-docente\/ \">Leer m\u00e1s<\/a>","protected":false},"author":15,"featured_media":28912,"parent":0,"menu_order":0,"comment_status":"closed","ping_status":"closed","template":"","meta":{"_acf_changed":false,"_coblocks_attr":"","_coblocks_dimensions":"{\"coblocks-hero-76111425926\":{\"padding\":{}},\"coblocks-hero-81015552427\":{\"padding\":{}}}","_coblocks_responsive_height":"{\"coblocks-hero-76111425926\":{\"height\":{\"height\":100}},\"coblocks-hero-81015552427\":{\"height\":{\"height\":100}}}","_coblocks_accordion_ie_support":"","_uag_custom_page_level_css":"","footnotes":""},"class_list":["post-28650","page","type-page","status-publish","has-post-thumbnail","hentry"],"acf":[],"yoast_head":"<!-- This site is optimized with the Yoast SEO plugin v26.8 - https:\/\/yoast.com\/product\/yoast-seo-wordpress\/ -->\n<title>Capacitaci\u00f3n docente - conectate ICIEC-UEPC<\/title>\n<meta name=\"robots\" content=\"index, follow, max-snippet:-1, max-image-preview:large, max-video-preview:-1\" \/>\n<link rel=\"canonical\" href=\"https:\/\/uepc.org.ar\/conectate\/capacitacion-docente\/\" \/>\n<meta property=\"og:locale\" content=\"es_ES\" \/>\n<meta property=\"og:type\" content=\"article\" \/>\n<meta property=\"og:title\" content=\"Capacitaci\u00f3n docente - conectate ICIEC-UEPC\" \/>\n<meta property=\"og:description\" content=\"Un Programa de asesoramiento y acompa\u00f1amiento para las escuelas y sus docentes.\" \/>\n<meta property=\"og:url\" content=\"https:\/\/uepc.org.ar\/conectate\/capacitacion-docente\/\" \/>\n<meta property=\"og:site_name\" content=\"conectate ICIEC-UEPC\" \/>\n<meta property=\"article:publisher\" content=\"https:\/\/www.facebook.com\/conectate.uepc\" \/>\n<meta property=\"article:modified_time\" content=\"2025-10-03T15:05:52+00:00\" \/>\n<meta property=\"og:image\" content=\"https:\/\/uepc.org.ar\/conectate\/wp-content\/uploads\/2024\/04\/Consulta-Pedagogica-banner-web-destacada.png\" \/>\n\t<meta property=\"og:image:width\" content=\"2078\" \/>\n\t<meta property=\"og:image:height\" content=\"343\" \/>\n\t<meta property=\"og:image:type\" content=\"image\/png\" \/>\n<meta name=\"twitter:card\" content=\"summary_large_image\" \/>\n<meta name=\"twitter:site\" content=\"@ConectateUEPC\" \/>\n<meta name=\"twitter:label1\" content=\"Tiempo de lectura\" \/>\n\t<meta name=\"twitter:data1\" content=\"2 minutos\" \/>\n<script type=\"application\/ld+json\" class=\"yoast-schema-graph\">{\"@context\":\"https:\/\/schema.org\",\"@graph\":[{\"@type\":\"WebPage\",\"@id\":\"https:\/\/uepc.org.ar\/conectate\/capacitacion-docente\/\",\"url\":\"https:\/\/uepc.org.ar\/conectate\/capacitacion-docente\/\",\"name\":\"Capacitaci\u00f3n docente - conectate ICIEC-UEPC\",\"isPartOf\":{\"@id\":\"https:\/\/uepc.org.ar\/conectate\/#website\"},\"primaryImageOfPage\":{\"@id\":\"https:\/\/uepc.org.ar\/conectate\/capacitacion-docente\/#primaryimage\"},\"image\":{\"@id\":\"https:\/\/uepc.org.ar\/conectate\/capacitacion-docente\/#primaryimage\"},\"thumbnailUrl\":\"https:\/\/uepc.org.ar\/conectate\/wp-content\/uploads\/2024\/06\/Formacion-Docente-Banner-web.jpg\",\"datePublished\":\"2024-05-03T11:54:23+00:00\",\"dateModified\":\"2025-10-03T15:05:52+00:00\",\"breadcrumb\":{\"@id\":\"https:\/\/uepc.org.ar\/conectate\/capacitacion-docente\/#breadcrumb\"},\"inLanguage\":\"es\",\"potentialAction\":[{\"@type\":\"ReadAction\",\"target\":[\"https:\/\/uepc.org.ar\/conectate\/capacitacion-docente\/\"]}]},{\"@type\":\"ImageObject\",\"inLanguage\":\"es\",\"@id\":\"https:\/\/uepc.org.ar\/conectate\/capacitacion-docente\/#primaryimage\",\"url\":\"https:\/\/uepc.org.ar\/conectate\/wp-content\/uploads\/2024\/06\/Formacion-Docente-Banner-web.jpg\",\"contentUrl\":\"https:\/\/uepc.org.ar\/conectate\/wp-content\/uploads\/2024\/06\/Formacion-Docente-Banner-web.jpg\",\"width\":1920,\"height\":1080},{\"@type\":\"BreadcrumbList\",\"@id\":\"https:\/\/uepc.org.ar\/conectate\/capacitacion-docente\/#breadcrumb\",\"itemListElement\":[{\"@type\":\"ListItem\",\"position\":1,\"name\":\"Home\",\"item\":\"https:\/\/uepc.org.ar\/conectate\/\"},{\"@type\":\"ListItem\",\"position\":2,\"name\":\"Capacitaci\u00f3n docente\"}]},{\"@type\":\"WebSite\",\"@id\":\"https:\/\/uepc.org.ar\/conectate\/#website\",\"url\":\"https:\/\/uepc.org.ar\/conectate\/\",\"name\":\"conectate ICIEC-UEPC\",\"description\":\"conectate a la pasi\u00f3n de educar\",\"publisher\":{\"@id\":\"https:\/\/uepc.org.ar\/conectate\/#organization\"},\"potentialAction\":[{\"@type\":\"SearchAction\",\"target\":{\"@type\":\"EntryPoint\",\"urlTemplate\":\"https:\/\/uepc.org.ar\/conectate\/?s={search_term_string}\"},\"query-input\":{\"@type\":\"PropertyValueSpecification\",\"valueRequired\":true,\"valueName\":\"search_term_string\"}}],\"inLanguage\":\"es\"},{\"@type\":\"Organization\",\"@id\":\"https:\/\/uepc.org.ar\/conectate\/#organization\",\"name\":\"conectate UEPC\",\"url\":\"https:\/\/uepc.org.ar\/conectate\/\",\"logo\":{\"@type\":\"ImageObject\",\"inLanguage\":\"es\",\"@id\":\"https:\/\/uepc.org.ar\/conectate\/#\/schema\/logo\/image\/\",\"url\":\"http:\/\/uepc.org.ar\/conectate\/wp-content\/uploads\/2019\/08\/lg-iciecx2.png\",\"contentUrl\":\"http:\/\/uepc.org.ar\/conectate\/wp-content\/uploads\/2019\/08\/lg-iciecx2.png\",\"width\":600,\"height\":266,\"caption\":\"conectate UEPC\"},\"image\":{\"@id\":\"https:\/\/uepc.org.ar\/conectate\/#\/schema\/logo\/image\/\"},\"sameAs\":[\"https:\/\/www.facebook.com\/conectate.uepc\",\"https:\/\/x.com\/ConectateUEPC\",\"https:\/\/www.instagram.com\/conectateuepc\/\",\"https:\/\/www.youtube.com\/channel\/UC_gvxulloCni4YDXzFRZ_qQ\"]}]}<\/script>\n<!-- \/ Yoast SEO plugin. -->","yoast_head_json":{"title":"Capacitaci\u00f3n docente - conectate ICIEC-UEPC","robots":{"index":"index","follow":"follow","max-snippet":"max-snippet:-1","max-image-preview":"max-image-preview:large","max-video-preview":"max-video-preview:-1"},"canonical":"https:\/\/uepc.org.ar\/conectate\/capacitacion-docente\/","og_locale":"es_ES","og_type":"article","og_title":"Capacitaci\u00f3n docente - conectate ICIEC-UEPC","og_description":"Un Programa de asesoramiento y acompa\u00f1amiento para las escuelas y sus docentes.","og_url":"https:\/\/uepc.org.ar\/conectate\/capacitacion-docente\/","og_site_name":"conectate ICIEC-UEPC","article_publisher":"https:\/\/www.facebook.com\/conectate.uepc","article_modified_time":"2025-10-03T15:05:52+00:00","og_image":[{"width":2078,"height":343,"url":"https:\/\/uepc.org.ar\/conectate\/wp-content\/uploads\/2024\/04\/Consulta-Pedagogica-banner-web-destacada.png","type":"image\/png"}],"twitter_card":"summary_large_image","twitter_site":"@ConectateUEPC","twitter_misc":{"Tiempo de lectura":"2 minutos"},"schema":{"@context":"https:\/\/schema.org","@graph":[{"@type":"WebPage","@id":"https:\/\/uepc.org.ar\/conectate\/capacitacion-docente\/","url":"https:\/\/uepc.org.ar\/conectate\/capacitacion-docente\/","name":"Capacitaci\u00f3n docente - conectate ICIEC-UEPC","isPartOf":{"@id":"https:\/\/uepc.org.ar\/conectate\/#website"},"primaryImageOfPage":{"@id":"https:\/\/uepc.org.ar\/conectate\/capacitacion-docente\/#primaryimage"},"image":{"@id":"https:\/\/uepc.org.ar\/conectate\/capacitacion-docente\/#primaryimage"},"thumbnailUrl":"https:\/\/uepc.org.ar\/conectate\/wp-content\/uploads\/2024\/06\/Formacion-Docente-Banner-web.jpg","datePublished":"2024-05-03T11:54:23+00:00","dateModified":"2025-10-03T15:05:52+00:00","breadcrumb":{"@id":"https:\/\/uepc.org.ar\/conectate\/capacitacion-docente\/#breadcrumb"},"inLanguage":"es","potentialAction":[{"@type":"ReadAction","target":["https:\/\/uepc.org.ar\/conectate\/capacitacion-docente\/"]}]},{"@type":"ImageObject","inLanguage":"es","@id":"https:\/\/uepc.org.ar\/conectate\/capacitacion-docente\/#primaryimage","url":"https:\/\/uepc.org.ar\/conectate\/wp-content\/uploads\/2024\/06\/Formacion-Docente-Banner-web.jpg","contentUrl":"https:\/\/uepc.org.ar\/conectate\/wp-content\/uploads\/2024\/06\/Formacion-Docente-Banner-web.jpg","width":1920,"height":1080},{"@type":"BreadcrumbList","@id":"https:\/\/uepc.org.ar\/conectate\/capacitacion-docente\/#breadcrumb","itemListElement":[{"@type":"ListItem","position":1,"name":"Home","item":"https:\/\/uepc.org.ar\/conectate\/"},{"@type":"ListItem","position":2,"name":"Capacitaci\u00f3n docente"}]},{"@type":"WebSite","@id":"https:\/\/uepc.org.ar\/conectate\/#website","url":"https:\/\/uepc.org.ar\/conectate\/","name":"conectate ICIEC-UEPC","description":"conectate a la pasi\u00f3n de educar","publisher":{"@id":"https:\/\/uepc.org.ar\/conectate\/#organization"},"potentialAction":[{"@type":"SearchAction","target":{"@type":"EntryPoint","urlTemplate":"https:\/\/uepc.org.ar\/conectate\/?s={search_term_string}"},"query-input":{"@type":"PropertyValueSpecification","valueRequired":true,"valueName":"search_term_string"}}],"inLanguage":"es"},{"@type":"Organization","@id":"https:\/\/uepc.org.ar\/conectate\/#organization","name":"conectate UEPC","url":"https:\/\/uepc.org.ar\/conectate\/","logo":{"@type":"ImageObject","inLanguage":"es","@id":"https:\/\/uepc.org.ar\/conectate\/#\/schema\/logo\/image\/","url":"http:\/\/uepc.org.ar\/conectate\/wp-content\/uploads\/2019\/08\/lg-iciecx2.png","contentUrl":"http:\/\/uepc.org.ar\/conectate\/wp-content\/uploads\/2019\/08\/lg-iciecx2.png","width":600,"height":266,"caption":"conectate UEPC"},"image":{"@id":"https:\/\/uepc.org.ar\/conectate\/#\/schema\/logo\/image\/"},"sameAs":["https:\/\/www.facebook.com\/conectate.uepc","https:\/\/x.com\/ConectateUEPC","https:\/\/www.instagram.com\/conectateuepc\/","https:\/\/www.youtube.com\/channel\/UC_gvxulloCni4YDXzFRZ_qQ"]}]}},"uagb_featured_image_src":{"full":["https:\/\/uepc.org.ar\/conectate\/wp-content\/uploads\/2024\/06\/Formacion-Docente-Banner-web.jpg",1920,1080,false],"thumbnail":["https:\/\/uepc.org.ar\/conectate\/wp-content\/uploads\/2024\/06\/Formacion-Docente-Banner-web-150x150.jpg",150,150,true],"medium":["https:\/\/uepc.org.ar\/conectate\/wp-content\/uploads\/2024\/06\/Formacion-Docente-Banner-web-468x263.jpg",468,263,true],"medium_large":["https:\/\/uepc.org.ar\/conectate\/wp-content\/uploads\/2024\/06\/Formacion-Docente-Banner-web-768x432.jpg",768,432,true],"large":["https:\/\/uepc.org.ar\/conectate\/wp-content\/uploads\/2024\/06\/Formacion-Docente-Banner-web-1024x576.jpg",1024,576,true],"1536x1536":["https:\/\/uepc.org.ar\/conectate\/wp-content\/uploads\/2024\/06\/Formacion-Docente-Banner-web-1536x864.jpg",1536,864,true],"2048x2048":["https:\/\/uepc.org.ar\/conectate\/wp-content\/uploads\/2024\/06\/Formacion-Docente-Banner-web.jpg",1920,1080,false],"post-thumbnail":["https:\/\/uepc.org.ar\/conectate\/wp-content\/uploads\/2024\/06\/Formacion-Docente-Banner-web-150x150.jpg",150,150,true],"destacada":["https:\/\/uepc.org.ar\/conectate\/wp-content\/uploads\/2024\/06\/Formacion-Docente-Banner-web-1493x840.jpg",1493,840,true],"eris-archive-image":["https:\/\/uepc.org.ar\/conectate\/wp-content\/uploads\/2024\/06\/Formacion-Docente-Banner-web-1100x578.jpg",1100,578,true],"eris-archive-image-portrait":["https:\/\/uepc.org.ar\/conectate\/wp-content\/uploads\/2024\/06\/Formacion-Docente-Banner-web-550x309.jpg",550,309,true],"eris-search-image":["https:\/\/uepc.org.ar\/conectate\/wp-content\/uploads\/2024\/06\/Formacion-Docente-Banner-web-160x90.jpg",160,90,true]},"uagb_author_info":{"display_name":"Administrador","author_link":"https:\/\/uepc.org.ar\/conectate\/author\/administrador\/"},"uagb_comment_info":0,"uagb_excerpt":"Un Programa de asesoramiento y acompa\u00f1amiento para las escuelas y sus docentes.","_links":{"self":[{"href":"https:\/\/uepc.org.ar\/conectate\/wp-json\/wp\/v2\/pages\/28650","targetHints":{"allow":["GET"]}}],"collection":[{"href":"https:\/\/uepc.org.ar\/conectate\/wp-json\/wp\/v2\/pages"}],"about":[{"href":"https:\/\/uepc.org.ar\/conectate\/wp-json\/wp\/v2\/types\/page"}],"author":[{"embeddable":true,"href":"https:\/\/uepc.org.ar\/conectate\/wp-json\/wp\/v2\/users\/15"}],"replies":[{"embeddable":true,"href":"https:\/\/uepc.org.ar\/conectate\/wp-json\/wp\/v2\/comments?post=28650"}],"version-history":[{"count":10,"href":"https:\/\/uepc.org.ar\/conectate\/wp-json\/wp\/v2\/pages\/28650\/revisions"}],"predecessor-version":[{"id":31311,"href":"https:\/\/uepc.org.ar\/conectate\/wp-json\/wp\/v2\/pages\/28650\/revisions\/31311"}],"wp:featuredmedia":[{"embeddable":true,"href":"https:\/\/uepc.org.ar\/conectate\/wp-json\/wp\/v2\/media\/28912"}],"wp:attachment":[{"href":"https:\/\/uepc.org.ar\/conectate\/wp-json\/wp\/v2\/media?parent=28650"}],"curies":[{"name":"wp","href":"https:\/\/api.w.org\/{rel}","templated":true}]}}