{"id":31755,"date":"2026-02-12T16:03:08","date_gmt":"2026-02-12T19:03:08","guid":{"rendered":"https:\/\/uepc.org.ar\/conectate\/?page_id=31755"},"modified":"2026-02-20T11:34:48","modified_gmt":"2026-02-20T14:34:48","slug":"trayecto-pedagogico-uepc","status":"publish","type":"page","link":"https:\/\/uepc.org.ar\/conectate\/trayecto-pedagogico-uepc\/","title":{"rendered":"Trayecto Pedag\u00f3gico UEPC"},"content":{"rendered":"\n<div class=\"wp-block-coblocks-hero alignfull coblocks-hero-101319112185\"><div class=\"wp-block-coblocks-hero__inner bg-contain has-background-image bg-no-repeat bg-center-center hero-center-center-align has-padding has-center-content\" style=\"background-image:url(https:\/\/uepc.org.ar\/conectate\/wp-content\/uploads\/2026\/02\/Banner.png);min-height:500px\"><div class=\"wp-block-coblocks-hero__content-wrapper\"><div class=\"wp-block-coblocks-hero__content\" style=\"max-width:700px\">\n\n<figure class=\"wp-block-image size-full\"><img decoding=\"async\" src=\"https:\/\/uepc.org.ar\/conectate\/wp-content\/uploads\/2026\/02\/Texto.png\" alt=\"\" class=\"wp-image-31596\"\/><\/figure>\n\n<\/div><\/div><\/div><\/div>\n\n\n\n<p>El <strong>Trayecto Pedag\u00f3gico de UEPC<\/strong> es, ante todo, una <strong>decisi\u00f3n pol\u00edtica<\/strong> de nuestro sindicato: acompa\u00f1ar y legitimar a las compa\u00f1eras y los compa\u00f1eros docentes en su trabajo cotidiano en las escuelas, reconoci\u00e9ndolos como protagonistas claves en la consolidaci\u00f3n del <strong>derecho social a la educaci\u00f3n<\/strong> de adolescentes y j\u00f3venes.<\/p>\n\n\n\n<p>Se trata de una propuesta de formaci\u00f3n de <strong>18 meses<\/strong>, destinada a profesionales afiliadas y afiliados a UEPC que se desempe\u00f1an en la <strong>Educaci\u00f3n Secundaria<\/strong> del sistema educativo de la provincia de C\u00f3rdoba. A trav\u00e9s de una formaci\u00f3n pedag\u00f3gica significativa, el Trayecto Pedag\u00f3gico posibilita el acceso a las condiciones necesarias para la <strong>titularizaci\u00f3n de cargos docentes<\/strong>, fortaleciendo as\u00ed la <strong>seguridad laboral<\/strong> de quienes deciden sumarse a esta propuesta colectiva.<\/p>\n\n\n\n<div style=\"display:flex; gap:20px;\">\n\n  <div style=\"width:50%;\">\n    <a href=\"https:\/\/uepc.org.ar\/conectate\/preinscripciones-a-la-cohorte-2026-trayecto-pedagogico\/\">\n      <img decoding=\"async\" src=\"https:\/\/uepc.org.ar\/conectate\/wp-content\/uploads\/2025\/12\/Trayecto-_Banner-Web.jpg\" style=\"width:100%;\">\n      <h3>Preinscripciones a la Cohorte 2026 | Trayecto Pedag\u00f3gico <\/h3>\n    <\/a>\n    <p>Esta propuesta tiene una duraci\u00f3n de 18 meses y est\u00e1 destinada a profesionales afiliadas y afiliados de UEPC que en la actualidad se desempe\u00f1an como docentes en la Educaci\u00f3n Secundaria del sistema educativo de la provincia de C\u00f3rdoba. <\/p>\n  <\/div>\n\n  <div style=\"width:50%;\">\n    <a href=\"https:\/\/uepc.org.ar\/conectate\/preinscripciones-2025-trayecto-pedagogico\/\">\n      <img decoding=\"async\" src=\"https:\/\/uepc.org.ar\/conectate\/wp-content\/uploads\/2025\/03\/Trayecto_Banner-web-1100x500-1.jpg\" style=\"width:100%;\">\n      <h3>Firmamos convenios del Trayecto Pedag\u00f3gico en las escuelas de nuestra provincia<\/h3>\n    <\/a>\n    <p>Autoridades de las delegaciones de UEPC ya recorrieron m\u00e1s de 340 escuelas en m\u00e1s de 100 localidades para firmar y concretar los convenios institucionales que hacen posible las pr\u00e1cticas docentes del Trayecto Pedag\u00f3gico de UEPC en cada escuela.<\/p>\n  <\/div>\n\n<\/div>\n","protected":false},"excerpt":{"rendered":"<p>El Trayecto Pedag\u00f3gico de UEPC es, ante todo, una decisi\u00f3n pol\u00edtica de nuestro sindicato: acompa\u00f1ar y legitimar a las compa\u00f1eras y los compa\u00f1eros docentes en su trabajo cotidiano en las escuelas, reconoci\u00e9ndolos como protagonistas claves en la consolidaci\u00f3n del derecho social a la educaci\u00f3n de adolescentes y j\u00f3venes. Se trata de una propuesta de formaci\u00f3n [&hellip;]<\/p>\n<a class=\"read-more-link\" href=\" https:\/\/uepc.org.ar\/conectate\/trayecto-pedagogico-uepc\/ \">Leer m\u00e1s<\/a>","protected":false},"author":18,"featured_media":0,"parent":0,"menu_order":0,"comment_status":"closed","ping_status":"closed","template":"","meta":{"_acf_changed":false,"_coblocks_attr":"","_coblocks_dimensions":"","_coblocks_responsive_height":"","_coblocks_accordion_ie_support":"","_uag_custom_page_level_css":"","footnotes":""},"class_list":["post-31755","page","type-page","status-publish","hentry"],"acf":[],"yoast_head":"<!-- This site is optimized with the Yoast SEO plugin v26.8 - https:\/\/yoast.com\/product\/yoast-seo-wordpress\/ -->\n<title>Trayecto Pedag\u00f3gico UEPC - conectate ICIEC-UEPC<\/title>\n<meta name=\"robots\" content=\"index, follow, max-snippet:-1, max-image-preview:large, max-video-preview:-1\" \/>\n<link rel=\"canonical\" href=\"https:\/\/uepc.org.ar\/conectate\/trayecto-pedagogico-uepc\/\" \/>\n<meta property=\"og:locale\" content=\"es_ES\" \/>\n<meta property=\"og:type\" content=\"article\" \/>\n<meta property=\"og:title\" content=\"Trayecto Pedag\u00f3gico UEPC - conectate ICIEC-UEPC\" \/>\n<meta property=\"og:description\" content=\"El Trayecto Pedag\u00f3gico de UEPC es, ante todo, una decisi\u00f3n pol\u00edtica de nuestro sindicato: acompa\u00f1ar y legitimar a las compa\u00f1eras y los compa\u00f1eros docentes en su trabajo cotidiano en las escuelas, reconoci\u00e9ndolos como protagonistas claves en la consolidaci\u00f3n del derecho social a la educaci\u00f3n de adolescentes y j\u00f3venes. Se trata de una propuesta de formaci\u00f3n [&hellip;]\" \/>\n<meta property=\"og:url\" content=\"https:\/\/uepc.org.ar\/conectate\/trayecto-pedagogico-uepc\/\" \/>\n<meta property=\"og:site_name\" content=\"conectate ICIEC-UEPC\" \/>\n<meta property=\"article:publisher\" content=\"https:\/\/www.facebook.com\/conectate.uepc\" \/>\n<meta property=\"article:modified_time\" content=\"2026-02-20T14:34:48+00:00\" \/>\n<meta property=\"og:image\" content=\"https:\/\/uepc.org.ar\/conectate\/wp-content\/uploads\/2025\/11\/Biblio-Banner-Responsive-up.png\" \/>\n\t<meta property=\"og:image:width\" content=\"690\" \/>\n\t<meta property=\"og:image:height\" content=\"210\" \/>\n\t<meta property=\"og:image:type\" content=\"image\/png\" \/>\n<meta name=\"twitter:card\" content=\"summary_large_image\" \/>\n<meta name=\"twitter:site\" content=\"@ConectateUEPC\" \/>\n<meta name=\"twitter:label1\" content=\"Tiempo de lectura\" \/>\n\t<meta name=\"twitter:data1\" content=\"2 minutos\" \/>\n<script type=\"application\/ld+json\" class=\"yoast-schema-graph\">{\"@context\":\"https:\/\/schema.org\",\"@graph\":[{\"@type\":\"WebPage\",\"@id\":\"https:\/\/uepc.org.ar\/conectate\/trayecto-pedagogico-uepc\/\",\"url\":\"https:\/\/uepc.org.ar\/conectate\/trayecto-pedagogico-uepc\/\",\"name\":\"Trayecto Pedag\u00f3gico UEPC - conectate ICIEC-UEPC\",\"isPartOf\":{\"@id\":\"https:\/\/uepc.org.ar\/conectate\/#website\"},\"primaryImageOfPage\":{\"@id\":\"https:\/\/uepc.org.ar\/conectate\/trayecto-pedagogico-uepc\/#primaryimage\"},\"image\":{\"@id\":\"https:\/\/uepc.org.ar\/conectate\/trayecto-pedagogico-uepc\/#primaryimage\"},\"thumbnailUrl\":\"https:\/\/uepc.org.ar\/conectate\/wp-content\/uploads\/2026\/02\/Texto.png\",\"datePublished\":\"2026-02-12T19:03:08+00:00\",\"dateModified\":\"2026-02-20T14:34:48+00:00\",\"breadcrumb\":{\"@id\":\"https:\/\/uepc.org.ar\/conectate\/trayecto-pedagogico-uepc\/#breadcrumb\"},\"inLanguage\":\"es\",\"potentialAction\":[{\"@type\":\"ReadAction\",\"target\":[\"https:\/\/uepc.org.ar\/conectate\/trayecto-pedagogico-uepc\/\"]}]},{\"@type\":\"ImageObject\",\"inLanguage\":\"es\",\"@id\":\"https:\/\/uepc.org.ar\/conectate\/trayecto-pedagogico-uepc\/#primaryimage\",\"url\":\"https:\/\/uepc.org.ar\/conectate\/wp-content\/uploads\/2025\/11\/Biblio-Banner-Responsive-up.png\",\"contentUrl\":\"https:\/\/uepc.org.ar\/conectate\/wp-content\/uploads\/2025\/11\/Biblio-Banner-Responsive-up.png\",\"width\":690,\"height\":210},{\"@type\":\"BreadcrumbList\",\"@id\":\"https:\/\/uepc.org.ar\/conectate\/trayecto-pedagogico-uepc\/#breadcrumb\",\"itemListElement\":[{\"@type\":\"ListItem\",\"position\":1,\"name\":\"Home\",\"item\":\"https:\/\/uepc.org.ar\/conectate\/\"},{\"@type\":\"ListItem\",\"position\":2,\"name\":\"Trayecto Pedag\u00f3gico UEPC\"}]},{\"@type\":\"WebSite\",\"@id\":\"https:\/\/uepc.org.ar\/conectate\/#website\",\"url\":\"https:\/\/uepc.org.ar\/conectate\/\",\"name\":\"conectate ICIEC-UEPC\",\"description\":\"conectate a la pasi\u00f3n de educar\",\"publisher\":{\"@id\":\"https:\/\/uepc.org.ar\/conectate\/#organization\"},\"potentialAction\":[{\"@type\":\"SearchAction\",\"target\":{\"@type\":\"EntryPoint\",\"urlTemplate\":\"https:\/\/uepc.org.ar\/conectate\/?s={search_term_string}\"},\"query-input\":{\"@type\":\"PropertyValueSpecification\",\"valueRequired\":true,\"valueName\":\"search_term_string\"}}],\"inLanguage\":\"es\"},{\"@type\":\"Organization\",\"@id\":\"https:\/\/uepc.org.ar\/conectate\/#organization\",\"name\":\"conectate UEPC\",\"url\":\"https:\/\/uepc.org.ar\/conectate\/\",\"logo\":{\"@type\":\"ImageObject\",\"inLanguage\":\"es\",\"@id\":\"https:\/\/uepc.org.ar\/conectate\/#\/schema\/logo\/image\/\",\"url\":\"http:\/\/uepc.org.ar\/conectate\/wp-content\/uploads\/2019\/08\/lg-iciecx2.png\",\"contentUrl\":\"http:\/\/uepc.org.ar\/conectate\/wp-content\/uploads\/2019\/08\/lg-iciecx2.png\",\"width\":600,\"height\":266,\"caption\":\"conectate UEPC\"},\"image\":{\"@id\":\"https:\/\/uepc.org.ar\/conectate\/#\/schema\/logo\/image\/\"},\"sameAs\":[\"https:\/\/www.facebook.com\/conectate.uepc\",\"https:\/\/x.com\/ConectateUEPC\",\"https:\/\/www.instagram.com\/conectateuepc\/\",\"https:\/\/www.youtube.com\/channel\/UC_gvxulloCni4YDXzFRZ_qQ\"]}]}<\/script>\n<!-- \/ Yoast SEO plugin. -->","yoast_head_json":{"title":"Trayecto Pedag\u00f3gico UEPC - conectate ICIEC-UEPC","robots":{"index":"index","follow":"follow","max-snippet":"max-snippet:-1","max-image-preview":"max-image-preview:large","max-video-preview":"max-video-preview:-1"},"canonical":"https:\/\/uepc.org.ar\/conectate\/trayecto-pedagogico-uepc\/","og_locale":"es_ES","og_type":"article","og_title":"Trayecto Pedag\u00f3gico UEPC - conectate ICIEC-UEPC","og_description":"El Trayecto Pedag\u00f3gico de UEPC es, ante todo, una decisi\u00f3n pol\u00edtica de nuestro sindicato: acompa\u00f1ar y legitimar a las compa\u00f1eras y los compa\u00f1eros docentes en su trabajo cotidiano en las escuelas, reconoci\u00e9ndolos como protagonistas claves en la consolidaci\u00f3n del derecho social a la educaci\u00f3n de adolescentes y j\u00f3venes. Se trata de una propuesta de formaci\u00f3n [&hellip;]","og_url":"https:\/\/uepc.org.ar\/conectate\/trayecto-pedagogico-uepc\/","og_site_name":"conectate ICIEC-UEPC","article_publisher":"https:\/\/www.facebook.com\/conectate.uepc","article_modified_time":"2026-02-20T14:34:48+00:00","og_image":[{"width":690,"height":210,"url":"https:\/\/uepc.org.ar\/conectate\/wp-content\/uploads\/2025\/11\/Biblio-Banner-Responsive-up.png","type":"image\/png"}],"twitter_card":"summary_large_image","twitter_site":"@ConectateUEPC","twitter_misc":{"Tiempo de lectura":"2 minutos"},"schema":{"@context":"https:\/\/schema.org","@graph":[{"@type":"WebPage","@id":"https:\/\/uepc.org.ar\/conectate\/trayecto-pedagogico-uepc\/","url":"https:\/\/uepc.org.ar\/conectate\/trayecto-pedagogico-uepc\/","name":"Trayecto Pedag\u00f3gico UEPC - conectate ICIEC-UEPC","isPartOf":{"@id":"https:\/\/uepc.org.ar\/conectate\/#website"},"primaryImageOfPage":{"@id":"https:\/\/uepc.org.ar\/conectate\/trayecto-pedagogico-uepc\/#primaryimage"},"image":{"@id":"https:\/\/uepc.org.ar\/conectate\/trayecto-pedagogico-uepc\/#primaryimage"},"thumbnailUrl":"https:\/\/uepc.org.ar\/conectate\/wp-content\/uploads\/2026\/02\/Texto.png","datePublished":"2026-02-12T19:03:08+00:00","dateModified":"2026-02-20T14:34:48+00:00","breadcrumb":{"@id":"https:\/\/uepc.org.ar\/conectate\/trayecto-pedagogico-uepc\/#breadcrumb"},"inLanguage":"es","potentialAction":[{"@type":"ReadAction","target":["https:\/\/uepc.org.ar\/conectate\/trayecto-pedagogico-uepc\/"]}]},{"@type":"ImageObject","inLanguage":"es","@id":"https:\/\/uepc.org.ar\/conectate\/trayecto-pedagogico-uepc\/#primaryimage","url":"https:\/\/uepc.org.ar\/conectate\/wp-content\/uploads\/2025\/11\/Biblio-Banner-Responsive-up.png","contentUrl":"https:\/\/uepc.org.ar\/conectate\/wp-content\/uploads\/2025\/11\/Biblio-Banner-Responsive-up.png","width":690,"height":210},{"@type":"BreadcrumbList","@id":"https:\/\/uepc.org.ar\/conectate\/trayecto-pedagogico-uepc\/#breadcrumb","itemListElement":[{"@type":"ListItem","position":1,"name":"Home","item":"https:\/\/uepc.org.ar\/conectate\/"},{"@type":"ListItem","position":2,"name":"Trayecto Pedag\u00f3gico UEPC"}]},{"@type":"WebSite","@id":"https:\/\/uepc.org.ar\/conectate\/#website","url":"https:\/\/uepc.org.ar\/conectate\/","name":"conectate ICIEC-UEPC","description":"conectate a la pasi\u00f3n de educar","publisher":{"@id":"https:\/\/uepc.org.ar\/conectate\/#organization"},"potentialAction":[{"@type":"SearchAction","target":{"@type":"EntryPoint","urlTemplate":"https:\/\/uepc.org.ar\/conectate\/?s={search_term_string}"},"query-input":{"@type":"PropertyValueSpecification","valueRequired":true,"valueName":"search_term_string"}}],"inLanguage":"es"},{"@type":"Organization","@id":"https:\/\/uepc.org.ar\/conectate\/#organization","name":"conectate UEPC","url":"https:\/\/uepc.org.ar\/conectate\/","logo":{"@type":"ImageObject","inLanguage":"es","@id":"https:\/\/uepc.org.ar\/conectate\/#\/schema\/logo\/image\/","url":"http:\/\/uepc.org.ar\/conectate\/wp-content\/uploads\/2019\/08\/lg-iciecx2.png","contentUrl":"http:\/\/uepc.org.ar\/conectate\/wp-content\/uploads\/2019\/08\/lg-iciecx2.png","width":600,"height":266,"caption":"conectate UEPC"},"image":{"@id":"https:\/\/uepc.org.ar\/conectate\/#\/schema\/logo\/image\/"},"sameAs":["https:\/\/www.facebook.com\/conectate.uepc","https:\/\/x.com\/ConectateUEPC","https:\/\/www.instagram.com\/conectateuepc\/","https:\/\/www.youtube.com\/channel\/UC_gvxulloCni4YDXzFRZ_qQ"]}]}},"uagb_featured_image_src":{"full":false,"thumbnail":false,"medium":false,"medium_large":false,"large":false,"1536x1536":false,"2048x2048":false,"post-thumbnail":false,"destacada":false,"eris-archive-image":false,"eris-archive-image-portrait":false,"eris-search-image":false},"uagb_author_info":{"display_name":"Julian Molina","author_link":"https:\/\/uepc.org.ar\/conectate\/author\/julian\/"},"uagb_comment_info":0,"uagb_excerpt":"El Trayecto Pedag\u00f3gico de UEPC es, ante todo, una decisi\u00f3n pol\u00edtica de nuestro sindicato: acompa\u00f1ar y legitimar a las compa\u00f1eras y los compa\u00f1eros docentes en su trabajo cotidiano en las escuelas, reconoci\u00e9ndolos como protagonistas claves en la consolidaci\u00f3n del derecho social a la educaci\u00f3n de adolescentes y j\u00f3venes. Se trata de una propuesta de formaci\u00f3n&hellip;","_links":{"self":[{"href":"https:\/\/uepc.org.ar\/conectate\/wp-json\/wp\/v2\/pages\/31755","targetHints":{"allow":["GET"]}}],"collection":[{"href":"https:\/\/uepc.org.ar\/conectate\/wp-json\/wp\/v2\/pages"}],"about":[{"href":"https:\/\/uepc.org.ar\/conectate\/wp-json\/wp\/v2\/types\/page"}],"author":[{"embeddable":true,"href":"https:\/\/uepc.org.ar\/conectate\/wp-json\/wp\/v2\/users\/18"}],"replies":[{"embeddable":true,"href":"https:\/\/uepc.org.ar\/conectate\/wp-json\/wp\/v2\/comments?post=31755"}],"version-history":[{"count":13,"href":"https:\/\/uepc.org.ar\/conectate\/wp-json\/wp\/v2\/pages\/31755\/revisions"}],"predecessor-version":[{"id":31863,"href":"https:\/\/uepc.org.ar\/conectate\/wp-json\/wp\/v2\/pages\/31755\/revisions\/31863"}],"wp:attachment":[{"href":"https:\/\/uepc.org.ar\/conectate\/wp-json\/wp\/v2\/media?parent=31755"}],"curies":[{"name":"wp","href":"https:\/\/api.w.org\/{rel}","templated":true}]}}