{"id":31977,"date":"2026-03-23T17:00:00","date_gmt":"2026-03-23T20:00:00","guid":{"rendered":"https:\/\/uepc.org.ar\/conectate\/?page_id=31977"},"modified":"2026-03-24T14:28:31","modified_gmt":"2026-03-24T17:28:31","slug":"50-anios-del-golpe","status":"publish","type":"page","link":"https:\/\/uepc.org.ar\/conectate\/50-anios-del-golpe\/","title":{"rendered":"A 50 a\u00f1os del Golpe: hacemos memoria, construimos futuro"},"content":{"rendered":"\n<div class=\"wp-block-coblocks-hero alignfull coblocks-hero-430154428885\"><div class=\"wp-block-coblocks-hero__inner bg-auto has-background-image bg-no-repeat bg-center-center hero-center-center-align has-no-padding has-center-content\" style=\"background-image:url(https:\/\/uepc.org.ar\/conectate\/wp-content\/uploads\/2026\/03\/banner-golpe-fondo.png);min-height:500px\"><div class=\"wp-block-coblocks-hero__content-wrapper\"><div class=\"wp-block-coblocks-hero__content\" style=\"max-width:500px\"><div class=\"wp-block-image is-style-default\">\n<figure class=\"aligncenter size-medium\"><img decoding=\"async\" src=\"https:\/\/uepc.org.ar\/conectate\/wp-content\/uploads\/2026\/03\/banner-golpe-logo.png\" alt=\"\" class=\"wp-image-28840\"\/><\/figure><\/div><\/div><\/div><\/div><\/div>\n\n\n\n<p>El pr\u00f3ximo 24 de marzo se cumplir\u00e1n 50 a\u00f1os del fat\u00eddico golpe de Estado c\u00edvico-militar en nuestro pa\u00eds. Esta conmemoraci\u00f3n sucede en un contexto de gran complejidad y de particular objeci\u00f3n a las pol\u00edticas de memoria, verdad y justicia por parte de algunos sectores pol\u00edticos. Pero adem\u00e1s, estas cinco d\u00e9cadas llegan en medio de cuestionamientos al lugar mismo del Estado en relaci\u00f3n con el acceso a derechos elementales como salud, educaci\u00f3n, alimentaci\u00f3n y trabajo digno. <br><br>Sin embargo, en este presente emergen se\u00f1ales que renuevan la esperanza. Los recientes hallazgos de restos humanos en el Ex Centro Clandestino de detenci\u00f3n, tortura y exterminio \u201cLa Perla\u00bb reafirman la persistencia de la b\u00fasqueda y el compromiso con la verdad y testimonian que, a pesar del paso del tiempo, la memoria sigue viva y en movimiento. Estos avances, fruto del trabajo colectivo y sostenido de organismos de derechos humanos, equipos forenses y familiares, son un paso m\u00e1s hacia la verdad y una forma de reparaci\u00f3n y de construcci\u00f3n de un futuro m\u00e1s justo.<\/p>\n\n\n\n<p>Frente a este contexto, desde el ICIEC de la Secretar\u00eda de Educaci\u00f3n de UEPC, y la Secretar\u00eda de DDHH de UEPC sostenemos y mantenemos una postura firme en defensa de los derechos humanos, la vida en democracia, la exigencia de verdad y justicia y el fin de la impunidad de los cr\u00edmenes cometidos durante la \u00faltima dictadura. Somos conscientes de que estas demandas son indisociables al desarrollo de un pa\u00eds para todas y todos, donde nadie sea menos que nadie ni m\u00e1s que ninguno, y en donde podamos trabajar y prosperar por el bien com\u00fan de quienes habitamos este suelo libre y soberano.<\/p>\n\n\n\n<p>Reconocemos, en este marco, la centralidad de la escuela en la recuperaci\u00f3n y revitalizaci\u00f3n de las memorias de nuestro pueblo. Qu\u00e9 cosas nos sucedieron como pa\u00eds, cu\u00e1les fueron sus consecuencias en las din\u00e1micas sociales, culturales, econ\u00f3micas y educativas (entre otras), as\u00ed como el modo en que, como sociedad recuperamos y cuidamos dichas memorias, forma parte de las funciones irremplazables de la escuela.<\/p>\n\n\n\n<p>Por esta raz\u00f3n, compartimos a continuaci\u00f3n, una serie de materiales orientados a fortalecer las memorias sobre lo sucedido en la \u00faltima dictadura militar y a acompa\u00f1ar el trabajo de ense\u00f1ar en los diferentes lugares de nuestra provincia. Dichos materiales se engloban en el proyecto \u201c<strong>A 50 a\u00f1os del Golpe: hacemos memoria, construimos futuro<\/strong>\u201d: una cartilla did\u00e1ctica con recursos para el aula de todos los niveles; una serie de audiovisuales con entrevistas a referentes de diferentes campos intelectuales, pol\u00edticos y culturales; el libro <em>La escuela construye memoria<\/em> publicado para los 40 a\u00f1os por el ICIEC; un nuevo libro con t\u00edtulo hom\u00f3nimo al de este proyecto en el que compartimos 50 fotograf\u00edas sobre el 24 de marzo y que con orgullo damos a conocer; y, finalmente, la recuperaci\u00f3n de experiencias escolares desarrolladas durante el 2024 en el marco de la iniciativa <em>La escuela que queremos<\/em>, en las que se elaboraron murales alusivos al D\u00eda Nacional de la Memoria, por la Verdad y la Justicia.<\/p>\n\n\n\n<p>Confiamos en que la fuerza de este conjunto de materiales resulte un aporte relevante para abordar lo sucedido durante el \u00faltimo golpe de Estado. Entendemos que las definiciones pol\u00edtico-educativas asociadas al rol de la escuela en su compromiso con la defensa de la vida y la dignidad humana, son una conquista democr\u00e1tica, y en s\u00ed mismas, una definici\u00f3n del hacer escuela: los espacios escolares son tambi\u00e9n espacios de memoria.<\/p>\n\n\n\n<p>Por tanto, es preciso reafirmar que ense\u00f1ar y reflexionar sobre los cr\u00edmenes cometidos por la \u00faltima dictadura, como as\u00ed tambi\u00e9n sobre todo aquello que es su consecuencia y efecto, es una tarea necesaria para no olvidar. Hacer que la memoria sea, a la vez que un ejercicio hacia el pasado, tambi\u00e9n una pr\u00e1ctica que construye futuro, y que lo haga desde la escuela, se encuentra entre las principales finalidades de este proyecto.<\/p>\n\n\n\n<p>Las y los invitamos, con la alegr\u00eda y la esperanza que nos anima esta fecha, a recorrer estos materiales.<\/p>\n\n\n\n<div style=\"width: 100%;\"><div style=\"position: relative; padding-bottom: 56.25%; padding-top: 0; height: 0;\"><iframe loading=\"lazy\" title=\"A 50 a\u00f1os del Golpe: hacemos memoria, construimos futuro\" frameborder=\"0\" width=\"1200px\" height=\"675px\" style=\"position: absolute; top: 0; left: 0; width: 100%; height: 100%;\" src=\"https:\/\/view.genially.com\/69bc0ec7ca9bf06badffddce\" type=\"text\/html\" allowscriptaccess=\"always\" allowfullscreen=\"true\" scrolling=\"yes\" allownetworking=\"all\"><\/iframe> <\/div> <\/div>\n","protected":false},"excerpt":{"rendered":"<p>El pr\u00f3ximo 24 de marzo se cumplir\u00e1n 50 a\u00f1os del fat\u00eddico golpe de Estado c\u00edvico-militar en nuestro pa\u00eds. Esta conmemoraci\u00f3n sucede en un contexto de gran complejidad y de particular objeci\u00f3n a las pol\u00edticas de memoria, verdad y justicia por parte de algunos sectores pol\u00edticos. Pero adem\u00e1s, estas cinco d\u00e9cadas llegan en medio de cuestionamientos [&hellip;]<\/p>\n<a class=\"read-more-link\" href=\" https:\/\/uepc.org.ar\/conectate\/50-anios-del-golpe\/ \">Leer m\u00e1s<\/a>","protected":false},"author":18,"featured_media":0,"parent":0,"menu_order":0,"comment_status":"closed","ping_status":"closed","template":"","meta":{"_acf_changed":false,"_coblocks_attr":"","_coblocks_dimensions":"{\"coblocks-hero-430154428885\":{\"padding\":{\"paddingBottom\":\"60px\",\"paddingBottomMobile\":null,\"paddingBottomTablet\":null,\"paddingLeft\":\"0px\",\"paddingLeftMobile\":null,\"paddingLeftTablet\":null,\"paddingRight\":\"0px\",\"paddingRightMobile\":null,\"paddingRightTablet\":null,\"paddingTop\":\"60px\",\"paddingTopMobile\":null,\"paddingTopTablet\":null}}}","_coblocks_responsive_height":"","_coblocks_accordion_ie_support":"","_uag_custom_page_level_css":"","footnotes":""},"class_list":["post-31977","page","type-page","status-publish","hentry"],"acf":[],"yoast_head":"<!-- This site is optimized with the Yoast SEO plugin v26.8 - https:\/\/yoast.com\/product\/yoast-seo-wordpress\/ -->\n<title>A 50 a\u00f1os del Golpe: hacemos memoria, construimos futuro - conectate ICIEC-UEPC<\/title>\n<meta name=\"robots\" content=\"index, follow, max-snippet:-1, max-image-preview:large, max-video-preview:-1\" \/>\n<link rel=\"canonical\" href=\"https:\/\/uepc.org.ar\/conectate\/50-anios-del-golpe\/\" \/>\n<meta property=\"og:locale\" content=\"es_ES\" \/>\n<meta property=\"og:type\" content=\"article\" \/>\n<meta property=\"og:title\" content=\"A 50 a\u00f1os del Golpe: hacemos memoria, construimos futuro - conectate ICIEC-UEPC\" \/>\n<meta property=\"og:description\" content=\"El pr\u00f3ximo 24 de marzo se cumplir\u00e1n 50 a\u00f1os del fat\u00eddico golpe de Estado c\u00edvico-militar en nuestro pa\u00eds. Esta conmemoraci\u00f3n sucede en un contexto de gran complejidad y de particular objeci\u00f3n a las pol\u00edticas de memoria, verdad y justicia por parte de algunos sectores pol\u00edticos. Pero adem\u00e1s, estas cinco d\u00e9cadas llegan en medio de cuestionamientos [&hellip;]\" \/>\n<meta property=\"og:url\" content=\"https:\/\/uepc.org.ar\/conectate\/50-anios-del-golpe\/\" \/>\n<meta property=\"og:site_name\" content=\"conectate ICIEC-UEPC\" \/>\n<meta property=\"article:publisher\" content=\"https:\/\/www.facebook.com\/conectate.uepc\" \/>\n<meta property=\"article:modified_time\" content=\"2026-03-24T17:28:31+00:00\" \/>\n<meta property=\"og:image\" content=\"https:\/\/uepc.org.ar\/conectate\/wp-content\/uploads\/2024\/05\/crop-0-0-477-343-0-crop-0-0-477-343-0-seceduc_ley1420_encab_up-1.png\" \/>\n\t<meta property=\"og:image:width\" content=\"477\" \/>\n\t<meta property=\"og:image:height\" content=\"343\" \/>\n\t<meta property=\"og:image:type\" content=\"image\/png\" \/>\n<meta name=\"twitter:card\" content=\"summary_large_image\" \/>\n<meta name=\"twitter:site\" content=\"@ConectateUEPC\" \/>\n<meta name=\"twitter:label1\" content=\"Tiempo de lectura\" \/>\n\t<meta name=\"twitter:data1\" content=\"4 minutos\" \/>\n<script type=\"application\/ld+json\" class=\"yoast-schema-graph\">{\"@context\":\"https:\/\/schema.org\",\"@graph\":[{\"@type\":\"WebPage\",\"@id\":\"https:\/\/uepc.org.ar\/conectate\/50-anios-del-golpe\/\",\"url\":\"https:\/\/uepc.org.ar\/conectate\/50-anios-del-golpe\/\",\"name\":\"A 50 a\u00f1os del Golpe: hacemos memoria, construimos futuro - conectate ICIEC-UEPC\",\"isPartOf\":{\"@id\":\"https:\/\/uepc.org.ar\/conectate\/#website\"},\"primaryImageOfPage\":{\"@id\":\"https:\/\/uepc.org.ar\/conectate\/50-anios-del-golpe\/#primaryimage\"},\"image\":{\"@id\":\"https:\/\/uepc.org.ar\/conectate\/50-anios-del-golpe\/#primaryimage\"},\"thumbnailUrl\":\"https:\/\/uepc.org.ar\/conectate\/wp-content\/uploads\/2026\/03\/banner-golpe-logo.png\",\"datePublished\":\"2026-03-23T20:00:00+00:00\",\"dateModified\":\"2026-03-24T17:28:31+00:00\",\"breadcrumb\":{\"@id\":\"https:\/\/uepc.org.ar\/conectate\/50-anios-del-golpe\/#breadcrumb\"},\"inLanguage\":\"es\",\"potentialAction\":[{\"@type\":\"ReadAction\",\"target\":[\"https:\/\/uepc.org.ar\/conectate\/50-anios-del-golpe\/\"]}]},{\"@type\":\"ImageObject\",\"inLanguage\":\"es\",\"@id\":\"https:\/\/uepc.org.ar\/conectate\/50-anios-del-golpe\/#primaryimage\",\"url\":\"https:\/\/uepc.org.ar\/conectate\/wp-content\/uploads\/2024\/05\/crop-0-0-477-343-0-crop-0-0-477-343-0-seceduc_ley1420_encab_up-1.png\",\"contentUrl\":\"https:\/\/uepc.org.ar\/conectate\/wp-content\/uploads\/2024\/05\/crop-0-0-477-343-0-crop-0-0-477-343-0-seceduc_ley1420_encab_up-1.png\",\"width\":477,\"height\":343},{\"@type\":\"BreadcrumbList\",\"@id\":\"https:\/\/uepc.org.ar\/conectate\/50-anios-del-golpe\/#breadcrumb\",\"itemListElement\":[{\"@type\":\"ListItem\",\"position\":1,\"name\":\"Home\",\"item\":\"https:\/\/uepc.org.ar\/conectate\/\"},{\"@type\":\"ListItem\",\"position\":2,\"name\":\"A 50 a\u00f1os del Golpe: hacemos memoria, construimos futuro\"}]},{\"@type\":\"WebSite\",\"@id\":\"https:\/\/uepc.org.ar\/conectate\/#website\",\"url\":\"https:\/\/uepc.org.ar\/conectate\/\",\"name\":\"conectate ICIEC-UEPC\",\"description\":\"conectate a la pasi\u00f3n de educar\",\"publisher\":{\"@id\":\"https:\/\/uepc.org.ar\/conectate\/#organization\"},\"potentialAction\":[{\"@type\":\"SearchAction\",\"target\":{\"@type\":\"EntryPoint\",\"urlTemplate\":\"https:\/\/uepc.org.ar\/conectate\/?s={search_term_string}\"},\"query-input\":{\"@type\":\"PropertyValueSpecification\",\"valueRequired\":true,\"valueName\":\"search_term_string\"}}],\"inLanguage\":\"es\"},{\"@type\":\"Organization\",\"@id\":\"https:\/\/uepc.org.ar\/conectate\/#organization\",\"name\":\"conectate UEPC\",\"url\":\"https:\/\/uepc.org.ar\/conectate\/\",\"logo\":{\"@type\":\"ImageObject\",\"inLanguage\":\"es\",\"@id\":\"https:\/\/uepc.org.ar\/conectate\/#\/schema\/logo\/image\/\",\"url\":\"http:\/\/uepc.org.ar\/conectate\/wp-content\/uploads\/2019\/08\/lg-iciecx2.png\",\"contentUrl\":\"http:\/\/uepc.org.ar\/conectate\/wp-content\/uploads\/2019\/08\/lg-iciecx2.png\",\"width\":600,\"height\":266,\"caption\":\"conectate UEPC\"},\"image\":{\"@id\":\"https:\/\/uepc.org.ar\/conectate\/#\/schema\/logo\/image\/\"},\"sameAs\":[\"https:\/\/www.facebook.com\/conectate.uepc\",\"https:\/\/x.com\/ConectateUEPC\",\"https:\/\/www.instagram.com\/conectateuepc\/\",\"https:\/\/www.youtube.com\/channel\/UC_gvxulloCni4YDXzFRZ_qQ\"]}]}<\/script>\n<!-- \/ Yoast SEO plugin. -->","yoast_head_json":{"title":"A 50 a\u00f1os del Golpe: hacemos memoria, construimos futuro - conectate ICIEC-UEPC","robots":{"index":"index","follow":"follow","max-snippet":"max-snippet:-1","max-image-preview":"max-image-preview:large","max-video-preview":"max-video-preview:-1"},"canonical":"https:\/\/uepc.org.ar\/conectate\/50-anios-del-golpe\/","og_locale":"es_ES","og_type":"article","og_title":"A 50 a\u00f1os del Golpe: hacemos memoria, construimos futuro - conectate ICIEC-UEPC","og_description":"El pr\u00f3ximo 24 de marzo se cumplir\u00e1n 50 a\u00f1os del fat\u00eddico golpe de Estado c\u00edvico-militar en nuestro pa\u00eds. Esta conmemoraci\u00f3n sucede en un contexto de gran complejidad y de particular objeci\u00f3n a las pol\u00edticas de memoria, verdad y justicia por parte de algunos sectores pol\u00edticos. Pero adem\u00e1s, estas cinco d\u00e9cadas llegan en medio de cuestionamientos [&hellip;]","og_url":"https:\/\/uepc.org.ar\/conectate\/50-anios-del-golpe\/","og_site_name":"conectate ICIEC-UEPC","article_publisher":"https:\/\/www.facebook.com\/conectate.uepc","article_modified_time":"2026-03-24T17:28:31+00:00","og_image":[{"width":477,"height":343,"url":"https:\/\/uepc.org.ar\/conectate\/wp-content\/uploads\/2024\/05\/crop-0-0-477-343-0-crop-0-0-477-343-0-seceduc_ley1420_encab_up-1.png","type":"image\/png"}],"twitter_card":"summary_large_image","twitter_site":"@ConectateUEPC","twitter_misc":{"Tiempo de lectura":"4 minutos"},"schema":{"@context":"https:\/\/schema.org","@graph":[{"@type":"WebPage","@id":"https:\/\/uepc.org.ar\/conectate\/50-anios-del-golpe\/","url":"https:\/\/uepc.org.ar\/conectate\/50-anios-del-golpe\/","name":"A 50 a\u00f1os del Golpe: hacemos memoria, construimos futuro - conectate ICIEC-UEPC","isPartOf":{"@id":"https:\/\/uepc.org.ar\/conectate\/#website"},"primaryImageOfPage":{"@id":"https:\/\/uepc.org.ar\/conectate\/50-anios-del-golpe\/#primaryimage"},"image":{"@id":"https:\/\/uepc.org.ar\/conectate\/50-anios-del-golpe\/#primaryimage"},"thumbnailUrl":"https:\/\/uepc.org.ar\/conectate\/wp-content\/uploads\/2026\/03\/banner-golpe-logo.png","datePublished":"2026-03-23T20:00:00+00:00","dateModified":"2026-03-24T17:28:31+00:00","breadcrumb":{"@id":"https:\/\/uepc.org.ar\/conectate\/50-anios-del-golpe\/#breadcrumb"},"inLanguage":"es","potentialAction":[{"@type":"ReadAction","target":["https:\/\/uepc.org.ar\/conectate\/50-anios-del-golpe\/"]}]},{"@type":"ImageObject","inLanguage":"es","@id":"https:\/\/uepc.org.ar\/conectate\/50-anios-del-golpe\/#primaryimage","url":"https:\/\/uepc.org.ar\/conectate\/wp-content\/uploads\/2024\/05\/crop-0-0-477-343-0-crop-0-0-477-343-0-seceduc_ley1420_encab_up-1.png","contentUrl":"https:\/\/uepc.org.ar\/conectate\/wp-content\/uploads\/2024\/05\/crop-0-0-477-343-0-crop-0-0-477-343-0-seceduc_ley1420_encab_up-1.png","width":477,"height":343},{"@type":"BreadcrumbList","@id":"https:\/\/uepc.org.ar\/conectate\/50-anios-del-golpe\/#breadcrumb","itemListElement":[{"@type":"ListItem","position":1,"name":"Home","item":"https:\/\/uepc.org.ar\/conectate\/"},{"@type":"ListItem","position":2,"name":"A 50 a\u00f1os del Golpe: hacemos memoria, construimos futuro"}]},{"@type":"WebSite","@id":"https:\/\/uepc.org.ar\/conectate\/#website","url":"https:\/\/uepc.org.ar\/conectate\/","name":"conectate ICIEC-UEPC","description":"conectate a la pasi\u00f3n de educar","publisher":{"@id":"https:\/\/uepc.org.ar\/conectate\/#organization"},"potentialAction":[{"@type":"SearchAction","target":{"@type":"EntryPoint","urlTemplate":"https:\/\/uepc.org.ar\/conectate\/?s={search_term_string}"},"query-input":{"@type":"PropertyValueSpecification","valueRequired":true,"valueName":"search_term_string"}}],"inLanguage":"es"},{"@type":"Organization","@id":"https:\/\/uepc.org.ar\/conectate\/#organization","name":"conectate UEPC","url":"https:\/\/uepc.org.ar\/conectate\/","logo":{"@type":"ImageObject","inLanguage":"es","@id":"https:\/\/uepc.org.ar\/conectate\/#\/schema\/logo\/image\/","url":"http:\/\/uepc.org.ar\/conectate\/wp-content\/uploads\/2019\/08\/lg-iciecx2.png","contentUrl":"http:\/\/uepc.org.ar\/conectate\/wp-content\/uploads\/2019\/08\/lg-iciecx2.png","width":600,"height":266,"caption":"conectate UEPC"},"image":{"@id":"https:\/\/uepc.org.ar\/conectate\/#\/schema\/logo\/image\/"},"sameAs":["https:\/\/www.facebook.com\/conectate.uepc","https:\/\/x.com\/ConectateUEPC","https:\/\/www.instagram.com\/conectateuepc\/","https:\/\/www.youtube.com\/channel\/UC_gvxulloCni4YDXzFRZ_qQ"]}]}},"uagb_featured_image_src":{"full":false,"thumbnail":false,"medium":false,"medium_large":false,"large":false,"1536x1536":false,"2048x2048":false,"post-thumbnail":false,"destacada":false,"eris-archive-image":false,"eris-archive-image-portrait":false,"eris-search-image":false},"uagb_author_info":{"display_name":"Julian Molina","author_link":"https:\/\/uepc.org.ar\/conectate\/author\/julian\/"},"uagb_comment_info":0,"uagb_excerpt":"El pr\u00f3ximo 24 de marzo se cumplir\u00e1n 50 a\u00f1os del fat\u00eddico golpe de Estado c\u00edvico-militar en nuestro pa\u00eds. Esta conmemoraci\u00f3n sucede en un contexto de gran complejidad y de particular objeci\u00f3n a las pol\u00edticas de memoria, verdad y justicia por parte de algunos sectores pol\u00edticos. Pero adem\u00e1s, estas cinco d\u00e9cadas llegan en medio de cuestionamientos&hellip;","_links":{"self":[{"href":"https:\/\/uepc.org.ar\/conectate\/wp-json\/wp\/v2\/pages\/31977","targetHints":{"allow":["GET"]}}],"collection":[{"href":"https:\/\/uepc.org.ar\/conectate\/wp-json\/wp\/v2\/pages"}],"about":[{"href":"https:\/\/uepc.org.ar\/conectate\/wp-json\/wp\/v2\/types\/page"}],"author":[{"embeddable":true,"href":"https:\/\/uepc.org.ar\/conectate\/wp-json\/wp\/v2\/users\/18"}],"replies":[{"embeddable":true,"href":"https:\/\/uepc.org.ar\/conectate\/wp-json\/wp\/v2\/comments?post=31977"}],"version-history":[{"count":20,"href":"https:\/\/uepc.org.ar\/conectate\/wp-json\/wp\/v2\/pages\/31977\/revisions"}],"predecessor-version":[{"id":32025,"href":"https:\/\/uepc.org.ar\/conectate\/wp-json\/wp\/v2\/pages\/31977\/revisions\/32025"}],"wp:attachment":[{"href":"https:\/\/uepc.org.ar\/conectate\/wp-json\/wp\/v2\/media?parent=31977"}],"curies":[{"name":"wp","href":"https:\/\/api.w.org\/{rel}","templated":true}]}}