{"id":8589,"date":"2015-04-12T14:43:06","date_gmt":"2015-04-12T17:43:06","guid":{"rendered":"http:\/\/200.69.245.11\/conectate\/?page_id=8589"},"modified":"2025-03-18T12:33:37","modified_gmt":"2025-03-18T15:33:37","slug":"consulta-pedagogica","status":"publish","type":"page","link":"https:\/\/uepc.org.ar\/conectate\/consulta-pedagogica\/","title":{"rendered":"Consulta Pedag\u00f3gica"},"content":{"rendered":"\n<div class=\"wp-block-coblocks-hero alignfull coblocks-hero-81015552427 coblocks-hero-76111425926\"><div class=\"wp-block-coblocks-hero__inner bg-auto has-background-image bg-no-repeat bg-center-center hero-center-center-align has-padding has-small-padding has-center-content\" style=\"background-image:url(https:\/\/uepc.org.ar\/conectate\/wp-content\/uploads\/2024\/04\/iciec_ConsPedag6_ban_rspon.png);min-height:100px\"><div class=\"wp-block-coblocks-hero__content-wrapper\"><div class=\"wp-block-coblocks-hero__content\" style=\"max-width:610px\">\n\n<div class=\"wp-block-image\"><figure class=\"aligncenter size-full\"><img loading=\"lazy\" decoding=\"async\" width=\"690\" height=\"207\" src=\"https:\/\/uepc.org.ar\/conectate\/wp-content\/uploads\/2024\/04\/iciec_ConsPedag6_ban_rspon_up-1.png\" alt=\"\" class=\"wp-image-28480\" srcset=\"https:\/\/uepc.org.ar\/conectate\/wp-content\/uploads\/2024\/04\/iciec_ConsPedag6_ban_rspon_up-1.png 690w, https:\/\/uepc.org.ar\/conectate\/wp-content\/uploads\/2024\/04\/iciec_ConsPedag6_ban_rspon_up-1-500x150.png 500w, https:\/\/uepc.org.ar\/conectate\/wp-content\/uploads\/2024\/04\/iciec_ConsPedag6_ban_rspon_up-1-550x165.png 550w, https:\/\/uepc.org.ar\/conectate\/wp-content\/uploads\/2024\/04\/iciec_ConsPedag6_ban_rspon_up-1-160x48.png 160w\" sizes=\"auto, (max-width: 690px) 100vw, 690px\" \/><\/figure><\/div>\n\n<\/div><\/div><\/div><\/div>\n\n\n\n<div style=\"height:30px\" aria-hidden=\"true\" class=\"wp-block-spacer\"><\/div>\n\n\n\n<h4 class=\"wp-block-heading\"><strong>Acompa\u00f1amiento pedag\u00f3gico a docentes y equipos de gesti\u00f3n de todos los niveles y modalidades<\/strong><\/h4>\n\n\n\n<p>Desde el a\u00f1o 2013 trabajamos desde Consulta Pedag\u00f3gica con el objetivo de acompa\u00f1ar a docentes y equipos de gesti\u00f3n de todos los niveles y modalidades a partir de demandas y preocupaciones pedag\u00f3gicas. En este tiempo, en las diferentes consultas, nos encontramos junto a equipos de inspecci\u00f3n y de gesti\u00f3n escolar, docentes, preceptoras y preceptores, coordinadoras y coordinadores de curso, con la mirada atenta en las y los estudiantes. En conjunto elaboramos una propuesta situada e institucional de acompa\u00f1amiento pedag\u00f3gico con objetivos y acciones que den respuesta a la situaci\u00f3n planteada.<\/p>\n\n\n\n<p>Las experiencias se construyen en funci\u00f3n de necesidades, posibilidades y condiciones concretas de las instituciones para llevarlas a cabo. De este modo participamos en la elaboraci\u00f3n e implementaci\u00f3n de proyectos institucionales; organizamos encuentros con equipos directivos para la construcci\u00f3n de criterios institucionales; trabajamos con zonas de inspecci\u00f3n en el acompa\u00f1amiento del pasaje entre la Educaci\u00f3n Primaria y Secundaria; colaboramos con escuelas que conforman comunidades de aprendizaje; entre otras.<\/p>\n\n\n\n<p>Algunas de las tem\u00e1ticas m\u00e1s recurrentes que abordamos se vinculan con el abordaje de la <strong>ense\u00f1anza en aulas heterog\u00e9neas<\/strong>, el<strong> derecho a la educaci\u00f3n<\/strong>, la <strong>relaci\u00f3n escuela y familia<\/strong>, la <strong>construcci\u00f3n de criterios de evaluaci\u00f3n<\/strong>, la <strong>convivencia desde la perspectiva de ESI<\/strong>, la <strong>planificaci\u00f3n y el desarrollo de proyectos de revistas escolares<\/strong>, la <strong>participaci\u00f3n estudiantil<\/strong>, la<strong> investigaci\u00f3n en la formaci\u00f3n docente<\/strong>, los e<strong>spacios de acompa\u00f1amiento a la gesti\u00f3n escolar<\/strong>, entre otras.<\/p>\n\n\n\n<p>Te invitamos a recorrer algunas experiencias realizadas en escuelas de C\u00f3rdoba y a que te pongas en contacto. Hacelo a trav\u00e9s de<strong> tu delegaci\u00f3n de UEPC<\/strong> o mandanos un correo a <strong>consultapedagogica@uepc.org.ar<\/strong><\/p>\n\n\n\n<div style=\"height:20px\" aria-hidden=\"true\" class=\"wp-block-spacer\"><\/div>\n\n\n\n\t\t\t<div class=\"wp-block-uagb-post-grid uagb-post-grid  uagb-post__image-position-top uagb-post__image-enabled uagb-block-423a95b1-605e-47a1-ae74-c8897a32520c     uagb-post__items uagb-post__columns-3 is-grid uagb-post__columns-tablet-2 uagb-post__columns-mobile-1 uagb-post__equal-height\" data-total=\"11\" style=\"\">\n\n\t\t\t\t\t\t\t\t\t\t\t\t<article class=\"uagb-post__inner-wrap\">\t\t\t\t\t\t\t\t<div class='uagb-post__image'>\n\t\t\t\t\t\t\t\t\t<a href=\"https:\/\/uepc.org.ar\/conectate\/consulta-pedagogica-gestion-escolar-y-democratizacion-institucional-en-minas\/\" target=\"_self\" rel=\"bookmark noopener noreferrer\" class='uagb-image-ratio-inherit'><img loading=\"lazy\" decoding=\"async\" width=\"500\" height=\"223\" src=\"https:\/\/uepc.org.ar\/conectate\/wp-content\/uploads\/2025\/03\/Imagen-destacada-Gestion-Consulta-pedagogica-2025-500x223.png\" class=\"attachment-medium size-medium\" alt=\"\" srcset=\"https:\/\/uepc.org.ar\/conectate\/wp-content\/uploads\/2025\/03\/Imagen-destacada-Gestion-Consulta-pedagogica-2025-500x223.png 500w, https:\/\/uepc.org.ar\/conectate\/wp-content\/uploads\/2025\/03\/Imagen-destacada-Gestion-Consulta-pedagogica-2025-1024x457.png 1024w, https:\/\/uepc.org.ar\/conectate\/wp-content\/uploads\/2025\/03\/Imagen-destacada-Gestion-Consulta-pedagogica-2025-768x343.png 768w, https:\/\/uepc.org.ar\/conectate\/wp-content\/uploads\/2025\/03\/Imagen-destacada-Gestion-Consulta-pedagogica-2025-1536x685.png 1536w, https:\/\/uepc.org.ar\/conectate\/wp-content\/uploads\/2025\/03\/Imagen-destacada-Gestion-Consulta-pedagogica-2025-2048x914.png 2048w, https:\/\/uepc.org.ar\/conectate\/wp-content\/uploads\/2025\/03\/Imagen-destacada-Gestion-Consulta-pedagogica-2025-1600x714.png 1600w, https:\/\/uepc.org.ar\/conectate\/wp-content\/uploads\/2025\/03\/Imagen-destacada-Gestion-Consulta-pedagogica-2025-550x245.png 550w, https:\/\/uepc.org.ar\/conectate\/wp-content\/uploads\/2025\/03\/Imagen-destacada-Gestion-Consulta-pedagogica-2025-160x71.png 160w\" sizes=\"auto, (max-width: 500px) 100vw, 500px\" \/>\t\t\t\t\t<\/a>\n\t\t\t\t\t\t\t<\/div>\n\t\t\t\t\t\t<h4 class=\"uagb-post__title uagb-post__text\">\n\t\t\t\t<a href=\"https:\/\/uepc.org.ar\/conectate\/consulta-pedagogica-gestion-escolar-y-democratizacion-institucional-en-minas\/\" target=\"_self\" rel=\"bookmark noopener noreferrer\">Consulta Pedag\u00f3gica | Gesti\u00f3n escolar y democratizaci\u00f3n institucional en Minas<\/a>\n\t\t\t<\/h4>\n\t\t\t\t\t\t<div class='uagb-post__text uagb-post-grid-byline'>\n\t\t\t\t\t\t\t\t<time datetime=\"2025-03-18T10:38:14-03:00\" class=\"uagb-post__date\">\n\t\t\t\t<span class=\"dashicons-calendar dashicons\"><\/span>\t\t\t\t\t18 marzo, 2025\t\t\t\t<\/time>\n\t\t\t\t\t\t<\/div>\n\t\t\t\t\t\t\t<div class='uagb-post__text uagb-post__excerpt'>\n\t\t\t\t\t<p>Desde Consulta Pedag\u00f3gica de la Secretar\u00eda de Educaci\u00f3n de la UEPC, junto con referentes gremiales&#8230;\t\t\t\t<\/div>\n\t\t\t\n\t\t\t\t\t\t\t\t\t<\/article>\n\t\t\t\t\t\t\t\t\t\t\t\t\t\t\t\t<article class=\"uagb-post__inner-wrap\">\t\t\t\t\t\t\t\t<div class='uagb-post__image'>\n\t\t\t\t\t\t\t\t\t<a href=\"https:\/\/uepc.org.ar\/conectate\/consulta-pedagogica-ensenanza-diversificada-y-derecho-a-la-educacion\/\" target=\"_self\" rel=\"bookmark noopener noreferrer\" class='uagb-image-ratio-inherit'><img loading=\"lazy\" decoding=\"async\" width=\"500\" height=\"223\" src=\"https:\/\/uepc.org.ar\/conectate\/wp-content\/uploads\/2025\/03\/Imagen-destacada-Convivencia-Consulta-pedagogica-2025-500x223.png\" class=\"attachment-medium size-medium\" alt=\"\" srcset=\"https:\/\/uepc.org.ar\/conectate\/wp-content\/uploads\/2025\/03\/Imagen-destacada-Convivencia-Consulta-pedagogica-2025-500x223.png 500w, https:\/\/uepc.org.ar\/conectate\/wp-content\/uploads\/2025\/03\/Imagen-destacada-Convivencia-Consulta-pedagogica-2025-1024x457.png 1024w, https:\/\/uepc.org.ar\/conectate\/wp-content\/uploads\/2025\/03\/Imagen-destacada-Convivencia-Consulta-pedagogica-2025-768x343.png 768w, https:\/\/uepc.org.ar\/conectate\/wp-content\/uploads\/2025\/03\/Imagen-destacada-Convivencia-Consulta-pedagogica-2025-1536x685.png 1536w, https:\/\/uepc.org.ar\/conectate\/wp-content\/uploads\/2025\/03\/Imagen-destacada-Convivencia-Consulta-pedagogica-2025-2048x914.png 2048w, https:\/\/uepc.org.ar\/conectate\/wp-content\/uploads\/2025\/03\/Imagen-destacada-Convivencia-Consulta-pedagogica-2025-1600x714.png 1600w, https:\/\/uepc.org.ar\/conectate\/wp-content\/uploads\/2025\/03\/Imagen-destacada-Convivencia-Consulta-pedagogica-2025-550x245.png 550w, https:\/\/uepc.org.ar\/conectate\/wp-content\/uploads\/2025\/03\/Imagen-destacada-Convivencia-Consulta-pedagogica-2025-160x71.png 160w\" sizes=\"auto, (max-width: 500px) 100vw, 500px\" \/>\t\t\t\t\t<\/a>\n\t\t\t\t\t\t\t<\/div>\n\t\t\t\t\t\t<h4 class=\"uagb-post__title uagb-post__text\">\n\t\t\t\t<a href=\"https:\/\/uepc.org.ar\/conectate\/consulta-pedagogica-ensenanza-diversificada-y-derecho-a-la-educacion\/\" target=\"_self\" rel=\"bookmark noopener noreferrer\">Consulta Pedag\u00f3gica | Ense\u00f1anza diversificada y derecho a la educaci\u00f3n<\/a>\n\t\t\t<\/h4>\n\t\t\t\t\t\t<div class='uagb-post__text uagb-post-grid-byline'>\n\t\t\t\t\t\t\t\t<time datetime=\"2025-03-17T14:43:40-03:00\" class=\"uagb-post__date\">\n\t\t\t\t<span class=\"dashicons-calendar dashicons\"><\/span>\t\t\t\t\t17 marzo, 2025\t\t\t\t<\/time>\n\t\t\t\t\t\t<\/div>\n\t\t\t\t\t\t\t<div class='uagb-post__text uagb-post__excerpt'>\n\t\t\t\t\t<p>Desde la Secretar\u00eda de Educaci\u00f3n de UEPC, a trav\u00e9s de la Consulta Pedag\u00f3gica buscamos dar&#8230;\t\t\t\t<\/div>\n\t\t\t\n\t\t\t\t\t\t\t\t\t<\/article>\n\t\t\t\t\t\t\t\t\t\t\t\t\t\t\t\t<article class=\"uagb-post__inner-wrap\">\t\t\t\t\t\t\t\t<div class='uagb-post__image'>\n\t\t\t\t\t\t\t\t\t<a href=\"https:\/\/uepc.org.ar\/conectate\/convivencia-y-ensenanza-de-la-esi\/\" target=\"_self\" rel=\"bookmark noopener noreferrer\" class='uagb-image-ratio-inherit'><img loading=\"lazy\" decoding=\"async\" width=\"500\" height=\"223\" src=\"https:\/\/uepc.org.ar\/conectate\/wp-content\/uploads\/2025\/03\/Imagen-destacada-Ensenanza-Consulta-pedagogica-2025-500x223.png\" class=\"attachment-medium size-medium\" alt=\"\" srcset=\"https:\/\/uepc.org.ar\/conectate\/wp-content\/uploads\/2025\/03\/Imagen-destacada-Ensenanza-Consulta-pedagogica-2025-500x223.png 500w, https:\/\/uepc.org.ar\/conectate\/wp-content\/uploads\/2025\/03\/Imagen-destacada-Ensenanza-Consulta-pedagogica-2025-1024x457.png 1024w, https:\/\/uepc.org.ar\/conectate\/wp-content\/uploads\/2025\/03\/Imagen-destacada-Ensenanza-Consulta-pedagogica-2025-768x343.png 768w, https:\/\/uepc.org.ar\/conectate\/wp-content\/uploads\/2025\/03\/Imagen-destacada-Ensenanza-Consulta-pedagogica-2025-1536x685.png 1536w, https:\/\/uepc.org.ar\/conectate\/wp-content\/uploads\/2025\/03\/Imagen-destacada-Ensenanza-Consulta-pedagogica-2025-2048x914.png 2048w, https:\/\/uepc.org.ar\/conectate\/wp-content\/uploads\/2025\/03\/Imagen-destacada-Ensenanza-Consulta-pedagogica-2025-1600x714.png 1600w, https:\/\/uepc.org.ar\/conectate\/wp-content\/uploads\/2025\/03\/Imagen-destacada-Ensenanza-Consulta-pedagogica-2025-550x245.png 550w, https:\/\/uepc.org.ar\/conectate\/wp-content\/uploads\/2025\/03\/Imagen-destacada-Ensenanza-Consulta-pedagogica-2025-160x71.png 160w\" sizes=\"auto, (max-width: 500px) 100vw, 500px\" \/>\t\t\t\t\t<\/a>\n\t\t\t\t\t\t\t<\/div>\n\t\t\t\t\t\t<h4 class=\"uagb-post__title uagb-post__text\">\n\t\t\t\t<a href=\"https:\/\/uepc.org.ar\/conectate\/convivencia-y-ensenanza-de-la-esi\/\" target=\"_self\" rel=\"bookmark noopener noreferrer\">Consulta Pedag\u00f3gica | Convivencia y Ense\u00f1anza de la ESI<\/a>\n\t\t\t<\/h4>\n\t\t\t\t\t\t<div class='uagb-post__text uagb-post-grid-byline'>\n\t\t\t\t\t\t\t\t<time datetime=\"2025-03-13T13:51:01-03:00\" class=\"uagb-post__date\">\n\t\t\t\t<span class=\"dashicons-calendar dashicons\"><\/span>\t\t\t\t\t13 marzo, 2025\t\t\t\t<\/time>\n\t\t\t\t\t\t<\/div>\n\t\t\t\t\t\t\t<div class='uagb-post__text uagb-post__excerpt'>\n\t\t\t\t\t<p>Desde el \u00e1rea de Consulta Pedag\u00f3gica de la Secretar\u00eda de Educaci\u00f3n de la UEPC, junto&#8230;\t\t\t\t<\/div>\n\t\t\t\n\t\t\t\t\t\t\t\t\t<\/article>\n\t\t\t\t\t\t\t\t\t\t\t<\/div>\n\t\t\t","protected":false},"excerpt":{"rendered":"<p>Un Programa de asesoramiento y acompa\u00f1amiento para las escuelas y sus docentes.<\/p>\n<a class=\"read-more-link\" href=\" https:\/\/uepc.org.ar\/conectate\/consulta-pedagogica\/ \">Leer m\u00e1s<\/a>","protected":false},"author":17,"featured_media":28450,"parent":0,"menu_order":0,"comment_status":"closed","ping_status":"closed","template":"","meta":{"_acf_changed":false,"_coblocks_attr":"","_coblocks_dimensions":"{\"coblocks-hero-76111425926\":{\"padding\":{}},\"coblocks-hero-81015552427\":{\"padding\":{}}}","_coblocks_responsive_height":"{\"coblocks-hero-76111425926\":{\"height\":{\"height\":100}},\"coblocks-hero-81015552427\":{\"height\":{\"height\":100}}}","_coblocks_accordion_ie_support":"","_uag_custom_page_level_css":"","footnotes":""},"class_list":["post-8589","page","type-page","status-publish","has-post-thumbnail","hentry"],"acf":[],"yoast_head":"<!-- This site is optimized with the Yoast SEO plugin v26.8 - https:\/\/yoast.com\/product\/yoast-seo-wordpress\/ -->\n<title>Consulta Pedag\u00f3gica - conectate ICIEC-UEPC<\/title>\n<meta name=\"robots\" content=\"index, follow, max-snippet:-1, max-image-preview:large, max-video-preview:-1\" \/>\n<link rel=\"canonical\" href=\"https:\/\/uepc.org.ar\/conectate\/consulta-pedagogica\/\" \/>\n<meta property=\"og:locale\" content=\"es_ES\" \/>\n<meta property=\"og:type\" content=\"article\" \/>\n<meta property=\"og:title\" content=\"Consulta Pedag\u00f3gica - conectate ICIEC-UEPC\" \/>\n<meta property=\"og:description\" content=\"Un Programa de asesoramiento y acompa\u00f1amiento para las escuelas y sus docentes.\" \/>\n<meta property=\"og:url\" content=\"https:\/\/uepc.org.ar\/conectate\/consulta-pedagogica\/\" \/>\n<meta property=\"og:site_name\" content=\"conectate ICIEC-UEPC\" \/>\n<meta property=\"article:publisher\" content=\"https:\/\/www.facebook.com\/conectate.uepc\" \/>\n<meta property=\"article:modified_time\" content=\"2025-03-18T15:33:37+00:00\" \/>\n<meta property=\"og:image\" content=\"https:\/\/uepc.org.ar\/conectate\/wp-content\/uploads\/2024\/04\/Consulta-Pedagogica-banner-web-destacada.png\" \/>\n\t<meta property=\"og:image:width\" content=\"2078\" \/>\n\t<meta property=\"og:image:height\" content=\"343\" \/>\n\t<meta property=\"og:image:type\" content=\"image\/png\" \/>\n<meta name=\"twitter:card\" content=\"summary_large_image\" \/>\n<meta name=\"twitter:site\" content=\"@ConectateUEPC\" \/>\n<meta name=\"twitter:label1\" content=\"Tiempo de lectura\" \/>\n\t<meta name=\"twitter:data1\" content=\"2 minutos\" \/>\n<script type=\"application\/ld+json\" class=\"yoast-schema-graph\">{\"@context\":\"https:\/\/schema.org\",\"@graph\":[{\"@type\":\"WebPage\",\"@id\":\"https:\/\/uepc.org.ar\/conectate\/consulta-pedagogica\/\",\"url\":\"https:\/\/uepc.org.ar\/conectate\/consulta-pedagogica\/\",\"name\":\"Consulta Pedag\u00f3gica - conectate ICIEC-UEPC\",\"isPartOf\":{\"@id\":\"https:\/\/uepc.org.ar\/conectate\/#website\"},\"primaryImageOfPage\":{\"@id\":\"https:\/\/uepc.org.ar\/conectate\/consulta-pedagogica\/#primaryimage\"},\"image\":{\"@id\":\"https:\/\/uepc.org.ar\/conectate\/consulta-pedagogica\/#primaryimage\"},\"thumbnailUrl\":\"https:\/\/uepc.org.ar\/conectate\/wp-content\/uploads\/2024\/04\/Consulta-Pedagogica-banner-web-destacada.png\",\"datePublished\":\"2015-04-12T17:43:06+00:00\",\"dateModified\":\"2025-03-18T15:33:37+00:00\",\"breadcrumb\":{\"@id\":\"https:\/\/uepc.org.ar\/conectate\/consulta-pedagogica\/#breadcrumb\"},\"inLanguage\":\"es\",\"potentialAction\":[{\"@type\":\"ReadAction\",\"target\":[\"https:\/\/uepc.org.ar\/conectate\/consulta-pedagogica\/\"]}]},{\"@type\":\"ImageObject\",\"inLanguage\":\"es\",\"@id\":\"https:\/\/uepc.org.ar\/conectate\/consulta-pedagogica\/#primaryimage\",\"url\":\"https:\/\/uepc.org.ar\/conectate\/wp-content\/uploads\/2024\/04\/Consulta-Pedagogica-banner-web-destacada.png\",\"contentUrl\":\"https:\/\/uepc.org.ar\/conectate\/wp-content\/uploads\/2024\/04\/Consulta-Pedagogica-banner-web-destacada.png\",\"width\":2078,\"height\":343},{\"@type\":\"BreadcrumbList\",\"@id\":\"https:\/\/uepc.org.ar\/conectate\/consulta-pedagogica\/#breadcrumb\",\"itemListElement\":[{\"@type\":\"ListItem\",\"position\":1,\"name\":\"Home\",\"item\":\"https:\/\/uepc.org.ar\/conectate\/\"},{\"@type\":\"ListItem\",\"position\":2,\"name\":\"Consulta Pedag\u00f3gica\"}]},{\"@type\":\"WebSite\",\"@id\":\"https:\/\/uepc.org.ar\/conectate\/#website\",\"url\":\"https:\/\/uepc.org.ar\/conectate\/\",\"name\":\"conectate ICIEC-UEPC\",\"description\":\"conectate a la pasi\u00f3n de educar\",\"publisher\":{\"@id\":\"https:\/\/uepc.org.ar\/conectate\/#organization\"},\"potentialAction\":[{\"@type\":\"SearchAction\",\"target\":{\"@type\":\"EntryPoint\",\"urlTemplate\":\"https:\/\/uepc.org.ar\/conectate\/?s={search_term_string}\"},\"query-input\":{\"@type\":\"PropertyValueSpecification\",\"valueRequired\":true,\"valueName\":\"search_term_string\"}}],\"inLanguage\":\"es\"},{\"@type\":\"Organization\",\"@id\":\"https:\/\/uepc.org.ar\/conectate\/#organization\",\"name\":\"conectate UEPC\",\"url\":\"https:\/\/uepc.org.ar\/conectate\/\",\"logo\":{\"@type\":\"ImageObject\",\"inLanguage\":\"es\",\"@id\":\"https:\/\/uepc.org.ar\/conectate\/#\/schema\/logo\/image\/\",\"url\":\"http:\/\/uepc.org.ar\/conectate\/wp-content\/uploads\/2019\/08\/lg-iciecx2.png\",\"contentUrl\":\"http:\/\/uepc.org.ar\/conectate\/wp-content\/uploads\/2019\/08\/lg-iciecx2.png\",\"width\":600,\"height\":266,\"caption\":\"conectate UEPC\"},\"image\":{\"@id\":\"https:\/\/uepc.org.ar\/conectate\/#\/schema\/logo\/image\/\"},\"sameAs\":[\"https:\/\/www.facebook.com\/conectate.uepc\",\"https:\/\/x.com\/ConectateUEPC\",\"https:\/\/www.instagram.com\/conectateuepc\/\",\"https:\/\/www.youtube.com\/channel\/UC_gvxulloCni4YDXzFRZ_qQ\"]}]}<\/script>\n<!-- \/ Yoast SEO plugin. -->","yoast_head_json":{"title":"Consulta Pedag\u00f3gica - conectate ICIEC-UEPC","robots":{"index":"index","follow":"follow","max-snippet":"max-snippet:-1","max-image-preview":"max-image-preview:large","max-video-preview":"max-video-preview:-1"},"canonical":"https:\/\/uepc.org.ar\/conectate\/consulta-pedagogica\/","og_locale":"es_ES","og_type":"article","og_title":"Consulta Pedag\u00f3gica - conectate ICIEC-UEPC","og_description":"Un Programa de asesoramiento y acompa\u00f1amiento para las escuelas y sus docentes.","og_url":"https:\/\/uepc.org.ar\/conectate\/consulta-pedagogica\/","og_site_name":"conectate ICIEC-UEPC","article_publisher":"https:\/\/www.facebook.com\/conectate.uepc","article_modified_time":"2025-03-18T15:33:37+00:00","og_image":[{"width":2078,"height":343,"url":"https:\/\/uepc.org.ar\/conectate\/wp-content\/uploads\/2024\/04\/Consulta-Pedagogica-banner-web-destacada.png","type":"image\/png"}],"twitter_card":"summary_large_image","twitter_site":"@ConectateUEPC","twitter_misc":{"Tiempo de lectura":"2 minutos"},"schema":{"@context":"https:\/\/schema.org","@graph":[{"@type":"WebPage","@id":"https:\/\/uepc.org.ar\/conectate\/consulta-pedagogica\/","url":"https:\/\/uepc.org.ar\/conectate\/consulta-pedagogica\/","name":"Consulta Pedag\u00f3gica - conectate ICIEC-UEPC","isPartOf":{"@id":"https:\/\/uepc.org.ar\/conectate\/#website"},"primaryImageOfPage":{"@id":"https:\/\/uepc.org.ar\/conectate\/consulta-pedagogica\/#primaryimage"},"image":{"@id":"https:\/\/uepc.org.ar\/conectate\/consulta-pedagogica\/#primaryimage"},"thumbnailUrl":"https:\/\/uepc.org.ar\/conectate\/wp-content\/uploads\/2024\/04\/Consulta-Pedagogica-banner-web-destacada.png","datePublished":"2015-04-12T17:43:06+00:00","dateModified":"2025-03-18T15:33:37+00:00","breadcrumb":{"@id":"https:\/\/uepc.org.ar\/conectate\/consulta-pedagogica\/#breadcrumb"},"inLanguage":"es","potentialAction":[{"@type":"ReadAction","target":["https:\/\/uepc.org.ar\/conectate\/consulta-pedagogica\/"]}]},{"@type":"ImageObject","inLanguage":"es","@id":"https:\/\/uepc.org.ar\/conectate\/consulta-pedagogica\/#primaryimage","url":"https:\/\/uepc.org.ar\/conectate\/wp-content\/uploads\/2024\/04\/Consulta-Pedagogica-banner-web-destacada.png","contentUrl":"https:\/\/uepc.org.ar\/conectate\/wp-content\/uploads\/2024\/04\/Consulta-Pedagogica-banner-web-destacada.png","width":2078,"height":343},{"@type":"BreadcrumbList","@id":"https:\/\/uepc.org.ar\/conectate\/consulta-pedagogica\/#breadcrumb","itemListElement":[{"@type":"ListItem","position":1,"name":"Home","item":"https:\/\/uepc.org.ar\/conectate\/"},{"@type":"ListItem","position":2,"name":"Consulta Pedag\u00f3gica"}]},{"@type":"WebSite","@id":"https:\/\/uepc.org.ar\/conectate\/#website","url":"https:\/\/uepc.org.ar\/conectate\/","name":"conectate ICIEC-UEPC","description":"conectate a la pasi\u00f3n de educar","publisher":{"@id":"https:\/\/uepc.org.ar\/conectate\/#organization"},"potentialAction":[{"@type":"SearchAction","target":{"@type":"EntryPoint","urlTemplate":"https:\/\/uepc.org.ar\/conectate\/?s={search_term_string}"},"query-input":{"@type":"PropertyValueSpecification","valueRequired":true,"valueName":"search_term_string"}}],"inLanguage":"es"},{"@type":"Organization","@id":"https:\/\/uepc.org.ar\/conectate\/#organization","name":"conectate UEPC","url":"https:\/\/uepc.org.ar\/conectate\/","logo":{"@type":"ImageObject","inLanguage":"es","@id":"https:\/\/uepc.org.ar\/conectate\/#\/schema\/logo\/image\/","url":"http:\/\/uepc.org.ar\/conectate\/wp-content\/uploads\/2019\/08\/lg-iciecx2.png","contentUrl":"http:\/\/uepc.org.ar\/conectate\/wp-content\/uploads\/2019\/08\/lg-iciecx2.png","width":600,"height":266,"caption":"conectate UEPC"},"image":{"@id":"https:\/\/uepc.org.ar\/conectate\/#\/schema\/logo\/image\/"},"sameAs":["https:\/\/www.facebook.com\/conectate.uepc","https:\/\/x.com\/ConectateUEPC","https:\/\/www.instagram.com\/conectateuepc\/","https:\/\/www.youtube.com\/channel\/UC_gvxulloCni4YDXzFRZ_qQ"]}]}},"uagb_featured_image_src":{"full":["https:\/\/uepc.org.ar\/conectate\/wp-content\/uploads\/2024\/04\/Consulta-Pedagogica-banner-web-destacada.png",2078,343,false],"thumbnail":["https:\/\/uepc.org.ar\/conectate\/wp-content\/uploads\/2024\/04\/Consulta-Pedagogica-banner-web-destacada-150x150.png",150,150,true],"medium":["https:\/\/uepc.org.ar\/conectate\/wp-content\/uploads\/2024\/04\/Consulta-Pedagogica-banner-web-destacada-500x83.png",500,83,true],"medium_large":["https:\/\/uepc.org.ar\/conectate\/wp-content\/uploads\/2024\/04\/Consulta-Pedagogica-banner-web-destacada-768x127.png",768,127,true],"large":["https:\/\/uepc.org.ar\/conectate\/wp-content\/uploads\/2024\/04\/Consulta-Pedagogica-banner-web-destacada-1024x169.png",1024,169,true],"1536x1536":["https:\/\/uepc.org.ar\/conectate\/wp-content\/uploads\/2024\/04\/Consulta-Pedagogica-banner-web-destacada-1536x254.png",1536,254,true],"2048x2048":["https:\/\/uepc.org.ar\/conectate\/wp-content\/uploads\/2024\/04\/Consulta-Pedagogica-banner-web-destacada-2048x338.png",2048,338,true],"post-thumbnail":["https:\/\/uepc.org.ar\/conectate\/wp-content\/uploads\/2024\/04\/Consulta-Pedagogica-banner-web-destacada-150x150.png",150,150,true],"destacada":["https:\/\/uepc.org.ar\/conectate\/wp-content\/uploads\/2024\/04\/Consulta-Pedagogica-banner-web-destacada-1600x264.png",1600,264,true],"eris-archive-image":["https:\/\/uepc.org.ar\/conectate\/wp-content\/uploads\/2024\/04\/Consulta-Pedagogica-banner-web-destacada-1100x343.png",1100,343,true],"eris-archive-image-portrait":["https:\/\/uepc.org.ar\/conectate\/wp-content\/uploads\/2024\/04\/Consulta-Pedagogica-banner-web-destacada-550x91.png",550,91,true],"eris-search-image":["https:\/\/uepc.org.ar\/conectate\/wp-content\/uploads\/2024\/04\/Consulta-Pedagogica-banner-web-destacada-160x26.png",160,26,true]},"uagb_author_info":{"display_name":"Conectate","author_link":"https:\/\/uepc.org.ar\/conectate\/author\/conectate\/"},"uagb_comment_info":0,"uagb_excerpt":"Un Programa de asesoramiento y acompa\u00f1amiento para las escuelas y sus docentes.","_links":{"self":[{"href":"https:\/\/uepc.org.ar\/conectate\/wp-json\/wp\/v2\/pages\/8589","targetHints":{"allow":["GET"]}}],"collection":[{"href":"https:\/\/uepc.org.ar\/conectate\/wp-json\/wp\/v2\/pages"}],"about":[{"href":"https:\/\/uepc.org.ar\/conectate\/wp-json\/wp\/v2\/types\/page"}],"author":[{"embeddable":true,"href":"https:\/\/uepc.org.ar\/conectate\/wp-json\/wp\/v2\/users\/17"}],"replies":[{"embeddable":true,"href":"https:\/\/uepc.org.ar\/conectate\/wp-json\/wp\/v2\/comments?post=8589"}],"version-history":[{"count":20,"href":"https:\/\/uepc.org.ar\/conectate\/wp-json\/wp\/v2\/pages\/8589\/revisions"}],"predecessor-version":[{"id":30608,"href":"https:\/\/uepc.org.ar\/conectate\/wp-json\/wp\/v2\/pages\/8589\/revisions\/30608"}],"wp:featuredmedia":[{"embeddable":true,"href":"https:\/\/uepc.org.ar\/conectate\/wp-json\/wp\/v2\/media\/28450"}],"wp:attachment":[{"href":"https:\/\/uepc.org.ar\/conectate\/wp-json\/wp\/v2\/media?parent=8589"}],"curies":[{"name":"wp","href":"https:\/\/api.w.org\/{rel}","templated":true}]}}