{"id":8749,"date":"2015-05-05T13:45:09","date_gmt":"2015-05-05T16:45:09","guid":{"rendered":"http:\/\/200.69.245.11\/conectate\/?page_id=8749"},"modified":"2026-04-03T21:15:45","modified_gmt":"2026-04-04T00:15:45","slug":"publicaciones","status":"publish","type":"page","link":"https:\/\/uepc.org.ar\/conectate\/publicaciones\/","title":{"rendered":"Publicaciones"},"content":{"rendered":"\n<div class=\"wp-block-coblocks-hero alignfull has-text-color coblocks-hero-81015647956 coblocks-hero-714161645160\" style=\"color:#ffffff\"><div class=\"wp-block-coblocks-hero__inner has-azul-background-color has-background has-parallax has-background-overlay bg-auto has-background-image bg-no-repeat bg-center-center has-background-overlay-80 hero-center-center-align has-no-padding has-azul-background-color has-center-content\" style=\"background-image:url(https:\/\/uepc.org.ar\/conectate\/wp-content\/uploads\/2019\/08\/biblioteca.jpg);min-height:100px\"><div class=\"wp-block-coblocks-hero__content-wrapper\"><div class=\"wp-block-coblocks-hero__content\" style=\"max-width:880px\">\n<h4 class=\"wp-block-heading has-text-color\" style=\"color:#ffffff\">Herramientas para acompa\u00f1ar el trabajo de ense\u00f1ar. <br>Publicaciones del Instituto de Capacitaci\u00f3n e Investigaci\u00f3n de los Educadores de C\u00f3rdoba.<\/h4>\n<\/div><\/div><\/div><\/div>\n\n\n\n<section class=\"wp-block-uagb-columns uagb-columns__wrap uagb-columns__background-none uagb-columns__stack-mobile uagb-columns__valign- uagb-columns__gap-20 align uagb-block-33ed5e9e-8c4d-4160-a11a-d95b760340d7 uagb-columns__columns-3 uagb-columns__max_width-theme\"><div class=\"uagb-columns__overlay\"><\/div><div class=\"uagb-columns__inner-wrap uagb-columns__columns-3\">\n<div class=\"wp-block-uagb-column uagb-column__wrap uagb-column__background-undefined uagb-block-0fdc489c-e719-4092-93ac-04a797f631f5\"><div class=\"uagb-column__overlay\"><\/div>\n<figure class=\"wp-block-image size-medium is-resized\"><a href=\"\/conectate\/la-escuela-construye\/\"><img loading=\"lazy\" decoding=\"async\" width=\"211\" height=\"87\" src=\"https:\/\/uepc.org.ar\/conectate\/wp-content\/uploads\/2019\/08\/la-escuelaconstruye.svg\" alt=\"\" class=\"wp-image-17363\" style=\"width:300px\"\/><\/a><\/figure>\n\n\n\n<div class=\"wp-block-getwid-advanced-spacer\" style=\"height:30px\" aria-hidden=\"true\"><\/div>\n\n\n\n<p class=\"has-text-align-left has-small-font-size\">Experiencias y propuestas que recuperan aprendizajes construidos en escuelas p\u00fablicas de C\u00f3rdoba. Aborda la ense\u00f1anza de contenidos actuales, a partir de art\u00edculos de referentes acad\u00e9micos y sociales; experiencias escolares y propuestas pedag\u00f3gico-did\u00e1cticas.<\/p>\n\n\n\n<div class=\"wp-block-button has-custom-size\" style=\"font-size:13px\"><a class=\"wp-block-button__link has-very-light-gray-color has-text-color has-background no-border-radius wp-element-button\" href=\"\/conectate\/la-escuela-construye\/\" style=\"background-color:#449a26\">&gt; Ver toda la serie<\/a><\/div>\n<\/div>\n\n\n\n<div class=\"wp-block-uagb-column uagb-column__wrap uagb-column__background-undefined uagb-block-6229c328-2e61-43b5-b588-9c3954a7430a\"><div class=\"uagb-column__overlay\"><\/div>\n<figure class=\"wp-block-image size-medium is-resized\"><a href=\"\/conectate\/cuadernos-para-la-ensenanza\/\"><img loading=\"lazy\" decoding=\"async\" width=\"156\" height=\"48\" src=\"https:\/\/uepc.org.ar\/conectate\/wp-content\/uploads\/2019\/10\/Recurso-10.svg\" alt=\"\" class=\"wp-image-18994\" style=\"width:300px\"\/><\/a><\/figure>\n\n\n\n<div class=\"wp-block-getwid-advanced-spacer\" style=\"height:30px\" aria-hidden=\"true\"><\/div>\n\n\n\n<p class=\"has-text-align-left has-small-font-size\">A partir de articular perspectivas did\u00e1cticas y experiencias docentes, acercamos orientaciones, propuestas, ideas, escenas y\/o ejemplos que procuran enriquecer las pr\u00e1cticas de ense\u00f1anza. Se trata de publicaciones producidas desde el ICIEC-UEPC junto a docentes que desarrollan proyectos en nuestra instituci\u00f3n.<\/p>\n\n\n\n<div class=\"wp-block-button has-custom-size\" style=\"font-size:13px\"><a class=\"wp-block-button__link has-very-light-gray-color has-text-color has-background no-border-radius wp-element-button\" href=\"\/conectate\/cuadernos-para-la-ensenanza\/\" style=\"background-color:#128dd9\">&gt; Ver toda la serie<\/a><\/div>\n<\/div>\n\n\n\n<div class=\"wp-block-uagb-column uagb-column__wrap uagb-column__background-undefined uagb-block-708aee0e-d27c-4122-9316-bc6e41fb9604\"><div class=\"uagb-column__overlay\"><\/div>\n<figure class=\"wp-block-image size-medium is-resized\"><a href=\"\/conectate\/cuadernos-para-la-accion\/\"><img loading=\"lazy\" decoding=\"async\" width=\"211\" height=\"87\" src=\"https:\/\/uepc.org.ar\/conectate\/wp-content\/uploads\/2019\/08\/cuandernos_para-la-accion.svg\" alt=\"\" class=\"wp-image-17366\" style=\"width:300px\"\/><\/a><\/figure>\n\n\n\n<div class=\"wp-block-getwid-advanced-spacer\" style=\"height:30px\" aria-hidden=\"true\"><\/div>\n\n\n\n<p class=\"has-text-align-left has-small-font-size\">Esta serie contiene documentos y sistematizaciones de procesos de acompa\u00f1amiento situados en escuelas y zonas de inspecci\u00f3n, as\u00ed como propuestas para el abordaje de estrategias institucionales sobre&nbsp; diferentes problem\u00e1ticas espec\u00edficas de niveles.<\/p>\n\n\n\n<div class=\"wp-block-button has-custom-size\" style=\"font-size:13px\"><a class=\"wp-block-button__link has-very-light-gray-color has-text-color has-background no-border-radius wp-element-button\" href=\"\/conectate\/cuadernos-para-la-accion\/\" style=\"background-color:#0a539d\">&gt; Ver toda la serie<\/a><\/div>\n<\/div>\n<\/div><\/section>\n\n\n\n<section class=\"wp-block-uagb-columns uagb-columns__wrap uagb-columns__background-none uagb-columns__stack-mobile uagb-columns__valign- uagb-columns__gap-30 align uagb-block-261f8a52-7157-4c8f-817b-60e4f00fc989 uagb-columns__columns-3 uagb-columns__max_width-theme\"><div class=\"uagb-columns__overlay\"><\/div><div class=\"uagb-columns__inner-wrap uagb-columns__columns-3\">\n<div class=\"wp-block-uagb-column uagb-column__wrap uagb-column__background-undefined uagb-block-0166ed69-7728-4d81-b6e1-3cd0c1b2333e\"><div class=\"uagb-column__overlay\"><\/div>\n<figure class=\"wp-block-image is-resized\"><a href=\"\/conectate\/los-jovenes-miran-la-escuela\/\"><img loading=\"lazy\" decoding=\"async\" width=\"211\" height=\"104\" src=\"https:\/\/uepc.org.ar\/conectate\/wp-content\/uploads\/2019\/08\/los-jovenes-miran-la-escuela.svg\" alt=\"\" class=\"wp-image-17368\" style=\"width:300px\"\/><\/a><\/figure>\n\n\n\n<div class=\"wp-block-getwid-advanced-spacer\" style=\"height:30px\" aria-hidden=\"true\"><\/div>\n\n\n\n<p class=\"has-text-align-left has-small-font-size\">Surge de una investigaci\u00f3n realizada por el ICIEC y la Secretar\u00eda de DD HH y G\u00e9nero de UPEC, que reuni\u00f3 las voces y miradas de 2800 j\u00f3venes de escuelas p\u00fablicas y privadas de C\u00f3rdoba.<\/p>\n\n\n\n<div class=\"wp-block-button has-custom-size\" style=\"font-size:13px\"><a class=\"wp-block-button__link has-very-light-gray-color has-text-color has-background no-border-radius wp-element-button\" href=\"\/conectate\/los-jovenes-miran-la-escuela\/\" style=\"background-color:#5f3b82\">&gt; Ver toda la serie<\/a><\/div>\n<\/div>\n\n\n\n<div class=\"wp-block-uagb-column uagb-column__wrap uagb-column__background-undefined uagb-block-69f95904-cbe2-4720-88c2-6c875c770e8b\"><div class=\"uagb-column__overlay\"><\/div>\n<figure class=\"wp-block-image is-resized\"><a href=\"\/conectate\/la-produccion-de-la-desigualdad-educativa-en-la-provincia-de-cordoba\/\"><img loading=\"lazy\" decoding=\"async\" width=\"822\" height=\"598\" src=\"https:\/\/uepc.org.ar\/conectate\/wp-content\/uploads\/2019\/10\/Recurso-2.svg\" alt=\"\" class=\"wp-image-18997\" style=\"width:300px\"\/><\/a><\/figure>\n\n\n\n<div class=\"wp-block-getwid-advanced-spacer\" style=\"height:30px\" aria-hidden=\"true\"><\/div>\n\n\n\n<p class=\"has-text-align-left has-small-font-size\">Esta serie re\u00fane diferentes publicaciones y materiales surgidos de investigaciones propias; entrevistas a referentes de la Educaci\u00f3n y a docentes formadores del ICIEC &#8211; UEPC, entre otros. <\/p>\n\n\n\n<div class=\"wp-block-button has-custom-size\" style=\"font-size:13px\"><a class=\"wp-block-button__link has-very-light-gray-color has-naranja-background-color has-text-color has-background no-border-radius wp-element-button\" href=\"\/conectate\/la-produccion-de-la-desigualdad-educativa-en-la-provincia-de-cordoba\/\">&gt; Ver toda la serie<\/a><\/div>\n<\/div>\n\n\n\n<div class=\"wp-block-uagb-column uagb-column__wrap uagb-column__background-none uagb-block-8e82a4a8-5b1e-42e5-8bcb-78014af567a4\"><div class=\"uagb-column__overlay\"><\/div>\n<figure class=\"wp-block-image is-resized\"><a href=\"\/conectate\/aportes-para-el-debate-educativo\/\"><img loading=\"lazy\" decoding=\"async\" width=\"211\" height=\"108\" src=\"https:\/\/uepc.org.ar\/conectate\/wp-content\/uploads\/2019\/08\/aportes-para-el-debate-educativo.svg\" alt=\"\" class=\"wp-image-17370\" style=\"width:300px\"\/><\/a><\/figure>\n\n\n\n<div class=\"wp-block-getwid-advanced-spacer\" style=\"height:30px\" aria-hidden=\"true\"><\/div>\n\n\n\n<p class=\"has-text-align-left has-small-font-size\">Esta serie re\u00fane diferentes publicaciones y materiales surgidos de investigaciones propias; entrevistas a referentes de la Educaci\u00f3n y a docentes formadores del ICIEC &#8211; UEPC, entre otros. <\/p>\n\n\n\n<div class=\"wp-block-button has-custom-size\" style=\"font-size:13px\"><a class=\"wp-block-button__link has-very-light-gray-color has-text-color has-background no-border-radius wp-element-button\" href=\"\/conectate\/aportes-para-el-debate-educativo\/\" style=\"background-color:#d10011\">&gt; Ver toda la serie<\/a><\/div>\n<\/div>\n<\/div><\/section>\n\n\n\n<section class=\"wp-block-uagb-columns uagb-columns__wrap uagb-columns__background-none uagb-columns__stack-mobile uagb-columns__valign- uagb-columns__gap-30 align uagb-block-fa2ca0e5 uagb-columns__columns-1 uagb-columns__max_width-theme oculto-hasta-fecha\"><div class=\"uagb-columns__overlay\"><\/div><div class=\"uagb-columns__inner-wrap uagb-columns__columns-1\">\n<div class=\"wp-block-uagb-column uagb-column__wrap uagb-column__background-undefined uagb-block-7764bfc5\"><div class=\"uagb-column__overlay\"><\/div>\n<figure class=\"wp-block-image size-thumbnail is-resized\"><a href=\"\/conectate\/la-produccion-de-la-desigualdad-educativa-en-la-provincia-de-cordoba\/\"><img loading=\"lazy\" decoding=\"async\" width=\"500\" height=\"257\" src=\"https:\/\/uepc.org.ar\/conectate\/wp-content\/uploads\/2026\/04\/haceres-y-decires-texto.svg\" alt=\"\" class=\"wp-image-32082\" style=\"width:300px\"\/><\/a><\/figure>\n\n\n\n<div class=\"wp-block-getwid-advanced-spacer\" style=\"height:30px\" aria-hidden=\"true\"><\/div>\n\n\n\n<p class=\"has-text-align-left has-small-font-size\">Esta serie contiene materiales en distintos lenguajes para reflexionar y construir formas de hacer y pensar sobre la gesti\u00f3n escolar. Propone un di\u00e1logo entre las pr\u00e1cticas cotidianas y las palabras que las nombran, recuperando experiencias, saberes y decisiones que configuran la vida institucional, con el prop\u00f3sito de fortalecer una gesti\u00f3n situada y colectiva.<br><\/p>\n\n\n\n<div class=\"wp-block-buttons is-layout-flex wp-block-buttons-is-layout-flex\">\n<div class=\"wp-block-button has-custom-size\" style=\"font-size:13px\"><a class=\"wp-block-button__link has-very-light-gray-color has-celeste-background-color has-text-color has-background no-border-radius wp-element-button\">&gt; Ver toda la serie<\/a><\/div>\n<\/div>\n<\/div>\n<\/div><\/section>\n\n\n\n<hr class=\"wp-block-separator has-css-opacity\"\/>\n\n\n\n<section class=\"wp-block-uagb-columns uagb-columns__wrap uagb-columns__background-none uagb-columns__stack-mobile uagb-columns__valign- uagb-columns__gap-20 align uagb-block-44a25f2d-5980-4bd9-b00e-2ff4e3b667b8 uagb-columns__columns-2 uagb-columns__max_width-theme\"><div class=\"uagb-columns__overlay\"><\/div><div class=\"uagb-columns__inner-wrap uagb-columns__columns-2\">\n<div class=\"wp-block-uagb-column uagb-column__wrap uagb-column__background-undefined uagb-block-f980d72a-5a76-426a-a3b8-14aad0e06b3b\"><div class=\"uagb-column__overlay\"><\/div>\n<figure class=\"wp-block-image\"><a href=\"https:\/\/revistaeducar.com.ar\" target=\"_blank\" rel=\"noreferrer noopener\"><img loading=\"lazy\" decoding=\"async\" width=\"177\" height=\"63\" src=\"https:\/\/uepc.org.ar\/conectate\/wp-content\/uploads\/2019\/08\/RevistaEducar.svg\" alt=\"\" class=\"wp-image-17388\"\/><\/a><\/figure>\n\n\n\n<p><\/p>\n<\/div>\n\n\n\n<div class=\"wp-block-uagb-column uagb-column__wrap uagb-column__background-undefined uagb-block-4d53cd61-64e4-474b-9e09-55e27232778f\"><div class=\"uagb-column__overlay\"><\/div>\n<p class=\"has-text-align-left has-small-font-size\">Lleva m\u00e1s de 20 a\u00f1os aportando a los debates pedag\u00f3gico pol\u00edticos de la Provincia de C\u00f3rdoba. Aqu\u00ed circula la palabra de docentes en columnas de opini\u00f3n y experiencias pedag\u00f3gicas escolares. Cuenta con art\u00edculos de referentes educativos, as\u00ed como con entrevistas a referentes sociales.<\/p>\n<\/div>\n<\/div><\/section>\n\n\n\n<p><\/p>\n","protected":false},"excerpt":{"rendered":"<p>Experiencias y propuestas que recuperan aprendizajes construidos en escuelas p\u00fablicas de C\u00f3rdoba. Aborda la ense\u00f1anza de contenidos actuales, a partir de art\u00edculos de referentes acad\u00e9micos y sociales; experiencias escolares y propuestas pedag\u00f3gico-did\u00e1cticas. A partir de articular perspectivas did\u00e1cticas y experiencias docentes, acercamos orientaciones, propuestas, ideas, escenas y\/o ejemplos que procuran enriquecer las pr\u00e1cticas de ense\u00f1anza. [&hellip;]<\/p>\n<a class=\"read-more-link\" href=\" https:\/\/uepc.org.ar\/conectate\/publicaciones\/ \">Leer m\u00e1s<\/a>","protected":false},"author":17,"featured_media":0,"parent":0,"menu_order":0,"comment_status":"closed","ping_status":"closed","template":"","meta":{"_acf_changed":false,"_coblocks_attr":"","_coblocks_dimensions":"{\"coblocks-hero-631215652221\":{\"padding\":{}},\"coblocks-hero-71153546843\":{\"padding\":{\"paddingTop\":\"60px\",\"paddingRight\":\"60px\",\"paddingBottom\":\"60px\",\"paddingLeft\":\"60px\",\"paddingTopTablet\":null,\"paddingRightTablet\":null,\"paddingBottomTablet\":null,\"paddingLeftTablet\":null,\"paddingTopMobile\":null,\"paddingRightMobile\":null,\"paddingBottomMobile\":null,\"paddingLeftMobile\":null}},\"coblocks-features-71162047844\":{\"padding\":{},\"margin\":{}},\"coblocks-hero-714161155485\":{\"padding\":{}},\"coblocks-hero-714161645160\":{\"padding\":{}},\"coblocks-feature-71162048147\":{\"padding\":{}},\"coblocks-hero-81015647956\":{\"padding\":{}}}","_coblocks_responsive_height":"{\"coblocks-hero-71153546843\":{\"height\":{\"height\":300}},\"coblocks-hero-714161155485\":{\"height\":{\"height\":100}},\"coblocks-hero-714161645160\":{\"height\":{\"height\":100}}}","_coblocks_accordion_ie_support":"","_uag_custom_page_level_css":"","footnotes":""},"class_list":["post-8749","page","type-page","status-publish","hentry"],"acf":[],"yoast_head":"<!-- This site is optimized with the Yoast SEO plugin v26.8 - https:\/\/yoast.com\/product\/yoast-seo-wordpress\/ -->\n<title>Publicaciones - conectate ICIEC-UEPC<\/title>\n<meta name=\"robots\" content=\"index, follow, max-snippet:-1, max-image-preview:large, max-video-preview:-1\" \/>\n<link rel=\"canonical\" href=\"https:\/\/uepc.org.ar\/conectate\/publicaciones\/\" \/>\n<meta property=\"og:locale\" content=\"es_ES\" \/>\n<meta property=\"og:type\" content=\"article\" \/>\n<meta property=\"og:title\" content=\"Publicaciones - conectate ICIEC-UEPC\" \/>\n<meta property=\"og:description\" content=\"Experiencias y propuestas que recuperan aprendizajes construidos en escuelas p\u00fablicas de C\u00f3rdoba. Aborda la ense\u00f1anza de contenidos actuales, a partir de art\u00edculos de referentes acad\u00e9micos y sociales; experiencias escolares y propuestas pedag\u00f3gico-did\u00e1cticas. A partir de articular perspectivas did\u00e1cticas y experiencias docentes, acercamos orientaciones, propuestas, ideas, escenas y\/o ejemplos que procuran enriquecer las pr\u00e1cticas de ense\u00f1anza. [&hellip;]\" \/>\n<meta property=\"og:url\" content=\"https:\/\/uepc.org.ar\/conectate\/publicaciones\/\" \/>\n<meta property=\"og:site_name\" content=\"conectate ICIEC-UEPC\" \/>\n<meta property=\"article:publisher\" content=\"https:\/\/www.facebook.com\/conectate.uepc\" \/>\n<meta property=\"article:modified_time\" content=\"2026-04-04T00:15:45+00:00\" \/>\n<meta name=\"twitter:card\" content=\"summary_large_image\" \/>\n<meta name=\"twitter:site\" content=\"@ConectateUEPC\" \/>\n<meta name=\"twitter:label1\" content=\"Tiempo de lectura\" \/>\n\t<meta name=\"twitter:data1\" content=\"4 minutos\" \/>\n<script type=\"application\/ld+json\" class=\"yoast-schema-graph\">{\"@context\":\"https:\/\/schema.org\",\"@graph\":[{\"@type\":\"WebPage\",\"@id\":\"https:\/\/uepc.org.ar\/conectate\/publicaciones\/\",\"url\":\"https:\/\/uepc.org.ar\/conectate\/publicaciones\/\",\"name\":\"Publicaciones - conectate ICIEC-UEPC\",\"isPartOf\":{\"@id\":\"https:\/\/uepc.org.ar\/conectate\/#website\"},\"primaryImageOfPage\":{\"@id\":\"https:\/\/uepc.org.ar\/conectate\/publicaciones\/#primaryimage\"},\"image\":{\"@id\":\"https:\/\/uepc.org.ar\/conectate\/publicaciones\/#primaryimage\"},\"thumbnailUrl\":\"https:\/\/uepc.org.ar\/conectate\/wp-content\/uploads\/2019\/08\/la-escuelaconstruye.svg\",\"datePublished\":\"2015-05-05T16:45:09+00:00\",\"dateModified\":\"2026-04-04T00:15:45+00:00\",\"breadcrumb\":{\"@id\":\"https:\/\/uepc.org.ar\/conectate\/publicaciones\/#breadcrumb\"},\"inLanguage\":\"es\",\"potentialAction\":[{\"@type\":\"ReadAction\",\"target\":[\"https:\/\/uepc.org.ar\/conectate\/publicaciones\/\"]}]},{\"@type\":\"ImageObject\",\"inLanguage\":\"es\",\"@id\":\"https:\/\/uepc.org.ar\/conectate\/publicaciones\/#primaryimage\",\"url\":\"https:\/\/uepc.org.ar\/conectate\/wp-content\/uploads\/2019\/08\/la-escuelaconstruye.svg\",\"contentUrl\":\"https:\/\/uepc.org.ar\/conectate\/wp-content\/uploads\/2019\/08\/la-escuelaconstruye.svg\",\"width\":211,\"height\":87},{\"@type\":\"BreadcrumbList\",\"@id\":\"https:\/\/uepc.org.ar\/conectate\/publicaciones\/#breadcrumb\",\"itemListElement\":[{\"@type\":\"ListItem\",\"position\":1,\"name\":\"Home\",\"item\":\"https:\/\/uepc.org.ar\/conectate\/\"},{\"@type\":\"ListItem\",\"position\":2,\"name\":\"Publicaciones\"}]},{\"@type\":\"WebSite\",\"@id\":\"https:\/\/uepc.org.ar\/conectate\/#website\",\"url\":\"https:\/\/uepc.org.ar\/conectate\/\",\"name\":\"conectate ICIEC-UEPC\",\"description\":\"conectate a la pasi\u00f3n de educar\",\"publisher\":{\"@id\":\"https:\/\/uepc.org.ar\/conectate\/#organization\"},\"potentialAction\":[{\"@type\":\"SearchAction\",\"target\":{\"@type\":\"EntryPoint\",\"urlTemplate\":\"https:\/\/uepc.org.ar\/conectate\/?s={search_term_string}\"},\"query-input\":{\"@type\":\"PropertyValueSpecification\",\"valueRequired\":true,\"valueName\":\"search_term_string\"}}],\"inLanguage\":\"es\"},{\"@type\":\"Organization\",\"@id\":\"https:\/\/uepc.org.ar\/conectate\/#organization\",\"name\":\"conectate UEPC\",\"url\":\"https:\/\/uepc.org.ar\/conectate\/\",\"logo\":{\"@type\":\"ImageObject\",\"inLanguage\":\"es\",\"@id\":\"https:\/\/uepc.org.ar\/conectate\/#\/schema\/logo\/image\/\",\"url\":\"http:\/\/uepc.org.ar\/conectate\/wp-content\/uploads\/2019\/08\/lg-iciecx2.png\",\"contentUrl\":\"http:\/\/uepc.org.ar\/conectate\/wp-content\/uploads\/2019\/08\/lg-iciecx2.png\",\"width\":600,\"height\":266,\"caption\":\"conectate UEPC\"},\"image\":{\"@id\":\"https:\/\/uepc.org.ar\/conectate\/#\/schema\/logo\/image\/\"},\"sameAs\":[\"https:\/\/www.facebook.com\/conectate.uepc\",\"https:\/\/x.com\/ConectateUEPC\",\"https:\/\/www.instagram.com\/conectateuepc\/\",\"https:\/\/www.youtube.com\/channel\/UC_gvxulloCni4YDXzFRZ_qQ\"]}]}<\/script>\n<!-- \/ Yoast SEO plugin. -->","yoast_head_json":{"title":"Publicaciones - conectate ICIEC-UEPC","robots":{"index":"index","follow":"follow","max-snippet":"max-snippet:-1","max-image-preview":"max-image-preview:large","max-video-preview":"max-video-preview:-1"},"canonical":"https:\/\/uepc.org.ar\/conectate\/publicaciones\/","og_locale":"es_ES","og_type":"article","og_title":"Publicaciones - conectate ICIEC-UEPC","og_description":"Experiencias y propuestas que recuperan aprendizajes construidos en escuelas p\u00fablicas de C\u00f3rdoba. Aborda la ense\u00f1anza de contenidos actuales, a partir de art\u00edculos de referentes acad\u00e9micos y sociales; experiencias escolares y propuestas pedag\u00f3gico-did\u00e1cticas. A partir de articular perspectivas did\u00e1cticas y experiencias docentes, acercamos orientaciones, propuestas, ideas, escenas y\/o ejemplos que procuran enriquecer las pr\u00e1cticas de ense\u00f1anza. [&hellip;]","og_url":"https:\/\/uepc.org.ar\/conectate\/publicaciones\/","og_site_name":"conectate ICIEC-UEPC","article_publisher":"https:\/\/www.facebook.com\/conectate.uepc","article_modified_time":"2026-04-04T00:15:45+00:00","twitter_card":"summary_large_image","twitter_site":"@ConectateUEPC","twitter_misc":{"Tiempo de lectura":"4 minutos"},"schema":{"@context":"https:\/\/schema.org","@graph":[{"@type":"WebPage","@id":"https:\/\/uepc.org.ar\/conectate\/publicaciones\/","url":"https:\/\/uepc.org.ar\/conectate\/publicaciones\/","name":"Publicaciones - conectate ICIEC-UEPC","isPartOf":{"@id":"https:\/\/uepc.org.ar\/conectate\/#website"},"primaryImageOfPage":{"@id":"https:\/\/uepc.org.ar\/conectate\/publicaciones\/#primaryimage"},"image":{"@id":"https:\/\/uepc.org.ar\/conectate\/publicaciones\/#primaryimage"},"thumbnailUrl":"https:\/\/uepc.org.ar\/conectate\/wp-content\/uploads\/2019\/08\/la-escuelaconstruye.svg","datePublished":"2015-05-05T16:45:09+00:00","dateModified":"2026-04-04T00:15:45+00:00","breadcrumb":{"@id":"https:\/\/uepc.org.ar\/conectate\/publicaciones\/#breadcrumb"},"inLanguage":"es","potentialAction":[{"@type":"ReadAction","target":["https:\/\/uepc.org.ar\/conectate\/publicaciones\/"]}]},{"@type":"ImageObject","inLanguage":"es","@id":"https:\/\/uepc.org.ar\/conectate\/publicaciones\/#primaryimage","url":"https:\/\/uepc.org.ar\/conectate\/wp-content\/uploads\/2019\/08\/la-escuelaconstruye.svg","contentUrl":"https:\/\/uepc.org.ar\/conectate\/wp-content\/uploads\/2019\/08\/la-escuelaconstruye.svg","width":211,"height":87},{"@type":"BreadcrumbList","@id":"https:\/\/uepc.org.ar\/conectate\/publicaciones\/#breadcrumb","itemListElement":[{"@type":"ListItem","position":1,"name":"Home","item":"https:\/\/uepc.org.ar\/conectate\/"},{"@type":"ListItem","position":2,"name":"Publicaciones"}]},{"@type":"WebSite","@id":"https:\/\/uepc.org.ar\/conectate\/#website","url":"https:\/\/uepc.org.ar\/conectate\/","name":"conectate ICIEC-UEPC","description":"conectate a la pasi\u00f3n de educar","publisher":{"@id":"https:\/\/uepc.org.ar\/conectate\/#organization"},"potentialAction":[{"@type":"SearchAction","target":{"@type":"EntryPoint","urlTemplate":"https:\/\/uepc.org.ar\/conectate\/?s={search_term_string}"},"query-input":{"@type":"PropertyValueSpecification","valueRequired":true,"valueName":"search_term_string"}}],"inLanguage":"es"},{"@type":"Organization","@id":"https:\/\/uepc.org.ar\/conectate\/#organization","name":"conectate UEPC","url":"https:\/\/uepc.org.ar\/conectate\/","logo":{"@type":"ImageObject","inLanguage":"es","@id":"https:\/\/uepc.org.ar\/conectate\/#\/schema\/logo\/image\/","url":"http:\/\/uepc.org.ar\/conectate\/wp-content\/uploads\/2019\/08\/lg-iciecx2.png","contentUrl":"http:\/\/uepc.org.ar\/conectate\/wp-content\/uploads\/2019\/08\/lg-iciecx2.png","width":600,"height":266,"caption":"conectate UEPC"},"image":{"@id":"https:\/\/uepc.org.ar\/conectate\/#\/schema\/logo\/image\/"},"sameAs":["https:\/\/www.facebook.com\/conectate.uepc","https:\/\/x.com\/ConectateUEPC","https:\/\/www.instagram.com\/conectateuepc\/","https:\/\/www.youtube.com\/channel\/UC_gvxulloCni4YDXzFRZ_qQ"]}]}},"uagb_featured_image_src":{"full":false,"thumbnail":false,"medium":false,"medium_large":false,"large":false,"1536x1536":false,"2048x2048":false,"post-thumbnail":false,"destacada":false,"eris-archive-image":false,"eris-archive-image-portrait":false,"eris-search-image":false},"uagb_author_info":{"display_name":"Conectate","author_link":"https:\/\/uepc.org.ar\/conectate\/author\/conectate\/"},"uagb_comment_info":0,"uagb_excerpt":"Experiencias y propuestas que recuperan aprendizajes construidos en escuelas p\u00fablicas de C\u00f3rdoba. Aborda la ense\u00f1anza de contenidos actuales, a partir de art\u00edculos de referentes acad\u00e9micos y sociales; experiencias escolares y propuestas pedag\u00f3gico-did\u00e1cticas. A partir de articular perspectivas did\u00e1cticas y experiencias docentes, acercamos orientaciones, propuestas, ideas, escenas y\/o ejemplos que procuran enriquecer las pr\u00e1cticas de ense\u00f1anza.&hellip;","_links":{"self":[{"href":"https:\/\/uepc.org.ar\/conectate\/wp-json\/wp\/v2\/pages\/8749","targetHints":{"allow":["GET"]}}],"collection":[{"href":"https:\/\/uepc.org.ar\/conectate\/wp-json\/wp\/v2\/pages"}],"about":[{"href":"https:\/\/uepc.org.ar\/conectate\/wp-json\/wp\/v2\/types\/page"}],"author":[{"embeddable":true,"href":"https:\/\/uepc.org.ar\/conectate\/wp-json\/wp\/v2\/users\/17"}],"replies":[{"embeddable":true,"href":"https:\/\/uepc.org.ar\/conectate\/wp-json\/wp\/v2\/comments?post=8749"}],"version-history":[{"count":24,"href":"https:\/\/uepc.org.ar\/conectate\/wp-json\/wp\/v2\/pages\/8749\/revisions"}],"predecessor-version":[{"id":32098,"href":"https:\/\/uepc.org.ar\/conectate\/wp-json\/wp\/v2\/pages\/8749\/revisions\/32098"}],"wp:attachment":[{"href":"https:\/\/uepc.org.ar\/conectate\/wp-json\/wp\/v2\/media?parent=8749"}],"curies":[{"name":"wp","href":"https:\/\/api.w.org\/{rel}","templated":true}]}}